
{"id":24200,"date":"2011-04-01T02:56:18","date_gmt":"2011-04-01T02:56:18","guid":{"rendered":"https:\/\/patientbloodmanagement.org\/recursos-de-gestao-do-sangue-dos-doentes\/directrizes-de-gestao-do-sangue-dos-doentes\/"},"modified":"2024-06-06T13:36:52","modified_gmt":"2024-06-06T13:36:52","slug":"directrizes-de-gestao-do-sangue-dos-doentes","status":"publish","type":"page","link":"https:\/\/patientbloodmanagement.org\/pt-pt\/recursos-de-gestao-do-sangue-dos-doentes\/directrizes-de-gestao-do-sangue-dos-doentes\/","title":{"rendered":"Directrizes de gest\u00e3o do sangue dos doentes"},"content":{"rendered":"\n<h1 class=\"wp-block-heading\">Directrizes de gest\u00e3o do sangue dos doentes<\/h1>\n\n<h2 class=\"wp-block-heading\">A Autoridade Nacional do Sangue da Austr\u00e1lia desenvolveu um conjunto abrangente e baseado em provas de Directrizes de Gest\u00e3o do Sangue do Doente.<\/h2>\n\n<p>Para ver em linha, clique nas imagens abaixo.<\/p>\n\n<div class=\"wp-block-columns is-layout-flex wp-container-core-columns-is-layout-9d6595d7 wp-block-columns-is-layout-flex\">\n<div class=\"wp-block-column is-layout-flow wp-block-column-is-layout-flow\" style=\"flex-basis:100%\">\n<figure class=\"wp-block-table is-style-stripes has-small-font-size\"><table class=\"has-fixed-layout\"><tbody><tr><td class=\"has-text-align-center\" data-align=\"center\"> <a href=\"http:\/\/www.blood.gov.au\/pbm-module-1\" target=\"_blank\" rel=\"noopener noreferrer\"><img decoding=\"async\" src=\"https:\/\/patientbloodmanagement.org\/wp-content\/uploads\/2023\/05\/nba_mod1_125x179.jpg\" alt=\"M&#xF3;dulo 1 Directrizes para a gest&#xE3;o do sangue dos doentes\"\/><\/a><\/td><td class=\"has-text-align-left\" data-align=\"left\">\n<p>A primeira de uma s\u00e9rie de seis directrizes baseadas em provas foi aprovada pelo National Health and Medical Research Council (NHMRC) em 12 de novembro de 2010 e publicada em 1 de mar\u00e7o de 2011.<\/p>\n<\/td><\/tr><tr><td class=\"has-text-align-center\" data-align=\"center\"> <a href=\"http:\/\/www.blood.gov.au\/pbm-module-2\" target=\"_blank\" rel=\"noopener noreferrer\"><img decoding=\"async\" style=\"text-align: center;line-height: 1.5\" src=\"https:\/\/patientbloodmanagement.org\/wp-content\/uploads\/2023\/05\/nba_mod2_125x178.jpg\" alt=\"M&#xF3;dulo 2 Directrizes para a gest&#xE3;o do sangue dos doentes\"\/><\/a><\/td><td class=\"has-text-align-left\" data-align=\"left\">\n<p>A segunda de uma s\u00e9rie de seis directrizes baseadas em provas foi aprovada pelo National Health and Medical Research Council (NHMRC) em 15 de novembro de 2011 e publicada em 9 de mar\u00e7o de 2012.  <\/p>\n<\/td><\/tr><tr><td class=\"has-text-align-center\" data-align=\"center\"> <a href=\"http:\/\/www.blood.gov.au\/pbm-module-3\" target=\"_blank\" rel=\"noopener noreferrer\"><img decoding=\"async\" style=\"text-align: center;line-height: 1.5\" src=\"https:\/\/patientbloodmanagement.org\/wp-content\/uploads\/2023\/05\/nba_mod3_125x178.jpg\" alt=\"M&#xF3;dulo 3\"\/><\/a><\/td><td class=\"has-text-align-left\" data-align=\"left\">\n<p>A terceira de uma s\u00e9rie de seis directrizes baseadas em provas foi aprovada pelo Conselho Nacional de Sa\u00fade e Investiga\u00e7\u00e3o M\u00e9dica (NHMRC) em 18 de julho de 2012 e publicada em 19 de setembro de 2012.  <\/p>\n<\/td><\/tr><tr><td class=\"has-text-align-center\" data-align=\"center\"> <a href=\"http:\/\/www.blood.gov.au\/pbm-module-4\" target=\"_blank\" rel=\"noopener noreferrer\"><img decoding=\"async\" style=\"text-align: center;line-height: 1.5\" src=\"https:\/\/patientbloodmanagement.org\/wp-content\/uploads\/2023\/05\/nba_mod4_125x178.jpg\" alt=\"M&#xF3;dulo 4\"\/><\/a><\/td><td class=\"has-text-align-left\" data-align=\"left\">\n<p>A quarta de uma s\u00e9rie de seis directrizes baseadas em provas foi aprovada pelo National Health and Medical Research Council (NHMRC) em 14 de dezembro de 2012 e publicada em 5 de abril de 2013. <\/p>\n<\/td><\/tr><tr><td class=\"has-text-align-center\" data-align=\"center\"><a href=\"http:\/\/www.blood.gov.au\/pbm-module-5\" target=\"_blank\" rel=\"noopener noreferrer\"><img decoding=\"async\" src=\"https:\/\/patientbloodmanagement.org\/wp-content\/uploads\/2023\/05\/nba_mod5_125x178.jpg\" alt=\"NBA M&#xF3;dulo 5\"\/><\/a><\/td><td class=\"has-text-align-left\" data-align=\"left\">\n<p>O quinto de uma s\u00e9rie de seis directrizes baseadas em provas, o m\u00f3dulo de Obstetr\u00edcia e Maternidade foi aprovado pelo Conselho Nacional de Sa\u00fade e Investiga\u00e7\u00e3o M\u00e9dica (NHMRC) em 22 de dezembro de 2014 e publicado em 23 de mar\u00e7o de 2015.<\/p>\n<\/td><\/tr><tr><td class=\"has-text-align-center\" data-align=\"center\"><a style=\"font-family: Verdana, Arial, Helvetica, sans-serif;font-size: 11px;line-height: normal;text-align: center\" href=\"https:\/\/www.blood.gov.au\/pbm-module-6\" target=\"_blank\" rel=\"noopener noreferrer\"><img decoding=\"async\" src=\"https:\/\/patientbloodmanagement.org\/wp-content\/uploads\/2023\/05\/nba_mod6_125x178.jpg\" alt=\"M&#xF3;dulo 6 - Neonatologia e Pediatria\"\/><\/a><\/td><td class=\"has-text-align-left\" data-align=\"left\"><span style=\"font-family: Verdana, Arial, Helvetica, sans-serif;font-size: 11px;line-height: normal\">A \u00faltima de uma s\u00e9rie de seis directrizes baseadas em provas, a recomenda\u00e7\u00e3o do m\u00f3dulo Neonatal e Pedi\u00e1trico foi aprovada pelo Conselho Nacional de Sa\u00fade e Investiga\u00e7\u00e3o M\u00e9dica (NHMRC) em 21 de mar\u00e7o de 2016. O m\u00f3dulo foi lan\u00e7ado em 29 de abril de 2016.<\/span><\/td><\/tr><\/tbody><\/table><\/figure>\n<\/div>\n<\/div>\n","protected":false},"excerpt":{"rendered":"<p>Directrizes de gest\u00e3o do sangue dos doentes A Autoridade Nacional do Sangue da Austr\u00e1lia desenvolveu um conjunto abrangente e baseado em provas de Directrizes de Gest\u00e3o do Sangue do Doente. Para ver em linha, clique nas imagens abaixo. A primeira de uma s\u00e9rie de seis directrizes baseadas em provas foi aprovada pelo National Health and <a href=\"https:\/\/patientbloodmanagement.org\/pt-pt\/recursos-de-gestao-do-sangue-dos-doentes\/directrizes-de-gestao-do-sangue-dos-doentes\/\">[&#8230;]<\/a><\/p>\n","protected":false},"author":1,"featured_media":0,"parent":21080,"menu_order":0,"comment_status":"closed","ping_status":"closed","template":"","meta":{"footnotes":""},"class_list":["post-24200","page","type-page","status-publish","hentry"],"acf":[],"_links":{"self":[{"href":"https:\/\/patientbloodmanagement.org\/pt-pt\/wp-json\/wp\/v2\/pages\/24200","targetHints":{"allow":["GET"]}}],"collection":[{"href":"https:\/\/patientbloodmanagement.org\/pt-pt\/wp-json\/wp\/v2\/pages"}],"about":[{"href":"https:\/\/patientbloodmanagement.org\/pt-pt\/wp-json\/wp\/v2\/types\/page"}],"author":[{"embeddable":true,"href":"https:\/\/patientbloodmanagement.org\/pt-pt\/wp-json\/wp\/v2\/users\/1"}],"replies":[{"embeddable":true,"href":"https:\/\/patientbloodmanagement.org\/pt-pt\/wp-json\/wp\/v2\/comments?post=24200"}],"version-history":[{"count":1,"href":"https:\/\/patientbloodmanagement.org\/pt-pt\/wp-json\/wp\/v2\/pages\/24200\/revisions"}],"predecessor-version":[{"id":24203,"href":"https:\/\/patientbloodmanagement.org\/pt-pt\/wp-json\/wp\/v2\/pages\/24200\/revisions\/24203"}],"up":[{"embeddable":true,"href":"https:\/\/patientbloodmanagement.org\/pt-pt\/wp-json\/wp\/v2\/pages\/21080"}],"wp:attachment":[{"href":"https:\/\/patientbloodmanagement.org\/pt-pt\/wp-json\/wp\/v2\/media?parent=24200"}],"curies":[{"name":"wp","href":"https:\/\/api.w.org\/{rel}","templated":true}]}}