
{"id":21080,"date":"2013-06-12T03:31:56","date_gmt":"2013-06-12T03:31:56","guid":{"rendered":"https:\/\/patientbloodmanagement.org\/recursos-de-gestao-do-sangue-dos-doentes\/"},"modified":"2024-06-05T16:02:04","modified_gmt":"2024-06-05T16:02:04","slug":"recursos-de-gestao-do-sangue-dos-doentes","status":"publish","type":"page","link":"https:\/\/patientbloodmanagement.org\/pt-pt\/recursos-de-gestao-do-sangue-dos-doentes\/","title":{"rendered":"Recursos de gest\u00e3o do sangue dos doentes"},"content":{"rendered":"\n<h4 class=\"wp-block-heading\"><img decoding=\"async\" src=\"https:\/\/patientbloodmanagement.org\/wp-content\/uploads\/2023\/05\/resource_library_960x400.jpg\" alt=\"Recursos de gest&#xE3;o do sangue dos doentes\" style=\"color: #000000;font-size: 12px;line-height: 1.5\"\/><\/h4>\n\n<h2 class=\"wp-block-heading has-black-color has-text-color\"><span style=\"line-height: 1.3em\"><br\/>A Funda\u00e7\u00e3o Internacional para a Gest\u00e3o do Sangue dos Doentes est\u00e1 na vanguarda do crescente conjunto de conhecimentos e investiga\u00e7\u00e3o sobre a Gest\u00e3o do Sangue dos Doentes.<\/span><\/h2>\n\n<p>O <a href=\"\/images\/ifpbm_circle.jpg\" target=\"_blank\" rel=\"noopener noreferrer\" class=\"jcepopup noicon\" style=\"line-height: 1.5\" data-mediabox=\"width[500];height[500];title[The IFPBM Charter]\">objetivo<\/a> da Funda\u00e7\u00e3o \u00e9 gerar, reunir, transferir e ajudar na implementa\u00e7\u00e3o de recursos e conhecimentos de gest\u00e3o do sangue dos doentes. Al\u00e9m disso, a Funda\u00e7\u00e3o gere o acesso a profissionais de topo a n\u00edvel mundial no dom\u00ednio da gest\u00e3o do sangue dos doentes para confer\u00eancias, consultas e colabora\u00e7\u00e3o. O IFPBM est\u00e1 constantemente a atualizar os nossos recursos de gest\u00e3o do sangue dos doentes.<\/p>\n\n<h2 class=\"wp-block-heading\">Para ter acesso aos Recursos do Conte\u00fado Premium do IFPBM, fa\u00e7a a sua assinatura <a href=\"index.php?option=com_osmembership&amp;view=plan&amp;id=1&amp;Itemid=1684\">aqui<\/a>.<\/h2>\n\n<h2 class=\"wp-block-heading has-teal-color has-text-color\">Os nossos recursos de gest\u00e3o do sangue dos doentes<\/h2>\n\n<h2 class=\"wp-block-heading\">Biblioteca de v\u00eddeos<\/h2>\n\n<p>A Funda\u00e7\u00e3o produziu uma s\u00e9rie de <a href=\"\/knowledge\/videos\" target=\"_blank\" rel=\"noopener noreferrer\">v\u00eddeos<\/a> did\u00e1cticos, ou &#8220;m\u00f3dulos&#8221;, para o ajudar a compreender rapidamente a gest\u00e3o do sangue dos doentes.<\/p>\n\n<p><strong>Porqu\u00ea mudar o paradigma da transfus\u00e3o para a gest\u00e3o do sangue dos doentes?<\/strong>  Este m\u00f3dulo identifica 5 factores chave para a mudan\u00e7a, analisa alguma da literatura chave sobre o tema e introduz o conceito dos Tr\u00eas Pilares da Gest\u00e3o do Sangue do Doente. Apresentado pelas maiores autoridades m\u00e9dicas, cient\u00edficas e econ\u00f3micas do mundo em mat\u00e9ria de gest\u00e3o do sangue dos doentes, \u00e9 um visionamento convincente. A dura\u00e7\u00e3o total \u00e9 de 33 minutos.<\/p>\n\n<p><strong>The Three Pillars of Patient Blood Management (Os tr\u00eas pilares da gest\u00e3o do sangue dos doentes<\/strong> ) analisa os princ\u00edpios b\u00e1sicos subjacentes a este conceito e apresenta provas de que a gest\u00e3o do sangue dos doentes produz melhores resultados para os doentes. Apresentado num formato de document\u00e1rio de 30 minutos, os comentadores incluem o famoso pioneiro do transplante card\u00edaco Dr. Denton Cooley, o Prof. Aryeh Shander do Hospital Englewood de Nova Iorque e o aclamado cirurgi\u00e3o card\u00edaco Dr. Manuel Estioko. O v\u00eddeo tamb\u00e9m aborda o primeiro programa australiano de gest\u00e3o do sangue de doentes, criado em Perth, na Austr\u00e1lia Ocidental.<\/p>\n\n<p>Outros m\u00f3dulos de ensino, como &#8220;O papel do perfusionista na gest\u00e3o do sangue do doente&#8221;, centram-se em \u00e1reas espec\u00edficas da gest\u00e3o do sangue do doente.<\/p>\n\n<h2 class=\"wp-block-heading\">Base de dados de artigos<\/h2>\n\n<p>Os recursos e conhecimentos sobre a gest\u00e3o do sangue dos doentes continuam a aumentar. \u00c9 por isso que a International Foundation for Patient Blood Management mant\u00e9m e actualiza constantemente uma<a href=\"\/knowledge\/articles\" target=\"_blank\" rel=\"noopener noreferrer\"> base de dados de artigos<\/a> pesquis\u00e1veis para forma\u00e7\u00e3o cont\u00ednua e investiga\u00e7\u00e3o. Organizada em mais de 60 categorias ou subcategorias, a base de dados permite que os profissionais de sa\u00fade leiam artigos relevantes e revistos por pares sobre a gest\u00e3o do sangue dos doentes com apenas alguns cliques.<\/p>\n\n<h2 class=\"wp-block-heading\">Outros recursos<\/h2>\n\n<p>Outros Recursos de Gest\u00e3o do Sangue do Doente para Profissionais de Sa\u00fade incluem Directrizes de Gest\u00e3o do Sangue do Doente e outras ferramentas &#8211; todas revistas quanto \u00e0 exatid\u00e3o e relev\u00e2ncia pelos Associados Cient\u00edficos do IFPBM.<\/p>\n\n<h2 class=\"wp-block-heading\">Gabinete de Oradores<\/h2>\n\n<p>Eleve a aprendizagem da Gest\u00e3o do sangue dos doentes a um novo n\u00edvel, contratando oradores qualificados e experientes para apresentarem e realizarem workshops sobre Gest\u00e3o do sangue dos doentes na sua institui\u00e7\u00e3o. Ligue-se ao orador da sua escolha diretamente atrav\u00e9s deste s\u00edtio Web no <a href=\"\/network\/speakers-bureau\" target=\"_blank\" rel=\"noopener noreferrer\">Servi\u00e7o de Oradores<\/a>.<\/p>\n","protected":false},"excerpt":{"rendered":"<p>A Funda\u00e7\u00e3o Internacional para a Gest\u00e3o do Sangue dos Doentes est\u00e1 na vanguarda do crescente conjunto de conhecimentos e investiga\u00e7\u00e3o sobre a Gest\u00e3o do Sangue dos Doentes. O objetivo da Funda\u00e7\u00e3o \u00e9 gerar, reunir, transferir e ajudar na implementa\u00e7\u00e3o de recursos e conhecimentos de gest\u00e3o do sangue dos doentes. Al\u00e9m disso, a Funda\u00e7\u00e3o gere o <a href=\"https:\/\/patientbloodmanagement.org\/pt-pt\/recursos-de-gestao-do-sangue-dos-doentes\/\">[&#8230;]<\/a><\/p>\n","protected":false},"author":1,"featured_media":0,"parent":0,"menu_order":0,"comment_status":"closed","ping_status":"closed","template":"","meta":{"footnotes":""},"class_list":["post-21080","page","type-page","status-publish","hentry"],"acf":[],"_links":{"self":[{"href":"https:\/\/patientbloodmanagement.org\/pt-pt\/wp-json\/wp\/v2\/pages\/21080","targetHints":{"allow":["GET"]}}],"collection":[{"href":"https:\/\/patientbloodmanagement.org\/pt-pt\/wp-json\/wp\/v2\/pages"}],"about":[{"href":"https:\/\/patientbloodmanagement.org\/pt-pt\/wp-json\/wp\/v2\/types\/page"}],"author":[{"embeddable":true,"href":"https:\/\/patientbloodmanagement.org\/pt-pt\/wp-json\/wp\/v2\/users\/1"}],"replies":[{"embeddable":true,"href":"https:\/\/patientbloodmanagement.org\/pt-pt\/wp-json\/wp\/v2\/comments?post=21080"}],"version-history":[{"count":1,"href":"https:\/\/patientbloodmanagement.org\/pt-pt\/wp-json\/wp\/v2\/pages\/21080\/revisions"}],"predecessor-version":[{"id":21085,"href":"https:\/\/patientbloodmanagement.org\/pt-pt\/wp-json\/wp\/v2\/pages\/21080\/revisions\/21085"}],"wp:attachment":[{"href":"https:\/\/patientbloodmanagement.org\/pt-pt\/wp-json\/wp\/v2\/media?parent=21080"}],"curies":[{"name":"wp","href":"https:\/\/api.w.org\/{rel}","templated":true}]}}