
{"id":19819,"date":"2014-06-29T09:16:39","date_gmt":"2014-06-29T09:16:39","guid":{"rendered":"https:\/\/patientbloodmanagement.org\/aprenda\/gestao-do-sangue-dos-doentes-para-administradores\/"},"modified":"2024-03-28T07:03:58","modified_gmt":"2024-03-28T07:03:58","slug":"gestao-do-sangue-dos-doentes-para-administradores","status":"publish","type":"page","link":"https:\/\/patientbloodmanagement.org\/pt-pt\/aprenda\/gestao-do-sangue-dos-doentes-para-administradores\/","title":{"rendered":"Gest\u00e3o do sangue dos doentes para administradores"},"content":{"rendered":"\n<h1 class=\"wp-block-heading\">O processo de implementa\u00e7\u00e3o da gest\u00e3o do sangue dos doentes<\/h1>\n\n<figure class=\"wp-block-image aligncenter\"><img decoding=\"async\" src=\"https:\/\/patientbloodmanagement.org\/wp-content\/uploads\/2023\/05\/administrators_960x400.jpg\" alt=\"Gest&#xE3;o do sangue dos doentes para administradores\" title=\"Gest&#xE3;o do sangue dos doentes para administradores\"\/><\/figure>\n\n<div style=\"height:40px\" aria-hidden=\"true\" class=\"wp-block-spacer\"><\/div>\n\n<h2 class=\"wp-block-heading\">A implementa\u00e7\u00e3o de um programa de Gest\u00e3o do Sangue do Doente no seu sistema de sa\u00fade traz muitos benef\u00edcios.<\/h2>\n\n<p><span style=\"color: #000000;font-family: Arial, Helvetica, sans-serif;line-height: 18px\">O <a class=\"jcepopup noicon\" style=\"color: #5691b6\" rel=\"noopener noreferrer\" data-mediabox=\"width[500];height[500];title[IFPBM Charter]\" href=\"\/images\/ifpbm_circle.jpg\" target=\"_blank\">objetivo<\/a> da Funda\u00e7\u00e3o Internacional para a Gest\u00e3o do Sangue dos Doentes \u00e9 fornecer conhecimentos, aconselhamento e apoio \u00e0 Gest\u00e3o do Sangue dos Doentes para ajudar os governos, hospitais e outras institui\u00e7\u00f5es a implementar um programa de Gest\u00e3o do Sangue dos Doentes.<\/span> <\/p>\n\n<h2 class=\"wp-block-heading\"><span lang=\"EN-AU\">Porque \u00e9 que os principais hospitais se est\u00e3o a comprometer com a Gest\u00e3o do Sangue dos Doentes?<\/span><\/h2>\n\n<p><span lang=\"EN-AU\" style=\"color: black\">A gest\u00e3o do sangue dos doentes significa uma melhoria da qualidade e da seguran\u00e7a, poupando milh\u00f5es de d\u00f3lares.  <\/span>A literatura cient\u00edfica* demonstra que as estrat\u00e9gias de gest\u00e3o do sangue dos doentes t\u00eam impacto nos principais resultados hospitalares, incluindo<\/p>\n\n<ul class=\"wp-block-list\">\n<li><span lang=\"EN-AU\">Mortalidade<\/span><\/li>\n\n\n\n<li><span lang=\"EN-AU\">Complica\u00e7\u00f5es adquiridas no hospital<\/span><\/li>\n\n\n\n<li><span lang=\"EN-AU\">Dura\u00e7\u00e3o m\u00e9dia da estadia<\/span><\/li>\n\n\n\n<li><span lang=\"EN-AU\">Readmiss\u00f5es<\/span><\/li>\n\n\n\n<li><span lang=\"EN-AU\">Custos hospitalares<\/span><\/li>\n<\/ul>\n\n<h2 class=\"wp-block-heading\"><span lang=\"EN-AU\">Por onde come\u00e7ar?<\/span> <span lang=\"EN-AU\">Estabele\u00e7a a sua linha de base<\/span><\/h2>\n\n<ul class=\"wp-block-list\">\n<li><span lang=\"EN-AU\">Quantas transfus\u00f5es do hospital n\u00e3o est\u00e3o em conformidade com as directrizes actuais?<\/span><\/li>\n\n\n\n<li><span lang=\"EN-AU\">Qual \u00e9 o intervalo de varia\u00e7\u00e3o na pr\u00e1tica transfusional dos m\u00e9dicos?<\/span><\/li>\n\n\n\n<li><span lang=\"EN-AU\">Quantos doentes n\u00e3o t\u00eam a sua anemia identificada e gerida de forma a minimizar os riscos e custos associados \u00e0 transfus\u00e3o?<\/span><\/li>\n\n\n\n<li>Quantos doentes n\u00e3o t\u00eam os seus riscos de hemorragia avaliados e geridos antes da interven\u00e7\u00e3o (por exemplo, terapia anticoagulante).<\/li>\n<\/ul>\n\n<h2 class=\"wp-block-heading\">O pr\u00f3ximo passo  <\/h2>\n\n<ul class=\"wp-block-list\">\n<li>Ligue a <a href=\"https:\/\/ifpbm.org\/about\/network-with-ifpbm\/\">sua organiza\u00e7\u00e3o<\/a> a profissionais de gest\u00e3o do sangue dos doentes e a profissionais de sa\u00fade atrav\u00e9s do IFPBM.<\/li>\n\n\n\n<li>Utilize ferramentas de ensino, incluindo os <a href=\"https:\/\/patientbloodmanagement.org\/pt-pt\/r\/videos-pt-pt\/\">m\u00f3dulos de ensino de v\u00eddeo<\/a> do IFPBM.  <\/li>\n\n\n\n<li>Liga\u00e7\u00e3o aos <a href=\"https:\/\/patientbloodmanagement.org\/resources\" data-type=\"URL\" data-id=\"https:\/\/patientbloodmanagement.org\/resources\">recursos<\/a> do IFPBM, incluindo uma <a href=\"\/?cat_ID=41\">base de dados de artigos<\/a> pesquis\u00e1veis, algoritmos de gest\u00e3o do sangue dos doentes, orienta\u00e7\u00f5es, procedimentos e protocolos.<\/li>\n\n\n\n<li>Ligue-se a <a href=\"\/speakers\/\">oradores<\/a> qualificados em Gest\u00e3o de Sangue de Doentes para confer\u00eancias ou workshops.<\/li>\n<\/ul>\n\n<p><em><span lang=\"EN-AU\" style=\"font-size: 10.0pt;line-height: 107%\">Refer\u00eancias<br\/>* Goodnough. As pr\u00e1ticas transfusionais restritivas est\u00e3o associadas a melhores resultados para os doentes.<br\/>* Kotze. Efeito de um programa PBM<br\/>* LaPar. A conserva\u00e7\u00e3o do sangue est\u00e1 associada a melhores resultados.<\/span><\/em><\/p>\n","protected":false},"excerpt":{"rendered":"<p>O processo de implementa\u00e7\u00e3o da gest\u00e3o do sangue dos doentes A implementa\u00e7\u00e3o de um programa de Gest\u00e3o do Sangue do Doente no seu sistema de sa\u00fade traz muitos benef\u00edcios. O objetivo da Funda\u00e7\u00e3o Internacional para a Gest\u00e3o do Sangue dos Doentes \u00e9 fornecer conhecimentos, aconselhamento e apoio \u00e0 Gest\u00e3o do Sangue dos Doentes para ajudar <a href=\"https:\/\/patientbloodmanagement.org\/pt-pt\/aprenda\/gestao-do-sangue-dos-doentes-para-administradores\/\">[&#8230;]<\/a><\/p>\n","protected":false},"author":1,"featured_media":0,"parent":19123,"menu_order":0,"comment_status":"closed","ping_status":"closed","template":"","meta":{"footnotes":""},"class_list":["post-19819","page","type-page","status-publish","hentry"],"acf":[],"_links":{"self":[{"href":"https:\/\/patientbloodmanagement.org\/pt-pt\/wp-json\/wp\/v2\/pages\/19819","targetHints":{"allow":["GET"]}}],"collection":[{"href":"https:\/\/patientbloodmanagement.org\/pt-pt\/wp-json\/wp\/v2\/pages"}],"about":[{"href":"https:\/\/patientbloodmanagement.org\/pt-pt\/wp-json\/wp\/v2\/types\/page"}],"author":[{"embeddable":true,"href":"https:\/\/patientbloodmanagement.org\/pt-pt\/wp-json\/wp\/v2\/users\/1"}],"replies":[{"embeddable":true,"href":"https:\/\/patientbloodmanagement.org\/pt-pt\/wp-json\/wp\/v2\/comments?post=19819"}],"version-history":[{"count":1,"href":"https:\/\/patientbloodmanagement.org\/pt-pt\/wp-json\/wp\/v2\/pages\/19819\/revisions"}],"predecessor-version":[{"id":19822,"href":"https:\/\/patientbloodmanagement.org\/pt-pt\/wp-json\/wp\/v2\/pages\/19819\/revisions\/19822"}],"up":[{"embeddable":true,"href":"https:\/\/patientbloodmanagement.org\/pt-pt\/wp-json\/wp\/v2\/pages\/19123"}],"wp:attachment":[{"href":"https:\/\/patientbloodmanagement.org\/pt-pt\/wp-json\/wp\/v2\/media?parent=19819"}],"curies":[{"name":"wp","href":"https:\/\/api.w.org\/{rel}","templated":true}]}}