
{"id":19417,"date":"2015-02-06T03:11:51","date_gmt":"2015-02-06T03:11:51","guid":{"rendered":"https:\/\/patientbloodmanagement.org\/o-que-e-a-gestao-do-sangue-dos-doentes-2\/"},"modified":"2024-03-28T06:37:22","modified_gmt":"2024-03-28T06:37:22","slug":"o-que-e-a-gestao-do-sangue-dos-doentes-2","status":"publish","type":"page","link":"https:\/\/patientbloodmanagement.org\/pt-pt\/o-que-e-a-gestao-do-sangue-dos-doentes-2\/","title":{"rendered":"O que \u00e9 a gest\u00e3o do sangue dos doentes?"},"content":{"rendered":"\n<h3 class=\"wp-block-heading\"><span class=\"\">A Gest\u00e3o do Sangue do Doente \u00e9 uma abordagem centrada no doente, sistem\u00e1tica e baseada em provas para <\/span><span style=\"text-decoration: underline\">\n  <span class=\"\">melhorar os resultados dos doentes <\/span>\n<\/span><span class=\"\">atrav\u00e9s da gest\u00e3o e preserva\u00e7\u00e3o do sangue do pr\u00f3prio doente, ao mesmo tempo que promove a seguran\u00e7a e a capacita\u00e7\u00e3o do doente<\/span><\/h3>\n\n<p class=\"has-text-align-center\">\n<video src=\"https:\/\/ifpbm.org\/images\/videos\/what_is_pbm.mp4\" poster=\"images\/videos\/what_is_pbm_poster2.jpg\" controls=\"controls\" width=\"641\" height=\"360\" style=\"margin-left: auto;margin-right: auto\"><\/video>\n<\/p>\n\n<p class=\"has-text-align-center\">Dura\u00e7\u00e3o: 1:26 <a href=\"\/images\/videos\/what_is_pbm_chinese.mp4\" target=\"_blank\" rel=\"noopener\">\u70b9\u51fb\u64ad\u653e<\/a><\/p>\n\n<p>A literatura identifica tr\u00eas factores de risco independentes para os resultados adversos dos doentes: anemia, hemorragia e transfus\u00e3o de sangue.<\/p>\n\n<h2 class=\"wp-block-heading\"><strong>Estes factores de risco s\u00e3o modific\u00e1veis com a aplica\u00e7\u00e3o dos &#8220;tr\u00eas pilares&#8221; da gest\u00e3o do sangue dos doentes:<\/strong><\/h2>\n\n<ol class=\"wp-block-list\" type=\"1\" start=\"1\">\n<li>Otimizar a eritropoiese (incluindo a massa de gl\u00f3bulos vermelhos e as reservas de ferro)<\/li>\n\n\n\n<li>Minimizar as perdas de sangue (cir\u00fargicas) e as hemorragias (coagulop\u00e1ticas)<\/li>\n\n\n\n<li>Aproveite e optimize a reserva fisiol\u00f3gica da anemia espec\u00edfica do doente enquanto o tratamento \u00e9 iniciado<\/li>\n<\/ol>\n\n<h2 class=\"wp-block-heading\"><strong>Em pacientes cir\u00fargicos e m\u00e9dicos, os tr\u00eas pilares s\u00e3o aplicados em tr\u00eas fases:<\/strong><\/h2>\n\n<ol class=\"wp-block-list\" type=\"1\" start=\"1\">\n<li>Antes do tratamento espec\u00edfico (Pr\u00e9-operat\u00f3rio)<\/li>\n\n\n\n<li>Durante um tratamento espec\u00edfico (Intra-operat\u00f3rio)<\/li>\n\n\n\n<li>Acompanhamento ap\u00f3s um tratamento espec\u00edfico (p\u00f3s-operat\u00f3rio)<\/li>\n<\/ol>\n\n<p>Esta abordagem pode ser representada como uma matriz de nove campos.<\/p>\n\n<figure class=\"wp-block-image\"><a class=\"jcepopup noicon\" href=\"\/images\/3pillars_matrix_1000x562.jpg\" target=\"_blank\" rel=\"noopener\"><img decoding=\"async\" src=\"https:\/\/patientbloodmanagement.org\/wp-content\/uploads\/2023\/05\/3pillars_matrix_600x337.jpg\" alt=\"3 pilares da gest&#xE3;o do sangue dos doentes\" title=\"3 pilares da PBM\"\/><\/a><\/figure>\n\n<h2 class=\"wp-block-heading\">A gest\u00e3o do sangue e do sistema hematopoi\u00e9tico do doente \u00e9 como a gest\u00e3o de qualquer outro \u00f3rg\u00e3o ou sistema de \u00f3rg\u00e3os durante o tratamento do doente.<\/h2>\n\n<p>Os especialistas tratam do cora\u00e7\u00e3o, dos rins, do sistema end\u00f3crino, etc. O sangue do doente requer uma gest\u00e3o cl\u00ednica semelhante.<\/p>\n\n<p>O sistema hemopoi\u00e9tico e os seus produtos circulat\u00f3rios s\u00e3o essenciais para o bom funcionamento do organismo humano.<\/p>\n\n<p>A International Foundation for Patient Blood Management est\u00e1 empenhada em garantir que este recurso humano \u00fanico e vital seja gerido e mantido de forma adequada na sa\u00fade e na doen\u00e7a. Para tal, a Funda\u00e7\u00e3o promove t\u00e9cnicas m\u00e9dicas e cir\u00fargicas cientificamente fundamentadas de gest\u00e3o do sangue do doente, destinadas a conservar o sangue do pr\u00f3prio doente e a minimizar ou evitar a necessidade de transfus\u00e3o de componentes sangu\u00edneos alog\u00e9nicos.<\/p>\n\n<p>A Funda\u00e7\u00e3o reconhece que o sangue alog\u00e9nico doado de forma altru\u00edsta, em confian\u00e7a, \u00e9 um recurso valioso para a comunidade. No entanto, trata-se de um recurso dispendioso com um potencial significativo de resultados cl\u00ednicos adversos. Por conseguinte, s\u00f3 deve ser utilizado como terapia com o consentimento do doente quando houver provas de um potencial benef\u00edcio, n\u00e3o existirem alternativas e os riscos forem adequadamente considerados e equilibrados em rela\u00e7\u00e3o aos benef\u00edcios.<\/p>\n\n<h2 class=\"wp-block-heading\">Neste contexto, a Funda\u00e7\u00e3o, enquanto organiza\u00e7\u00e3o multidisciplinar, est\u00e1 empenhada em alinhar as melhores provas m\u00e9dicas com considera\u00e7\u00f5es \u00e9ticas e econ\u00f3micas que garantam que as terapias relacionadas com a gest\u00e3o do sangue dos doentes s\u00e3o devidamente avaliadas em termos de custo-efic\u00e1cia, sendo respeitadas as escolhas dos doentes e a confian\u00e7a dos dadores de sangue.  <\/h2>\n\n<p>\n<video src=\"https:\/\/ifpbm.org\/images\/videos\/isbister_what_is_pbm.mp4\" poster=\"images\/videos\/isbister_whatispbm_poster.jpg\" controls=\"controls\" width=\"640\" height=\"360\" title=\"O que &#xE9; a gest&#xE3;o do sangue dos doentes?\"><track kind=\"subtitles\" src=\"https:\/\/ifpbm.org\/images\/videos\/isbisterwhatispbm.en.vtt\" srclang=\"en\" label=\"Ingl&#xEA;s\"><track kind=\"subtitles\" src=\"https:\/\/ifpbm.org\/images\/videos\/isbisterwhatispbm.zh.vtt\" srclang=\"zh\" label=\"Chin&#xEA;s (simplificado)\">,,, ,,,, ,, ,,,,,,,Desculpe, o seu navegador n\u00e3o suporta v\u00eddeo HTML5<\/track\/><\/video>\n<\/p>\n\n<p>O Prof. James Isbister explica a gest\u00e3o do sangue dos doentes (1:12, legendas em chin\u00eas)<br\/><em><\/em><\/p>\n","protected":false},"excerpt":{"rendered":"<p>A Gest\u00e3o do Sangue do Doente \u00e9 uma abordagem centrada no doente, sistem\u00e1tica e baseada em provas para melhorar os resultados dos doentes atrav\u00e9s da gest\u00e3o e preserva\u00e7\u00e3o do sangue do pr\u00f3prio doente, ao mesmo tempo que promove a seguran\u00e7a e a capacita\u00e7\u00e3o do doente Dura\u00e7\u00e3o: 1:26 \u70b9\u51fb\u64ad\u653e A literatura identifica tr\u00eas factores de risco <a href=\"https:\/\/patientbloodmanagement.org\/pt-pt\/o-que-e-a-gestao-do-sangue-dos-doentes-2\/\">[&#8230;]<\/a><\/p>\n","protected":false},"author":1,"featured_media":0,"parent":0,"menu_order":0,"comment_status":"closed","ping_status":"closed","template":"","meta":{"footnotes":""},"class_list":["post-19417","page","type-page","status-publish","hentry"],"acf":[],"_links":{"self":[{"href":"https:\/\/patientbloodmanagement.org\/pt-pt\/wp-json\/wp\/v2\/pages\/19417","targetHints":{"allow":["GET"]}}],"collection":[{"href":"https:\/\/patientbloodmanagement.org\/pt-pt\/wp-json\/wp\/v2\/pages"}],"about":[{"href":"https:\/\/patientbloodmanagement.org\/pt-pt\/wp-json\/wp\/v2\/types\/page"}],"author":[{"embeddable":true,"href":"https:\/\/patientbloodmanagement.org\/pt-pt\/wp-json\/wp\/v2\/users\/1"}],"replies":[{"embeddable":true,"href":"https:\/\/patientbloodmanagement.org\/pt-pt\/wp-json\/wp\/v2\/comments?post=19417"}],"version-history":[{"count":1,"href":"https:\/\/patientbloodmanagement.org\/pt-pt\/wp-json\/wp\/v2\/pages\/19417\/revisions"}],"predecessor-version":[{"id":19420,"href":"https:\/\/patientbloodmanagement.org\/pt-pt\/wp-json\/wp\/v2\/pages\/19417\/revisions\/19420"}],"wp:attachment":[{"href":"https:\/\/patientbloodmanagement.org\/pt-pt\/wp-json\/wp\/v2\/media?parent=19417"}],"curies":[{"name":"wp","href":"https:\/\/api.w.org\/{rel}","templated":true}]}}