
{"id":19383,"date":"2015-02-15T23:50:25","date_gmt":"2015-02-15T23:50:25","guid":{"rendered":"https:\/\/patientbloodmanagement.org\/conselhos-aos-doentes\/o-que-o-seu-medico-lhe-deve-dizer\/"},"modified":"2024-03-28T06:34:26","modified_gmt":"2024-03-28T06:34:26","slug":"o-que-o-seu-medico-lhe-deve-dizer","status":"publish","type":"page","link":"https:\/\/patientbloodmanagement.org\/pt-pt\/aprenda\/conselhos-aos-doentes\/o-que-o-seu-medico-lhe-deve-dizer\/","title":{"rendered":"O que o seu m\u00e9dico lhe deve dizer"},"content":{"rendered":"\n<div class=\"wp-block-group sidebar-navigation-layout is-layout-constrained wp-block-group-is-layout-constrained\">\n<div class=\"wp-block-columns are-vertically-aligned-top about is-layout-flex wp-container-core-columns-is-layout-9d6595d7 wp-block-columns-is-layout-flex\">\n<div class=\"wp-block-column is-vertically-aligned-top about-navigation is-content-justification-left is-layout-constrained wp-container-core-column-is-layout-8c890d92 wp-block-column-is-layout-constrained\" style=\"flex-basis:20%\"><nav class=\"is-vertical sidebar-navigation wp-block-navigation is-layout-flex wp-container-core-navigation-is-layout-8cf370e7 wp-block-navigation-is-layout-flex\" aria-label=\"Navega\u00e7\u00e3o na barra lateral\"><ul class=\"wp-block-navigation__container  is-vertical sidebar-navigation wp-block-navigation\"><li data-wp-context=\"{ &quot;submenuOpenedBy&quot;: { &quot;click&quot;: false, &quot;hover&quot;: false, &quot;focus&quot;: false }, &quot;type&quot;: &quot;submenu&quot;, &quot;modal&quot;: null }\" data-wp-interactive=\"core\/navigation\" data-wp-on--focusout=\"actions.handleMenuFocusout\" data-wp-on--keydown=\"actions.handleMenuKeydown\" data-wp-on-async--mouseenter=\"actions.openMenuOnHover\" data-wp-on-async--mouseleave=\"actions.closeMenuOnHover\" data-wp-watch=\"callbacks.initMenu\" tabindex=\"-1\" class=\"wp-block-navigation-item has-child open-on-hover-click sidebar-navigation__learn wp-block-navigation-submenu\"><a class=\"wp-block-navigation-item__content\" href=\"https:\/\/patientbloodmanagement.org\/learn\/\" title=\"Learn about IFPBM\"><span class=\"wp-block-navigation-item__label\">Aprenda<\/span><\/a><button data-wp-bind--aria-expanded=\"state.isMenuOpen\" data-wp-on-async--click=\"actions.toggleMenuOnClick\" aria-label=\"Submenu de Aprenda\" class=\"wp-block-navigation__submenu-icon wp-block-navigation-submenu__toggle\" ><svg xmlns=\"http:\/\/www.w3.org\/2000\/svg\" width=\"12\" height=\"12\" viewBox=\"0 0 12 12\" fill=\"none\" aria-hidden=\"true\" focusable=\"false\"><path d=\"M1.50002 4L6.00002 8L10.5 4\" stroke-width=\"1.5\"><\/path><\/svg><\/button><ul data-wp-on-async--focus=\"actions.openMenuOnFocus\" class=\"wp-block-navigation__submenu-container sidebar-navigation__learn wp-block-navigation-submenu\"><li data-wp-context=\"{ &quot;submenuOpenedBy&quot;: { &quot;click&quot;: false, &quot;hover&quot;: false, &quot;focus&quot;: false }, &quot;type&quot;: &quot;submenu&quot;, &quot;modal&quot;: null }\" data-wp-interactive=\"core\/navigation\" data-wp-on--focusout=\"actions.handleMenuFocusout\" data-wp-on--keydown=\"actions.handleMenuKeydown\" data-wp-on-async--mouseenter=\"actions.openMenuOnHover\" data-wp-on-async--mouseleave=\"actions.closeMenuOnHover\" data-wp-watch=\"callbacks.initMenu\" tabindex=\"-1\" class=\"wp-block-navigation-item has-child open-on-hover-click wp-block-navigation-submenu\"><a class=\"wp-block-navigation-item__content\" href=\"https:\/\/patientbloodmanagement.org\/learn\/what-is-patient-blood-management\/\"><span class=\"wp-block-navigation-item__label\">O que \u00e9 PBM?<\/span><\/a><button data-wp-bind--aria-expanded=\"state.isMenuOpen\" data-wp-on-async--click=\"actions.toggleMenuOnClick\" aria-label=\"Submenu de O que \u00e9 PBM?\" class=\"wp-block-navigation__submenu-icon wp-block-navigation-submenu__toggle\" ><svg xmlns=\"http:\/\/www.w3.org\/2000\/svg\" width=\"12\" height=\"12\" viewBox=\"0 0 12 12\" fill=\"none\" aria-hidden=\"true\" focusable=\"false\"><path d=\"M1.50002 4L6.00002 8L10.5 4\" stroke-width=\"1.5\"><\/path><\/svg><\/button><ul data-wp-on-async--focus=\"actions.openMenuOnFocus\" class=\"wp-block-navigation__submenu-container wp-block-navigation-submenu\"><li class=\" wp-block-navigation-item wp-block-navigation-link\"><a class=\"wp-block-navigation-item__content\"  href=\"https:\/\/patientbloodmanagement.org\/learn\/the-history-of-patient-blood-management\/\"><span class=\"wp-block-navigation-item__label\">Hist\u00f3ria da PBM<\/span><\/a><\/li><\/ul><\/li><li data-wp-context=\"{ &quot;submenuOpenedBy&quot;: { &quot;click&quot;: false, &quot;hover&quot;: false, &quot;focus&quot;: false }, &quot;type&quot;: &quot;submenu&quot;, &quot;modal&quot;: null }\" data-wp-interactive=\"core\/navigation\" data-wp-on--focusout=\"actions.handleMenuFocusout\" data-wp-on--keydown=\"actions.handleMenuKeydown\" data-wp-on-async--mouseenter=\"actions.openMenuOnHover\" data-wp-on-async--mouseleave=\"actions.closeMenuOnHover\" data-wp-watch=\"callbacks.initMenu\" tabindex=\"-1\" class=\"wp-block-navigation-item has-child open-on-hover-click wp-block-navigation-submenu\"><a class=\"wp-block-navigation-item__content\" href=\"https:\/\/patientbloodmanagement.org\/learn\/patient-advice\/\"><span class=\"wp-block-navigation-item__label\">Conselhos aos doentes<\/span><\/a><button data-wp-bind--aria-expanded=\"state.isMenuOpen\" data-wp-on-async--click=\"actions.toggleMenuOnClick\" aria-label=\"Submenu de Conselhos aos doentes\" class=\"wp-block-navigation__submenu-icon wp-block-navigation-submenu__toggle\" ><svg xmlns=\"http:\/\/www.w3.org\/2000\/svg\" width=\"12\" height=\"12\" viewBox=\"0 0 12 12\" fill=\"none\" aria-hidden=\"true\" focusable=\"false\"><path d=\"M1.50002 4L6.00002 8L10.5 4\" stroke-width=\"1.5\"><\/path><\/svg><\/button><ul data-wp-on-async--focus=\"actions.openMenuOnFocus\" class=\"wp-block-navigation__submenu-container wp-block-navigation-submenu\"><li class=\" wp-block-navigation-item wp-block-navigation-link\"><a class=\"wp-block-navigation-item__content\"  href=\"https:\/\/patientbloodmanagement.org\/learn\/patient-advice\/why-your-blood-is-important\/\"><span class=\"wp-block-navigation-item__label\">Import\u00e2ncia do sangue<\/span><\/a><\/li><li class=\" wp-block-navigation-item wp-block-navigation-link\"><a class=\"wp-block-navigation-item__content\"  href=\"https:\/\/patientbloodmanagement.org\/learn\/patient-advice\/what-your-doctor-should-tell-you\/\"><span class=\"wp-block-navigation-item__label\">O que o seu m\u00e9dico lhe deve dizer<\/span><\/a><\/li><li class=\" wp-block-navigation-item wp-block-navigation-link\"><a class=\"wp-block-navigation-item__content\"  href=\"https:\/\/patientbloodmanagement.org\/learn\/patient-advice\/how-to-manage-the-doctor-patient-relationship\/\"><span class=\"wp-block-navigation-item__label\">Rela\u00e7\u00e3o m\u00e9dico\/paciente<\/span><\/a><\/li><li class=\" wp-block-navigation-item wp-block-navigation-link\"><a class=\"wp-block-navigation-item__content\"  href=\"https:\/\/patientbloodmanagement.org\/learn\/patient-advice\/two-simple-questions-to-ask-your-doctor\/\"><span class=\"wp-block-navigation-item__label\">3 perguntas simples para fazer ao seu m\u00e9dico<\/span><\/a><\/li><\/ul><\/li><li data-wp-context=\"{ &quot;submenuOpenedBy&quot;: { &quot;click&quot;: false, &quot;hover&quot;: false, &quot;focus&quot;: false }, &quot;type&quot;: &quot;submenu&quot;, &quot;modal&quot;: null }\" data-wp-interactive=\"core\/navigation\" data-wp-on--focusout=\"actions.handleMenuFocusout\" data-wp-on--keydown=\"actions.handleMenuKeydown\" data-wp-on-async--mouseenter=\"actions.openMenuOnHover\" data-wp-on-async--mouseleave=\"actions.closeMenuOnHover\" data-wp-watch=\"callbacks.initMenu\" tabindex=\"-1\" class=\"wp-block-navigation-item has-child open-on-hover-click wp-block-navigation-submenu\"><a class=\"wp-block-navigation-item__content\" href=\"https:\/\/patientbloodmanagement.org\/learn\/patient-blood-management-for-clinicians\/\"><span class=\"wp-block-navigation-item__label\">PBM &#8211; Profissionais de sa\u00fade<\/span><\/a><button data-wp-bind--aria-expanded=\"state.isMenuOpen\" data-wp-on-async--click=\"actions.toggleMenuOnClick\" aria-label=\"Submenu de PBM - Profissionais de sa\u00fade\" class=\"wp-block-navigation__submenu-icon wp-block-navigation-submenu__toggle\" ><svg xmlns=\"http:\/\/www.w3.org\/2000\/svg\" width=\"12\" height=\"12\" viewBox=\"0 0 12 12\" fill=\"none\" aria-hidden=\"true\" focusable=\"false\"><path d=\"M1.50002 4L6.00002 8L10.5 4\" stroke-width=\"1.5\"><\/path><\/svg><\/button><ul data-wp-on-async--focus=\"actions.openMenuOnFocus\" class=\"wp-block-navigation__submenu-container wp-block-navigation-submenu\"><li class=\" wp-block-navigation-item wp-block-navigation-link\"><a class=\"wp-block-navigation-item__content\"  href=\"https:\/\/patientbloodmanagement.org\/learn\/patient-blood-management-for-clinicians\/patient-blood-management-how-ifpbm-can-support-you\/\"><span class=\"wp-block-navigation-item__label\">Como o IFPBM pode apoi\u00e1-lo<\/span><\/a><\/li><li class=\" wp-block-navigation-item wp-block-navigation-link\"><a class=\"wp-block-navigation-item__content\"  href=\"https:\/\/patientbloodmanagement.org\/learn\/patient-blood-management-for-clinicians\/what-you-should-know-about-pbm\/\"><span class=\"wp-block-navigation-item__label\">Saiba mais sobre o PBM<\/span><\/a><\/li><li class=\" wp-block-navigation-item wp-block-navigation-link\"><a class=\"wp-block-navigation-item__content\"  href=\"https:\/\/ifpbm.org\/about\/contribute-to-ifpbm-research\/\"><span class=\"wp-block-navigation-item__label\">Investiga\u00e7\u00e3o<\/span><\/a><\/li><\/ul><\/li><\/ul><\/li><li data-wp-context=\"{ &quot;submenuOpenedBy&quot;: { &quot;click&quot;: false, &quot;hover&quot;: false, &quot;focus&quot;: false }, &quot;type&quot;: &quot;submenu&quot;, &quot;modal&quot;: null }\" data-wp-interactive=\"core\/navigation\" data-wp-on--focusout=\"actions.handleMenuFocusout\" data-wp-on--keydown=\"actions.handleMenuKeydown\" data-wp-on-async--mouseenter=\"actions.openMenuOnHover\" data-wp-on-async--mouseleave=\"actions.closeMenuOnHover\" data-wp-watch=\"callbacks.initMenu\" tabindex=\"-1\" class=\"wp-block-navigation-item has-child open-on-hover-click sidebar-navigation__resources wp-block-navigation-submenu\"><a class=\"wp-block-navigation-item__content\" href=\"https:\/\/patientbloodmanagement.org\/ifpbm-professional-resources\/\"><span class=\"wp-block-navigation-item__label\">Recursos profissionais do IFPBM<\/span><\/a><button data-wp-bind--aria-expanded=\"state.isMenuOpen\" data-wp-on-async--click=\"actions.toggleMenuOnClick\" aria-label=\"Submenu de Recursos profissionais do IFPBM\" class=\"wp-block-navigation__submenu-icon wp-block-navigation-submenu__toggle\" ><svg xmlns=\"http:\/\/www.w3.org\/2000\/svg\" width=\"12\" height=\"12\" viewBox=\"0 0 12 12\" fill=\"none\" aria-hidden=\"true\" focusable=\"false\"><path d=\"M1.50002 4L6.00002 8L10.5 4\" stroke-width=\"1.5\"><\/path><\/svg><\/button><ul data-wp-on-async--focus=\"actions.openMenuOnFocus\" class=\"wp-block-navigation__submenu-container sidebar-navigation__resources wp-block-navigation-submenu\"><li class=\" wp-block-navigation-item wp-block-navigation-link\"><a class=\"wp-block-navigation-item__content\"  href=\"https:\/\/patientbloodmanagement.org\/r\/articles\"><span class=\"wp-block-navigation-item__label\">Artigos<\/span><\/a><\/li><li class=\" wp-block-navigation-item wp-block-navigation-link\"><a class=\"wp-block-navigation-item__content\"  href=\"https:\/\/patientbloodmanagement.org\/r\/videos\"><span class=\"wp-block-navigation-item__label\">V\u00eddeos<\/span><\/a><\/li><li class=\" wp-block-navigation-item wp-block-navigation-link\"><a class=\"wp-block-navigation-item__content\"  href=\"https:\/\/patientbloodmanagement.org\/r\/textbooks\"><span class=\"wp-block-navigation-item__label\">Livros did\u00e1cticos<\/span><\/a><\/li><li class=\" wp-block-navigation-item wp-block-navigation-link\"><a class=\"wp-block-navigation-item__content\"  href=\"https:\/\/patientbloodmanagement.org\/r\/guidelines\"><span class=\"wp-block-navigation-item__label\">Directrizes<\/span><\/a><\/li><li class=\" wp-block-navigation-item wp-block-navigation-link\"><a class=\"wp-block-navigation-item__content\"  href=\"https:\/\/patientbloodmanagement.org\/r\/conferences\/\"><span class=\"wp-block-navigation-item__label\">Confer\u00eancias<\/span><\/a><\/li><li class=\" wp-block-navigation-item wp-block-navigation-link\"><a class=\"wp-block-navigation-item__content\"  href=\"https:\/\/patientbloodmanagement.org\/speakers\/\"><span class=\"wp-block-navigation-item__label\">Altifalantes<\/span><\/a><\/li><li class=\" wp-block-navigation-item wp-block-navigation-link\"><a class=\"wp-block-navigation-item__content\"  href=\"https:\/\/patientbloodmanagement.org\/r\/links\/\"><span class=\"wp-block-navigation-item__label\">Liga\u00e7\u00f5es<\/span><\/a><\/li><\/ul><\/li><li data-wp-context=\"{ &quot;submenuOpenedBy&quot;: { &quot;click&quot;: false, &quot;hover&quot;: false, &quot;focus&quot;: false }, &quot;type&quot;: &quot;submenu&quot;, &quot;modal&quot;: null }\" data-wp-interactive=\"core\/navigation\" data-wp-on--focusout=\"actions.handleMenuFocusout\" data-wp-on--keydown=\"actions.handleMenuKeydown\" data-wp-on-async--mouseenter=\"actions.openMenuOnHover\" data-wp-on-async--mouseleave=\"actions.closeMenuOnHover\" data-wp-watch=\"callbacks.initMenu\" tabindex=\"-1\" class=\"wp-block-navigation-item has-child open-on-hover-click sidebar-navigation__about wp-block-navigation-submenu\"><a class=\"wp-block-navigation-item__content\" href=\"https:\/\/ifpbm.org\/about\/\"><span class=\"wp-block-navigation-item__label\">Sobre<\/span><\/a><button data-wp-bind--aria-expanded=\"state.isMenuOpen\" data-wp-on-async--click=\"actions.toggleMenuOnClick\" aria-label=\"Submenu de Sobre\" class=\"wp-block-navigation__submenu-icon wp-block-navigation-submenu__toggle\" ><svg xmlns=\"http:\/\/www.w3.org\/2000\/svg\" width=\"12\" height=\"12\" viewBox=\"0 0 12 12\" fill=\"none\" aria-hidden=\"true\" focusable=\"false\"><path d=\"M1.50002 4L6.00002 8L10.5 4\" stroke-width=\"1.5\"><\/path><\/svg><\/button><ul data-wp-on-async--focus=\"actions.openMenuOnFocus\" class=\"wp-block-navigation__submenu-container sidebar-navigation__about wp-block-navigation-submenu\"><li data-wp-context=\"{ &quot;submenuOpenedBy&quot;: { &quot;click&quot;: false, &quot;hover&quot;: false, &quot;focus&quot;: false }, &quot;type&quot;: &quot;submenu&quot;, &quot;modal&quot;: null }\" data-wp-interactive=\"core\/navigation\" data-wp-on--focusout=\"actions.handleMenuFocusout\" data-wp-on--keydown=\"actions.handleMenuKeydown\" data-wp-on-async--mouseenter=\"actions.openMenuOnHover\" data-wp-on-async--mouseleave=\"actions.closeMenuOnHover\" data-wp-watch=\"callbacks.initMenu\" tabindex=\"-1\" class=\"wp-block-navigation-item has-child open-on-hover-click wp-block-navigation-submenu\"><a class=\"wp-block-navigation-item__content\" href=\"https:\/\/ifpbm.org\/board-trustees\/\"><span class=\"wp-block-navigation-item__label\">Conselho de Administra\u00e7\u00e3o<\/span><\/a><button data-wp-bind--aria-expanded=\"state.isMenuOpen\" data-wp-on-async--click=\"actions.toggleMenuOnClick\" aria-label=\"Submenu de Conselho de Administra\u00e7\u00e3o\" class=\"wp-block-navigation__submenu-icon wp-block-navigation-submenu__toggle\" ><svg xmlns=\"http:\/\/www.w3.org\/2000\/svg\" width=\"12\" height=\"12\" viewBox=\"0 0 12 12\" fill=\"none\" aria-hidden=\"true\" focusable=\"false\"><path d=\"M1.50002 4L6.00002 8L10.5 4\" stroke-width=\"1.5\"><\/path><\/svg><\/button><ul data-wp-on-async--focus=\"actions.openMenuOnFocus\" class=\"wp-block-navigation__submenu-container wp-block-navigation-submenu\"><li class=\" wp-block-navigation-item wp-block-navigation-link\"><a class=\"wp-block-navigation-item__content\"  href=\"https:\/\/ifpbm.org\/hans-gombotz\/\"><span class=\"wp-block-navigation-item__label\">Prof. Dr. Hans Gombotz<\/span><\/a><\/li><\/ul><\/li><li class=\" wp-block-navigation-item wp-block-navigation-link\"><a class=\"wp-block-navigation-item__content\"  href=\"https:\/\/ifpbm.org\/scientific-associates\/\"><span class=\"wp-block-navigation-item__label\">Associados cient\u00edficos<\/span><\/a><\/li><li class=\" wp-block-navigation-item wp-block-navigation-link\"><a class=\"wp-block-navigation-item__content\"  href=\"https:\/\/ifpbm.org\/about\/contact-us\/\"><span class=\"wp-block-navigation-item__label\">Contacte-nos<\/span><\/a><\/li><li class=\" wp-block-navigation-item wp-block-navigation-link\"><a class=\"wp-block-navigation-item__content\"  href=\"https:\/\/ifpbm.org\/about\/network-with-ifpbm\/\"><span class=\"wp-block-navigation-item__label\">Rede<\/span><\/a><\/li><li class=\" wp-block-navigation-item wp-block-navigation-link\"><a class=\"wp-block-navigation-item__content\"  href=\"https:\/\/patientbloodmanagement.org\/ifpbm-professional-resources\/\"><span class=\"wp-block-navigation-item__label\">Apoio \/ Colabora\u00e7\u00e3o<\/span><\/a><\/li><li class=\" wp-block-navigation-item wp-block-navigation-link\"><a class=\"wp-block-navigation-item__content\"  href=\"https:\/\/ifpbm.org\/donate\/\"><span class=\"wp-block-navigation-item__label\">Doar<\/span><\/a><\/li><\/ul><\/li><\/ul><\/nav><\/div>\n\n\n\n<div class=\"wp-block-column is-vertically-aligned-top is-layout-flow wp-block-column-is-layout-flow\" style=\"flex-basis:80%\">\n<figure class=\"wp-block-image aligncenter\"><img decoding=\"async\" src=\"https:\/\/patientbloodmanagement.org\/wp-content\/uploads\/2023\/05\/doctor_ipad_960x400.jpg\" alt=\"\"\/><\/figure>\n\n\n\n<p><\/p>\n\n\n\n<p>O seu m\u00e9dico dir-lhe-\u00e1 a natureza do seu problema e os benef\u00edcios e riscos do tratamento que lhe \u00e9 recomendado.<\/p>\n\n\n\n<p><strong>Al\u00e9m disso, o funcionamento normal do seu sangue pode ser um fator importante para o sucesso do seu tratamento.<\/strong>  O seu m\u00e9dico tamb\u00e9m deve falar consigo sobre este assunto. Porqu\u00ea? Porque se forem detectadas anomalias com anteced\u00eancia, podem ser tomadas medidas adequadas para as corrigir antecipadamente ou para minimizar o seu impacto no sucesso do tratamento.<\/p>\n\n\n\n<p>Por exemplo, a identifica\u00e7\u00e3o e o tratamento da anemia, ou a probabilidade de hemorragia, minimizariam ou eliminariam a necessidade de uma transfus\u00e3o de sangue.<\/p>\n\n\n\n<p>Veja tamb\u00e9m <a href=\"https:\/\/patientbloodmanagement.org\/learn\/patient-advice\/two-simple-questions-to-ask-your-doctor\/\">Tr\u00eas perguntas simples para fazer ao seu m\u00e9dico<\/a><\/p>\n<\/div>\n<\/div>\n<\/div>\n\n<div style=\"height:51px\" aria-hidden=\"true\" class=\"wp-block-spacer\"><\/div>\n\n<p><\/p>\n","protected":false},"excerpt":{"rendered":"<p>O seu m\u00e9dico dir-lhe-\u00e1 a natureza do seu problema e os benef\u00edcios e riscos do tratamento que lhe \u00e9 recomendado. Al\u00e9m disso, o funcionamento normal do seu sangue pode ser um fator importante para o sucesso do seu tratamento. O seu m\u00e9dico tamb\u00e9m deve falar consigo sobre este assunto. Porqu\u00ea? Porque se forem detectadas anomalias <a href=\"https:\/\/patientbloodmanagement.org\/pt-pt\/aprenda\/conselhos-aos-doentes\/o-que-o-seu-medico-lhe-deve-dizer\/\">[&#8230;]<\/a><\/p>\n","protected":false},"author":1,"featured_media":0,"parent":18939,"menu_order":0,"comment_status":"closed","ping_status":"closed","template":"text","meta":{"footnotes":""},"class_list":["post-19383","page","type-page","status-publish","hentry"],"acf":[],"_links":{"self":[{"href":"https:\/\/patientbloodmanagement.org\/pt-pt\/wp-json\/wp\/v2\/pages\/19383","targetHints":{"allow":["GET"]}}],"collection":[{"href":"https:\/\/patientbloodmanagement.org\/pt-pt\/wp-json\/wp\/v2\/pages"}],"about":[{"href":"https:\/\/patientbloodmanagement.org\/pt-pt\/wp-json\/wp\/v2\/types\/page"}],"author":[{"embeddable":true,"href":"https:\/\/patientbloodmanagement.org\/pt-pt\/wp-json\/wp\/v2\/users\/1"}],"replies":[{"embeddable":true,"href":"https:\/\/patientbloodmanagement.org\/pt-pt\/wp-json\/wp\/v2\/comments?post=19383"}],"version-history":[{"count":1,"href":"https:\/\/patientbloodmanagement.org\/pt-pt\/wp-json\/wp\/v2\/pages\/19383\/revisions"}],"predecessor-version":[{"id":19387,"href":"https:\/\/patientbloodmanagement.org\/pt-pt\/wp-json\/wp\/v2\/pages\/19383\/revisions\/19387"}],"up":[{"embeddable":true,"href":"https:\/\/patientbloodmanagement.org\/pt-pt\/wp-json\/wp\/v2\/pages\/18939"}],"wp:attachment":[{"href":"https:\/\/patientbloodmanagement.org\/pt-pt\/wp-json\/wp\/v2\/media?parent=19383"}],"curies":[{"name":"wp","href":"https:\/\/api.w.org\/{rel}","templated":true}]}}