
{"id":19328,"date":"2015-03-03T01:12:08","date_gmt":"2015-03-03T01:12:08","guid":{"rendered":"https:\/\/patientbloodmanagement.org\/saiba-mais-sobre-a-gestao-do-sangue-dos-doentes\/"},"modified":"2024-03-28T06:30:56","modified_gmt":"2024-03-28T06:30:56","slug":"saiba-mais-sobre-a-gestao-do-sangue-dos-doentes","status":"publish","type":"page","link":"https:\/\/patientbloodmanagement.org\/pt-pt\/aprenda\/gestao-do-sangue-dos-doentes-para-profissionais-de-saude\/saiba-mais-sobre-a-gestao-do-sangue-dos-doentes\/","title":{"rendered":"Saiba mais sobre a gest\u00e3o do sangue dos doentes"},"content":{"rendered":"\n<div class=\"wp-block-group sidebar-navigation-layout is-layout-constrained wp-block-group-is-layout-constrained\">\n<div class=\"wp-block-columns are-vertically-aligned-top about is-layout-flex wp-container-core-columns-is-layout-9d6595d7 wp-block-columns-is-layout-flex\">\n<div class=\"wp-block-column is-vertically-aligned-top about-navigation is-content-justification-left is-layout-constrained wp-container-core-column-is-layout-8c890d92 wp-block-column-is-layout-constrained\" style=\"flex-basis:20%\"><nav class=\"is-vertical sidebar-navigation wp-block-navigation is-layout-flex wp-container-core-navigation-is-layout-8cf370e7 wp-block-navigation-is-layout-flex\" aria-label=\"Navega\u00e7\u00e3o na barra lateral\"><ul class=\"wp-block-navigation__container  is-vertical sidebar-navigation wp-block-navigation\"><li data-wp-context=\"{ &quot;submenuOpenedBy&quot;: { &quot;click&quot;: false, &quot;hover&quot;: false, &quot;focus&quot;: false }, &quot;type&quot;: &quot;submenu&quot;, &quot;modal&quot;: null }\" data-wp-interactive=\"core\/navigation\" data-wp-on--focusout=\"actions.handleMenuFocusout\" data-wp-on--keydown=\"actions.handleMenuKeydown\" data-wp-on-async--mouseenter=\"actions.openMenuOnHover\" data-wp-on-async--mouseleave=\"actions.closeMenuOnHover\" data-wp-watch=\"callbacks.initMenu\" tabindex=\"-1\" class=\"wp-block-navigation-item has-child open-on-hover-click sidebar-navigation__learn wp-block-navigation-submenu\"><a class=\"wp-block-navigation-item__content\" href=\"https:\/\/patientbloodmanagement.org\/learn\/\" title=\"Learn about IFPBM\"><span class=\"wp-block-navigation-item__label\">Aprenda<\/span><\/a><button data-wp-bind--aria-expanded=\"state.isMenuOpen\" data-wp-on-async--click=\"actions.toggleMenuOnClick\" aria-label=\"Submenu de Aprenda\" class=\"wp-block-navigation__submenu-icon wp-block-navigation-submenu__toggle\" ><svg xmlns=\"http:\/\/www.w3.org\/2000\/svg\" width=\"12\" height=\"12\" viewBox=\"0 0 12 12\" fill=\"none\" aria-hidden=\"true\" focusable=\"false\"><path d=\"M1.50002 4L6.00002 8L10.5 4\" stroke-width=\"1.5\"><\/path><\/svg><\/button><ul data-wp-on-async--focus=\"actions.openMenuOnFocus\" class=\"wp-block-navigation__submenu-container sidebar-navigation__learn wp-block-navigation-submenu\"><li data-wp-context=\"{ &quot;submenuOpenedBy&quot;: { &quot;click&quot;: false, &quot;hover&quot;: false, &quot;focus&quot;: false }, &quot;type&quot;: &quot;submenu&quot;, &quot;modal&quot;: null }\" data-wp-interactive=\"core\/navigation\" data-wp-on--focusout=\"actions.handleMenuFocusout\" data-wp-on--keydown=\"actions.handleMenuKeydown\" data-wp-on-async--mouseenter=\"actions.openMenuOnHover\" data-wp-on-async--mouseleave=\"actions.closeMenuOnHover\" data-wp-watch=\"callbacks.initMenu\" tabindex=\"-1\" class=\"wp-block-navigation-item has-child open-on-hover-click wp-block-navigation-submenu\"><a class=\"wp-block-navigation-item__content\" href=\"https:\/\/patientbloodmanagement.org\/learn\/what-is-patient-blood-management\/\"><span class=\"wp-block-navigation-item__label\">O que \u00e9 PBM?<\/span><\/a><button data-wp-bind--aria-expanded=\"state.isMenuOpen\" data-wp-on-async--click=\"actions.toggleMenuOnClick\" aria-label=\"Submenu de O que \u00e9 PBM?\" class=\"wp-block-navigation__submenu-icon wp-block-navigation-submenu__toggle\" ><svg xmlns=\"http:\/\/www.w3.org\/2000\/svg\" width=\"12\" height=\"12\" viewBox=\"0 0 12 12\" fill=\"none\" aria-hidden=\"true\" focusable=\"false\"><path d=\"M1.50002 4L6.00002 8L10.5 4\" stroke-width=\"1.5\"><\/path><\/svg><\/button><ul data-wp-on-async--focus=\"actions.openMenuOnFocus\" class=\"wp-block-navigation__submenu-container wp-block-navigation-submenu\"><li class=\" wp-block-navigation-item wp-block-navigation-link\"><a class=\"wp-block-navigation-item__content\"  href=\"https:\/\/patientbloodmanagement.org\/learn\/the-history-of-patient-blood-management\/\"><span class=\"wp-block-navigation-item__label\">Hist\u00f3ria da PBM<\/span><\/a><\/li><\/ul><\/li><li data-wp-context=\"{ &quot;submenuOpenedBy&quot;: { &quot;click&quot;: false, &quot;hover&quot;: false, &quot;focus&quot;: false }, &quot;type&quot;: &quot;submenu&quot;, &quot;modal&quot;: null }\" data-wp-interactive=\"core\/navigation\" data-wp-on--focusout=\"actions.handleMenuFocusout\" data-wp-on--keydown=\"actions.handleMenuKeydown\" data-wp-on-async--mouseenter=\"actions.openMenuOnHover\" data-wp-on-async--mouseleave=\"actions.closeMenuOnHover\" data-wp-watch=\"callbacks.initMenu\" tabindex=\"-1\" class=\"wp-block-navigation-item has-child open-on-hover-click wp-block-navigation-submenu\"><a class=\"wp-block-navigation-item__content\" href=\"https:\/\/patientbloodmanagement.org\/learn\/patient-advice\/\"><span class=\"wp-block-navigation-item__label\">Conselhos aos doentes<\/span><\/a><button data-wp-bind--aria-expanded=\"state.isMenuOpen\" data-wp-on-async--click=\"actions.toggleMenuOnClick\" aria-label=\"Submenu de Conselhos aos doentes\" class=\"wp-block-navigation__submenu-icon wp-block-navigation-submenu__toggle\" ><svg xmlns=\"http:\/\/www.w3.org\/2000\/svg\" width=\"12\" height=\"12\" viewBox=\"0 0 12 12\" fill=\"none\" aria-hidden=\"true\" focusable=\"false\"><path d=\"M1.50002 4L6.00002 8L10.5 4\" stroke-width=\"1.5\"><\/path><\/svg><\/button><ul data-wp-on-async--focus=\"actions.openMenuOnFocus\" class=\"wp-block-navigation__submenu-container wp-block-navigation-submenu\"><li class=\" wp-block-navigation-item wp-block-navigation-link\"><a class=\"wp-block-navigation-item__content\"  href=\"https:\/\/patientbloodmanagement.org\/learn\/patient-advice\/why-your-blood-is-important\/\"><span class=\"wp-block-navigation-item__label\">Import\u00e2ncia do sangue<\/span><\/a><\/li><li class=\" wp-block-navigation-item wp-block-navigation-link\"><a class=\"wp-block-navigation-item__content\"  href=\"https:\/\/patientbloodmanagement.org\/learn\/patient-advice\/what-your-doctor-should-tell-you\/\"><span class=\"wp-block-navigation-item__label\">O que o seu m\u00e9dico lhe deve dizer<\/span><\/a><\/li><li class=\" wp-block-navigation-item wp-block-navigation-link\"><a class=\"wp-block-navigation-item__content\"  href=\"https:\/\/patientbloodmanagement.org\/learn\/patient-advice\/how-to-manage-the-doctor-patient-relationship\/\"><span class=\"wp-block-navigation-item__label\">Rela\u00e7\u00e3o m\u00e9dico\/paciente<\/span><\/a><\/li><li class=\" wp-block-navigation-item wp-block-navigation-link\"><a class=\"wp-block-navigation-item__content\"  href=\"https:\/\/patientbloodmanagement.org\/learn\/patient-advice\/two-simple-questions-to-ask-your-doctor\/\"><span class=\"wp-block-navigation-item__label\">3 perguntas simples para fazer ao seu m\u00e9dico<\/span><\/a><\/li><\/ul><\/li><li data-wp-context=\"{ &quot;submenuOpenedBy&quot;: { &quot;click&quot;: false, &quot;hover&quot;: false, &quot;focus&quot;: false }, &quot;type&quot;: &quot;submenu&quot;, &quot;modal&quot;: null }\" data-wp-interactive=\"core\/navigation\" data-wp-on--focusout=\"actions.handleMenuFocusout\" data-wp-on--keydown=\"actions.handleMenuKeydown\" data-wp-on-async--mouseenter=\"actions.openMenuOnHover\" data-wp-on-async--mouseleave=\"actions.closeMenuOnHover\" data-wp-watch=\"callbacks.initMenu\" tabindex=\"-1\" class=\"wp-block-navigation-item has-child open-on-hover-click wp-block-navigation-submenu\"><a class=\"wp-block-navigation-item__content\" href=\"https:\/\/patientbloodmanagement.org\/learn\/patient-blood-management-for-clinicians\/\"><span class=\"wp-block-navigation-item__label\">PBM &#8211; Profissionais de sa\u00fade<\/span><\/a><button data-wp-bind--aria-expanded=\"state.isMenuOpen\" data-wp-on-async--click=\"actions.toggleMenuOnClick\" aria-label=\"Submenu de PBM - Profissionais de sa\u00fade\" class=\"wp-block-navigation__submenu-icon wp-block-navigation-submenu__toggle\" ><svg xmlns=\"http:\/\/www.w3.org\/2000\/svg\" width=\"12\" height=\"12\" viewBox=\"0 0 12 12\" fill=\"none\" aria-hidden=\"true\" focusable=\"false\"><path d=\"M1.50002 4L6.00002 8L10.5 4\" stroke-width=\"1.5\"><\/path><\/svg><\/button><ul data-wp-on-async--focus=\"actions.openMenuOnFocus\" class=\"wp-block-navigation__submenu-container wp-block-navigation-submenu\"><li class=\" wp-block-navigation-item wp-block-navigation-link\"><a class=\"wp-block-navigation-item__content\"  href=\"https:\/\/patientbloodmanagement.org\/learn\/patient-blood-management-for-clinicians\/patient-blood-management-how-ifpbm-can-support-you\/\"><span class=\"wp-block-navigation-item__label\">Como o IFPBM pode apoi\u00e1-lo<\/span><\/a><\/li><li class=\" wp-block-navigation-item wp-block-navigation-link\"><a class=\"wp-block-navigation-item__content\"  href=\"https:\/\/patientbloodmanagement.org\/learn\/patient-blood-management-for-clinicians\/what-you-should-know-about-pbm\/\"><span class=\"wp-block-navigation-item__label\">Saiba mais sobre o PBM<\/span><\/a><\/li><li class=\" wp-block-navigation-item wp-block-navigation-link\"><a class=\"wp-block-navigation-item__content\"  href=\"https:\/\/ifpbm.org\/about\/contribute-to-ifpbm-research\/\"><span class=\"wp-block-navigation-item__label\">Investiga\u00e7\u00e3o<\/span><\/a><\/li><\/ul><\/li><\/ul><\/li><li data-wp-context=\"{ &quot;submenuOpenedBy&quot;: { &quot;click&quot;: false, &quot;hover&quot;: false, &quot;focus&quot;: false }, &quot;type&quot;: &quot;submenu&quot;, &quot;modal&quot;: null }\" data-wp-interactive=\"core\/navigation\" data-wp-on--focusout=\"actions.handleMenuFocusout\" data-wp-on--keydown=\"actions.handleMenuKeydown\" data-wp-on-async--mouseenter=\"actions.openMenuOnHover\" data-wp-on-async--mouseleave=\"actions.closeMenuOnHover\" data-wp-watch=\"callbacks.initMenu\" tabindex=\"-1\" class=\"wp-block-navigation-item has-child open-on-hover-click sidebar-navigation__resources wp-block-navigation-submenu\"><a class=\"wp-block-navigation-item__content\" href=\"https:\/\/patientbloodmanagement.org\/ifpbm-professional-resources\/\"><span class=\"wp-block-navigation-item__label\">Recursos profissionais do IFPBM<\/span><\/a><button data-wp-bind--aria-expanded=\"state.isMenuOpen\" data-wp-on-async--click=\"actions.toggleMenuOnClick\" aria-label=\"Submenu de Recursos profissionais do IFPBM\" class=\"wp-block-navigation__submenu-icon wp-block-navigation-submenu__toggle\" ><svg xmlns=\"http:\/\/www.w3.org\/2000\/svg\" width=\"12\" height=\"12\" viewBox=\"0 0 12 12\" fill=\"none\" aria-hidden=\"true\" focusable=\"false\"><path d=\"M1.50002 4L6.00002 8L10.5 4\" stroke-width=\"1.5\"><\/path><\/svg><\/button><ul data-wp-on-async--focus=\"actions.openMenuOnFocus\" class=\"wp-block-navigation__submenu-container sidebar-navigation__resources wp-block-navigation-submenu\"><li class=\" wp-block-navigation-item wp-block-navigation-link\"><a class=\"wp-block-navigation-item__content\"  href=\"https:\/\/patientbloodmanagement.org\/r\/articles\"><span class=\"wp-block-navigation-item__label\">Artigos<\/span><\/a><\/li><li class=\" wp-block-navigation-item wp-block-navigation-link\"><a class=\"wp-block-navigation-item__content\"  href=\"https:\/\/patientbloodmanagement.org\/r\/videos\"><span class=\"wp-block-navigation-item__label\">V\u00eddeos<\/span><\/a><\/li><li class=\" wp-block-navigation-item wp-block-navigation-link\"><a class=\"wp-block-navigation-item__content\"  href=\"https:\/\/patientbloodmanagement.org\/r\/textbooks\"><span class=\"wp-block-navigation-item__label\">Livros did\u00e1cticos<\/span><\/a><\/li><li class=\" wp-block-navigation-item wp-block-navigation-link\"><a class=\"wp-block-navigation-item__content\"  href=\"https:\/\/patientbloodmanagement.org\/r\/guidelines\"><span class=\"wp-block-navigation-item__label\">Directrizes<\/span><\/a><\/li><li class=\" wp-block-navigation-item wp-block-navigation-link\"><a class=\"wp-block-navigation-item__content\"  href=\"https:\/\/patientbloodmanagement.org\/r\/conferences\/\"><span class=\"wp-block-navigation-item__label\">Confer\u00eancias<\/span><\/a><\/li><li class=\" wp-block-navigation-item wp-block-navigation-link\"><a class=\"wp-block-navigation-item__content\"  href=\"https:\/\/patientbloodmanagement.org\/speakers\/\"><span class=\"wp-block-navigation-item__label\">Altifalantes<\/span><\/a><\/li><li class=\" wp-block-navigation-item wp-block-navigation-link\"><a class=\"wp-block-navigation-item__content\"  href=\"https:\/\/patientbloodmanagement.org\/r\/links\/\"><span class=\"wp-block-navigation-item__label\">Liga\u00e7\u00f5es<\/span><\/a><\/li><\/ul><\/li><li data-wp-context=\"{ &quot;submenuOpenedBy&quot;: { &quot;click&quot;: false, &quot;hover&quot;: false, &quot;focus&quot;: false }, &quot;type&quot;: &quot;submenu&quot;, &quot;modal&quot;: null }\" data-wp-interactive=\"core\/navigation\" data-wp-on--focusout=\"actions.handleMenuFocusout\" data-wp-on--keydown=\"actions.handleMenuKeydown\" data-wp-on-async--mouseenter=\"actions.openMenuOnHover\" data-wp-on-async--mouseleave=\"actions.closeMenuOnHover\" data-wp-watch=\"callbacks.initMenu\" tabindex=\"-1\" class=\"wp-block-navigation-item has-child open-on-hover-click sidebar-navigation__about wp-block-navigation-submenu\"><a class=\"wp-block-navigation-item__content\" href=\"https:\/\/ifpbm.org\/about\/\"><span class=\"wp-block-navigation-item__label\">Sobre<\/span><\/a><button data-wp-bind--aria-expanded=\"state.isMenuOpen\" data-wp-on-async--click=\"actions.toggleMenuOnClick\" aria-label=\"Submenu de Sobre\" class=\"wp-block-navigation__submenu-icon wp-block-navigation-submenu__toggle\" ><svg xmlns=\"http:\/\/www.w3.org\/2000\/svg\" width=\"12\" height=\"12\" viewBox=\"0 0 12 12\" fill=\"none\" aria-hidden=\"true\" focusable=\"false\"><path d=\"M1.50002 4L6.00002 8L10.5 4\" stroke-width=\"1.5\"><\/path><\/svg><\/button><ul data-wp-on-async--focus=\"actions.openMenuOnFocus\" class=\"wp-block-navigation__submenu-container sidebar-navigation__about wp-block-navigation-submenu\"><li data-wp-context=\"{ &quot;submenuOpenedBy&quot;: { &quot;click&quot;: false, &quot;hover&quot;: false, &quot;focus&quot;: false }, &quot;type&quot;: &quot;submenu&quot;, &quot;modal&quot;: null }\" data-wp-interactive=\"core\/navigation\" data-wp-on--focusout=\"actions.handleMenuFocusout\" data-wp-on--keydown=\"actions.handleMenuKeydown\" data-wp-on-async--mouseenter=\"actions.openMenuOnHover\" data-wp-on-async--mouseleave=\"actions.closeMenuOnHover\" data-wp-watch=\"callbacks.initMenu\" tabindex=\"-1\" class=\"wp-block-navigation-item has-child open-on-hover-click wp-block-navigation-submenu\"><a class=\"wp-block-navigation-item__content\" href=\"https:\/\/ifpbm.org\/board-trustees\/\"><span class=\"wp-block-navigation-item__label\">Conselho de Administra\u00e7\u00e3o<\/span><\/a><button data-wp-bind--aria-expanded=\"state.isMenuOpen\" data-wp-on-async--click=\"actions.toggleMenuOnClick\" aria-label=\"Submenu de Conselho de Administra\u00e7\u00e3o\" class=\"wp-block-navigation__submenu-icon wp-block-navigation-submenu__toggle\" ><svg xmlns=\"http:\/\/www.w3.org\/2000\/svg\" width=\"12\" height=\"12\" viewBox=\"0 0 12 12\" fill=\"none\" aria-hidden=\"true\" focusable=\"false\"><path d=\"M1.50002 4L6.00002 8L10.5 4\" stroke-width=\"1.5\"><\/path><\/svg><\/button><ul data-wp-on-async--focus=\"actions.openMenuOnFocus\" class=\"wp-block-navigation__submenu-container wp-block-navigation-submenu\"><li class=\" wp-block-navigation-item wp-block-navigation-link\"><a class=\"wp-block-navigation-item__content\"  href=\"https:\/\/ifpbm.org\/hans-gombotz\/\"><span class=\"wp-block-navigation-item__label\">Prof. Dr. Hans Gombotz<\/span><\/a><\/li><\/ul><\/li><li class=\" wp-block-navigation-item wp-block-navigation-link\"><a class=\"wp-block-navigation-item__content\"  href=\"https:\/\/ifpbm.org\/scientific-associates\/\"><span class=\"wp-block-navigation-item__label\">Associados cient\u00edficos<\/span><\/a><\/li><li class=\" wp-block-navigation-item wp-block-navigation-link\"><a class=\"wp-block-navigation-item__content\"  href=\"https:\/\/ifpbm.org\/about\/contact-us\/\"><span class=\"wp-block-navigation-item__label\">Contacte-nos<\/span><\/a><\/li><li class=\" wp-block-navigation-item wp-block-navigation-link\"><a class=\"wp-block-navigation-item__content\"  href=\"https:\/\/ifpbm.org\/about\/network-with-ifpbm\/\"><span class=\"wp-block-navigation-item__label\">Rede<\/span><\/a><\/li><li class=\" wp-block-navigation-item wp-block-navigation-link\"><a class=\"wp-block-navigation-item__content\"  href=\"https:\/\/patientbloodmanagement.org\/ifpbm-professional-resources\/\"><span class=\"wp-block-navigation-item__label\">Apoio \/ Colabora\u00e7\u00e3o<\/span><\/a><\/li><li class=\" wp-block-navigation-item wp-block-navigation-link\"><a class=\"wp-block-navigation-item__content\"  href=\"https:\/\/ifpbm.org\/donate\/\"><span class=\"wp-block-navigation-item__label\">Doar<\/span><\/a><\/li><\/ul><\/li><\/ul><\/nav><\/div>\n\n\n\n<div class=\"wp-block-column is-vertically-aligned-top is-layout-flow wp-block-column-is-layout-flow\" style=\"flex-basis:80%\">\n<figure class=\"wp-block-image aligncenter size-large is-resized\"><img loading=\"lazy\" decoding=\"async\" src=\"https:\/\/patientbloodmanagement.org\/wp-content\/uploads\/2023\/07\/learn_pbm-1024x453.webp\" alt=\"\" class=\"wp-image-17117\" width=\"929\" height=\"411\" srcset=\"https:\/\/patientbloodmanagement.org\/wp-content\/uploads\/2023\/07\/learn_pbm-1024x453.webp 1024w, https:\/\/patientbloodmanagement.org\/wp-content\/uploads\/2023\/07\/learn_pbm-300x133.webp 300w, https:\/\/patientbloodmanagement.org\/wp-content\/uploads\/2023\/07\/learn_pbm-768x339.webp 768w, https:\/\/patientbloodmanagement.org\/wp-content\/uploads\/2023\/07\/learn_pbm-1536x679.webp 1536w, https:\/\/patientbloodmanagement.org\/wp-content\/uploads\/2023\/07\/learn_pbm.webp 2000w\" sizes=\"auto, (max-width: 929px) 100vw, 929px\" \/><\/figure>\n\n\n\n<p><\/p>\n\n\n\n<h2 class=\"wp-block-heading\">Por onde come\u00e7ar<\/h2>\n\n\n\n<p>Aqui mesmo!  <strong>Este s\u00edtio Web \u00e9 dedicado \u00e0 divulga\u00e7\u00e3o de conhecimentos sobre a gest\u00e3o do sangue dos doentes.  <\/strong><\/p>\n\n\n\n<p>O<a rel=\"noreferrer noopener\" href=\"https:\/\/ifpbm.org\/about\/\" data-type=\"URL\" data-id=\"https:\/\/ifpbm.org\/about\/\" target=\"_blank\">objetivo<\/a> da<span style=\"line-height: 1.5\">Funda\u00e7\u00e3o Internacional para a Gest\u00e3o do Sangue dos Doentes <\/span><span style=\"line-height: 1.5\"> \u00e9 estabelecer, reunir, gerir, gerar, transferir, implementar e consultar os conhecimentos sobre a Gest\u00e3o do Sangue dos Do <\/span>entes.  <\/p>\n\n\n\n<p><\/p>\n\n\n\n<h2 class=\"wp-block-heading\">M\u00f3dulos de ensino em v\u00eddeo<\/h2>\n\n\n\n<p>A Funda\u00e7\u00e3o produziu uma s\u00e9rie de <a href=\"https:\/\/patientbloodmanagement.org\/pt-pt\/r\/videos-pt-pt\/\" target=\"_blank\" rel=\"noreferrer noopener\">v\u00eddeos<\/a> did\u00e1cticos, ou &#8220;m\u00f3dulos&#8221;, para o ajudar a compreender rapidamente a gest\u00e3o do sangue dos doentes.<\/p>\n\n\n\n<p><strong>Porqu\u00ea mudar o paradigma da transfus\u00e3o para a gest\u00e3o do sangue dos doentes?<\/strong>  Este m\u00f3dulo identifica 5 factores-chave para a mudan\u00e7a, analisa alguma da literatura fundamental sobre o tema e introduz o conceito dos Tr\u00eas Pilares da Gest\u00e3o do Sangue dos Doentes. Apresentado pelas maiores autoridades m\u00e9dicas, cient\u00edficas e econ\u00f3micas a n\u00edvel mundial em mat\u00e9ria de gest\u00e3o do sangue dos doentes, \u00e9 um visionamento convincente. A dura\u00e7\u00e3o total \u00e9 de 33 minutos.<\/p>\n\n\n\n<p><strong>The Three Pillars of Patient Blood Management (Os tr\u00eas pilares da gest\u00e3o do sangue dos doentes<\/strong> ) analisa os princ\u00edpios b\u00e1sicos subjacentes a este conceito e apresenta provas de que a gest\u00e3o do sangue dos doentes produz melhores resultados para os doentes. Apresentado num formato de document\u00e1rio de 30 minutos, os comentadores incluem o famoso pioneiro do transplante card\u00edaco Dr. Denton Cooley, o Prof. Aryeh Shander do Hospital Englewood de Nova Iorque e o aclamado cirurgi\u00e3o card\u00edaco Dr. Manuel Estioko. O v\u00eddeo tamb\u00e9m aborda o primeiro programa australiano de gest\u00e3o do sangue de doentes, criado em Perth, na Austr\u00e1lia Ocidental.<\/p>\n\n\n\n<p>Outros m\u00f3dulos de ensino, como <strong>&#8220;O papel do perfusionista na gest\u00e3o do sangue do doente&#8221;,<\/strong> centram-se em \u00e1reas espec\u00edficas da gest\u00e3o do sangue do doente.<\/p>\n\n\n\n<p><\/p>\n\n\n\n<h2 class=\"wp-block-heading\">Base de dados de artigos pesquis\u00e1veis<\/h2>\n\n\n\n<p>Os conhecimentos sobre a gest\u00e3o do sangue dos doentes continuam a aumentar. \u00c9 por isso que a International Foundation for Patient Blood Management mant\u00e9m e actualiza constantemente uma<a rel=\"noreferrer noopener\" data-abc=\"true\" contenteditable=\"false\" style=\"cursor: pointer;\" href=\"\/?cat_ID=41\" target=\"_blank\"> base de dados de artigos<\/a> pesquis\u00e1veis para forma\u00e7\u00e3o cont\u00ednua e investiga\u00e7\u00e3o. Organizada em mais de 60 categorias ou subcategorias, a base de dados permite que os profissionais de sa\u00fade leiam artigos relevantes e revistos por pares sobre a gest\u00e3o do sangue dos doentes com apenas alguns cliques.<\/p>\n\n\n\n<p><\/p>\n\n\n\n<h2 class=\"wp-block-heading\">Forma\u00e7\u00e3o cont\u00ednua e investiga\u00e7\u00e3o<\/h2>\n\n\n\n<p>Outros recursos educativos para profissionais de sa\u00fade incluem directrizes, ferramentas e manuais de gest\u00e3o do sangue dos doentes &#8211; todos revistos quanto \u00e0 sua exatid\u00e3o e relev\u00e2ncia pelos <a rel=\"noreferrer noopener\" data-abc=\"true\" contenteditable=\"false\" style=\"cursor: pointer;\" href=\"https:\/\/ifpbm.org\/scientific-associates\/\" target=\"_blank\">Associados Cient\u00edficos do IFPBM<\/a>.<\/p>\n\n\n\n<p><\/p>\n\n\n\n<h2 class=\"wp-block-heading\">Mesa de Palestrantes do IFPBM<\/h2>\n\n\n\n<p>Eleve a aprendizagem da Gest\u00e3o do Sangue do Doente a um novo n\u00edvel, contratando oradores qualificados e experientes para apresentarem e realizarem workshops sobre Gest\u00e3o do Sangue do Doente na sua institui\u00e7\u00e3o. Ligue-se ao orador da sua escolha diretamente atrav\u00e9s deste s\u00edtio Web no <a rel=\"noreferrer noopener\" href=\"\/speakers\/\" target=\"_blank\">Servi\u00e7o de Oradores<\/a>.<\/p>\n<\/div>\n<\/div>\n<\/div>\n","protected":false},"excerpt":{"rendered":"<p>Por onde come\u00e7ar Aqui mesmo! Este s\u00edtio Web \u00e9 dedicado \u00e0 divulga\u00e7\u00e3o de conhecimentos sobre a gest\u00e3o do sangue dos doentes. Oobjetivo daFunda\u00e7\u00e3o Internacional para a Gest\u00e3o do Sangue dos Doentes \u00e9 estabelecer, reunir, gerir, gerar, transferir, implementar e consultar os conhecimentos sobre a Gest\u00e3o do Sangue dos Do entes. M\u00f3dulos de ensino em v\u00eddeo <a href=\"https:\/\/patientbloodmanagement.org\/pt-pt\/aprenda\/gestao-do-sangue-dos-doentes-para-profissionais-de-saude\/saiba-mais-sobre-a-gestao-do-sangue-dos-doentes\/\">[&#8230;]<\/a><\/p>\n","protected":false},"author":1,"featured_media":0,"parent":19813,"menu_order":0,"comment_status":"closed","ping_status":"closed","template":"text","meta":{"footnotes":""},"class_list":["post-19328","page","type-page","status-publish","hentry"],"acf":[],"_links":{"self":[{"href":"https:\/\/patientbloodmanagement.org\/pt-pt\/wp-json\/wp\/v2\/pages\/19328","targetHints":{"allow":["GET"]}}],"collection":[{"href":"https:\/\/patientbloodmanagement.org\/pt-pt\/wp-json\/wp\/v2\/pages"}],"about":[{"href":"https:\/\/patientbloodmanagement.org\/pt-pt\/wp-json\/wp\/v2\/types\/page"}],"author":[{"embeddable":true,"href":"https:\/\/patientbloodmanagement.org\/pt-pt\/wp-json\/wp\/v2\/users\/1"}],"replies":[{"embeddable":true,"href":"https:\/\/patientbloodmanagement.org\/pt-pt\/wp-json\/wp\/v2\/comments?post=19328"}],"version-history":[{"count":1,"href":"https:\/\/patientbloodmanagement.org\/pt-pt\/wp-json\/wp\/v2\/pages\/19328\/revisions"}],"predecessor-version":[{"id":19331,"href":"https:\/\/patientbloodmanagement.org\/pt-pt\/wp-json\/wp\/v2\/pages\/19328\/revisions\/19331"}],"up":[{"embeddable":true,"href":"https:\/\/patientbloodmanagement.org\/pt-pt\/wp-json\/wp\/v2\/pages\/19813"}],"wp:attachment":[{"href":"https:\/\/patientbloodmanagement.org\/pt-pt\/wp-json\/wp\/v2\/media?parent=19328"}],"curies":[{"name":"wp","href":"https:\/\/api.w.org\/{rel}","templated":true}]}}