
{"id":19057,"date":"2023-04-24T11:57:17","date_gmt":"2023-04-24T11:57:17","guid":{"rendered":"https:\/\/patientbloodmanagement.org\/a-minha-subscricao\/"},"modified":"2024-03-28T06:19:52","modified_gmt":"2024-03-28T06:19:52","slug":"a-minha-subscricao","status":"publish","type":"page","link":"https:\/\/patientbloodmanagement.org\/pt-pt\/a-minha-subscricao\/","title":{"rendered":"A minha subscri\u00e7\u00e3o"},"content":{"rendered":"\n<div class=\"wp-block-kadence-column kadence-column_7133b2-a5\"><div class=\"kt-inside-inner-col\">\n<h1 class=\"wp-block-heading\">A minha subscri\u00e7\u00e3o<\/h1>\n\n\n\n<p>Estado da subscri\u00e7\u00e3o:<br\/><strong>Not subscribed yet<\/strong><\/p>\n\n\n\n<p>Data de expira\u00e7\u00e3o:<br\/><strong>-------<\/strong><\/p>\n\n\n\n<p><\/p>\n\n\n\n\n\n<div class=\"wp-block-buttons is-content-justification-center is-layout-flex wp-container-core-buttons-is-layout-735dfa1c wp-block-buttons-is-layout-flex\" style=\"margin-top:var(--wp--preset--spacing--60);margin-bottom:var(--wp--preset--spacing--60)\">\n<div class=\"wp-block-button has-custom-font-size has-large-font-size\"><a class=\"wp-block-button__link wp-element-button\" href=\"https:\/\/patientbloodmanagement.org\/wp-login.php?action=logout&amp;_wpnonce=523c48bbf7\">Terminar sess\u00e3o<\/a><\/div>\n<\/div>\n<\/div><\/div>\n","protected":false},"excerpt":{"rendered":"<p>A minha subscri\u00e7\u00e3o Estado da subscri\u00e7\u00e3o: Data de expira\u00e7\u00e3o:<\/p>\n","protected":false},"author":1,"featured_media":0,"parent":0,"menu_order":0,"comment_status":"closed","ping_status":"closed","template":"","meta":{"footnotes":""},"class_list":["post-19057","page","type-page","status-publish","hentry"],"acf":[],"_links":{"self":[{"href":"https:\/\/patientbloodmanagement.org\/pt-pt\/wp-json\/wp\/v2\/pages\/19057","targetHints":{"allow":["GET"]}}],"collection":[{"href":"https:\/\/patientbloodmanagement.org\/pt-pt\/wp-json\/wp\/v2\/pages"}],"about":[{"href":"https:\/\/patientbloodmanagement.org\/pt-pt\/wp-json\/wp\/v2\/types\/page"}],"author":[{"embeddable":true,"href":"https:\/\/patientbloodmanagement.org\/pt-pt\/wp-json\/wp\/v2\/users\/1"}],"replies":[{"embeddable":true,"href":"https:\/\/patientbloodmanagement.org\/pt-pt\/wp-json\/wp\/v2\/comments?post=19057"}],"version-history":[{"count":2,"href":"https:\/\/patientbloodmanagement.org\/pt-pt\/wp-json\/wp\/v2\/pages\/19057\/revisions"}],"predecessor-version":[{"id":19063,"href":"https:\/\/patientbloodmanagement.org\/pt-pt\/wp-json\/wp\/v2\/pages\/19057\/revisions\/19063"}],"wp:attachment":[{"href":"https:\/\/patientbloodmanagement.org\/pt-pt\/wp-json\/wp\/v2\/media?parent=19057"}],"curies":[{"name":"wp","href":"https:\/\/api.w.org\/{rel}","templated":true}]}}