
{"id":19014,"date":"2023-04-25T11:05:21","date_gmt":"2023-04-25T11:05:21","guid":{"rendered":"https:\/\/patientbloodmanagement.org\/obrigado-pelo-seu-donativo\/"},"modified":"2024-03-28T06:19:22","modified_gmt":"2024-03-28T06:19:22","slug":"obrigado-pelo-seu-donativo","status":"publish","type":"page","link":"https:\/\/patientbloodmanagement.org\/pt-pt\/obrigado-pelo-seu-donativo\/","title":{"rendered":"Obrigado pelo seu donativo!"},"content":{"rendered":"\n<p>Todos os fundos ser\u00e3o utilizados para promover e fazer avan\u00e7ar os conhecimentos sobre a gest\u00e3o do sangue dos doentes a n\u00edvel mundial.<\/p>\n","protected":false},"excerpt":{"rendered":"<p>Todos os fundos ser\u00e3o utilizados para promover e fazer avan\u00e7ar os conhecimentos sobre a gest\u00e3o do sangue dos doentes a n\u00edvel mundial.<\/p>\n","protected":false},"author":1,"featured_media":0,"parent":0,"menu_order":0,"comment_status":"closed","ping_status":"closed","template":"","meta":{"footnotes":""},"class_list":["post-19014","page","type-page","status-publish","hentry"],"acf":[],"_links":{"self":[{"href":"https:\/\/patientbloodmanagement.org\/pt-pt\/wp-json\/wp\/v2\/pages\/19014","targetHints":{"allow":["GET"]}}],"collection":[{"href":"https:\/\/patientbloodmanagement.org\/pt-pt\/wp-json\/wp\/v2\/pages"}],"about":[{"href":"https:\/\/patientbloodmanagement.org\/pt-pt\/wp-json\/wp\/v2\/types\/page"}],"author":[{"embeddable":true,"href":"https:\/\/patientbloodmanagement.org\/pt-pt\/wp-json\/wp\/v2\/users\/1"}],"replies":[{"embeddable":true,"href":"https:\/\/patientbloodmanagement.org\/pt-pt\/wp-json\/wp\/v2\/comments?post=19014"}],"version-history":[{"count":1,"href":"https:\/\/patientbloodmanagement.org\/pt-pt\/wp-json\/wp\/v2\/pages\/19014\/revisions"}],"predecessor-version":[{"id":19017,"href":"https:\/\/patientbloodmanagement.org\/pt-pt\/wp-json\/wp\/v2\/pages\/19014\/revisions\/19017"}],"wp:attachment":[{"href":"https:\/\/patientbloodmanagement.org\/pt-pt\/wp-json\/wp\/v2\/media?parent=19014"}],"curies":[{"name":"wp","href":"https:\/\/api.w.org\/{rel}","templated":true}]}}