
{"id":19005,"date":"2023-04-25T10:59:22","date_gmt":"2023-04-25T10:59:22","guid":{"rendered":"https:\/\/patientbloodmanagement.org\/obrigado-por-se-inscrever-no-ifpbm-recursos-profissionais\/"},"modified":"2024-03-28T06:19:28","modified_gmt":"2024-03-28T06:19:28","slug":"obrigado-por-se-inscrever-no-ifpbm-recursos-profissionais","status":"publish","type":"page","link":"https:\/\/patientbloodmanagement.org\/pt-pt\/obrigado-por-se-inscrever-no-ifpbm-recursos-profissionais\/","title":{"rendered":"Obrigado por se inscrever no IFPBM Recursos Profissionais!"},"content":{"rendered":"\n<p><\/p>\n\n<h2 class=\"wp-block-heading\">Base de dados de artigos<\/h2>\n\n<p>Pesquise numa base de dados crescente de refer\u00eancias de artigos por assunto, nome, data ou especialidade. Com mais de 5.000 refer\u00eancias de artigos convenientemente organizados para um acesso f\u00e1cil, este \u00e9 um recurso \u00fanico de Gest\u00e3o do Sangue do Doente.<\/p>\n\n<h2 class=\"wp-block-heading\">Biblioteca de v\u00eddeos<\/h2>\n\n<p>A Videoteca do IFPBM \u00e9 uma biblioteca crescente de document\u00e1rios did\u00e1ticos de f\u00e1cil compreens\u00e3o. Transmitidos em linha diretamente para o seu browser em alta defini\u00e7\u00e3o, os v\u00eddeos apresentam os conceitos de Patient Blood Management (gest\u00e3o do sangue do doente), bem como m\u00e9todos espec\u00edficos utilizados na gest\u00e3o do sangue do doente. \u00c9, sem d\u00favida, um dos melhores recursos visuais \u00e0 disposi\u00e7\u00e3o dos indiv\u00edduos e das institui\u00e7\u00f5es de todo o mundo.<\/p>\n\n<h2 class=\"wp-block-heading\">Mesa de Oradores PBM<\/h2>\n\n<p>A Funda\u00e7\u00e3o Internacional para a Gest\u00e3o do Sangue dos Doentes gere uma rede crescente de oradores de renome mundial sobre o tema da Gest\u00e3o do Sangue dos Doentes. Os assinantes podem aceder a esta rede e solicitar oradores para confer\u00eancias, workshops ou tutoriais.<\/p>\n\n<h2 class=\"wp-block-heading\">Outros recursos<\/h2>\n\n<p>O IFPBM ir\u00e1 adicionar outros recursos de Gest\u00e3o do Sangue do Doente nos pr\u00f3ximos meses, por favor volte regularmente.<\/p>\n","protected":false},"excerpt":{"rendered":"<p>Base de dados de artigos Pesquise numa base de dados crescente de refer\u00eancias de artigos por assunto, nome, data ou especialidade. Com mais de 5.000 refer\u00eancias de artigos convenientemente organizados para um acesso f\u00e1cil, este \u00e9 um recurso \u00fanico de Gest\u00e3o do Sangue do Doente. Biblioteca de v\u00eddeos A Videoteca do IFPBM \u00e9 uma biblioteca <a href=\"https:\/\/patientbloodmanagement.org\/pt-pt\/obrigado-por-se-inscrever-no-ifpbm-recursos-profissionais\/\">[&#8230;]<\/a><\/p>\n","protected":false},"author":1,"featured_media":0,"parent":0,"menu_order":0,"comment_status":"closed","ping_status":"closed","template":"","meta":{"footnotes":""},"class_list":["post-19005","page","type-page","status-publish","hentry"],"acf":[],"_links":{"self":[{"href":"https:\/\/patientbloodmanagement.org\/pt-pt\/wp-json\/wp\/v2\/pages\/19005","targetHints":{"allow":["GET"]}}],"collection":[{"href":"https:\/\/patientbloodmanagement.org\/pt-pt\/wp-json\/wp\/v2\/pages"}],"about":[{"href":"https:\/\/patientbloodmanagement.org\/pt-pt\/wp-json\/wp\/v2\/types\/page"}],"author":[{"embeddable":true,"href":"https:\/\/patientbloodmanagement.org\/pt-pt\/wp-json\/wp\/v2\/users\/1"}],"replies":[{"embeddable":true,"href":"https:\/\/patientbloodmanagement.org\/pt-pt\/wp-json\/wp\/v2\/comments?post=19005"}],"version-history":[{"count":1,"href":"https:\/\/patientbloodmanagement.org\/pt-pt\/wp-json\/wp\/v2\/pages\/19005\/revisions"}],"predecessor-version":[{"id":19010,"href":"https:\/\/patientbloodmanagement.org\/pt-pt\/wp-json\/wp\/v2\/pages\/19005\/revisions\/19010"}],"wp:attachment":[{"href":"https:\/\/patientbloodmanagement.org\/pt-pt\/wp-json\/wp\/v2\/media?parent=19005"}],"curies":[{"name":"wp","href":"https:\/\/api.w.org\/{rel}","templated":true}]}}