
{"id":18992,"date":"2023-05-18T08:18:16","date_gmt":"2023-05-18T08:18:16","guid":{"rendered":"https:\/\/patientbloodmanagement.org\/ligacoes-recomendadas-para-a-gestao-do-sangue-dos-doentes\/"},"modified":"2024-03-28T06:17:42","modified_gmt":"2024-03-28T06:17:42","slug":"ligacoes-recomendadas-para-a-gestao-do-sangue-dos-doentes","status":"publish","type":"page","link":"https:\/\/patientbloodmanagement.org\/pt-pt\/recursos-de-gestao-do-sangue-dos-doentes\/ligacoes-recomendadas-para-a-gestao-do-sangue-dos-doentes\/","title":{"rendered":"Liga\u00e7\u00f5es recomendadas para a gest\u00e3o do sangue dos doentes"},"content":{"rendered":"\n<div style=\"height:71px\" aria-hidden=\"true\" class=\"wp-block-spacer\"><\/div>\n\n<p><strong>Resumo da pol\u00edtica de gest\u00e3o do sangue dos doentes da Organiza\u00e7\u00e3o Mundial de Sa\u00fade<\/strong><\/p>\n\n<p><a href=\"https:\/\/www.who.int\/publications\/i\/item\/9789240035744\" target=\"_blank\" rel=\"noreferrer noopener\">https:\/\/www.who.int\/publications\/i\/item\/9789240035744<\/a><\/p>\n\n<div class=\"wp-block-kadence-spacer aligncenter kt-block-spacer-_8455c0-7e\"><div class=\"kt-block-spacer kt-block-spacer-halign-center\"><hr class=\"kt-divider\"><\/div><\/div>\n\n<div style=\"height:20px\" aria-hidden=\"true\" class=\"wp-block-spacer\"><\/div>\n\n<p><strong>Autoridade Nacional do Sangue da Austr\u00e1lia<\/strong><\/p>\n\n<p><a href=\"http:\/\/www.blood.gov.au\/patient-blood-management\" target=\"_blank\" rel=\"noreferrer noopener\">http:\/\/www.blood.gov.au\/patient-blood-management<\/a><\/p>\n\n<p><a href=\"http:\/\/www.blood.gov.au\/pbm-guidelines\" target=\"_blank\" rel=\"noreferrer noopener\">http:\/\/www.blood.gov.au\/pbm-guidelines<\/a><\/p>\n\n<div class=\"wp-block-kadence-spacer aligncenter kt-block-spacer-_fb08e6-94\"><div class=\"kt-block-spacer kt-block-spacer-halign-center\"><hr class=\"kt-divider\"><\/div><\/div>\n\n<div style=\"height:20px\" aria-hidden=\"true\" class=\"wp-block-spacer\"><\/div>\n\n<p><strong>Sociedade para o Avan\u00e7o da Gest\u00e3o do Sangue<\/strong><\/p>\n\n<p><a href=\"http:\/\/www.sabm.org\" target=\"_blank\" rel=\"noreferrer noopener\">http:\/\/www.sabm.org<\/a><\/p>\n\n<div class=\"wp-block-kadence-spacer aligncenter kt-block-spacer-_d8374e-2a\"><div class=\"kt-block-spacer kt-block-spacer-halign-center\"><hr class=\"kt-divider\"><\/div><\/div>\n\n<div style=\"height:20px\" aria-hidden=\"true\" class=\"wp-block-spacer\"><\/div>\n\n<p><strong>Rede para o Avan\u00e7o da Gest\u00e3o do Sangue dos Doentes, Hemostase e Trombose<\/strong><\/p>\n\n<p><a href=\"http:\/\/www.nataonline.com\" target=\"_blank\" rel=\"noreferrer noopener\">http:\/\/www.nataonline.com<\/a><\/p>\n\n<div class=\"wp-block-kadence-spacer aligncenter kt-block-spacer-_f1fc7b-03\"><div class=\"kt-block-spacer kt-block-spacer-halign-center\"><hr class=\"kt-divider\"><\/div><\/div>\n\n<div style=\"height:20px\" aria-hidden=\"true\" class=\"wp-block-spacer\"><\/div>\n\n<p><strong>Comiss\u00e3o Australiana para a Seguran\u00e7a e Qualidade nos Cuidados de Sa\u00fade<\/strong><\/p>\n\n<p><a href=\"http:\/\/www.safetyandquality.gov.au\/national-priorities\/pbm-collaborative\/\" target=\"_blank\" rel=\"noreferrer noopener\">http:\/\/www.safetyandquality.gov.au\/national-priorities\/pbm-collaborative\/<\/a><\/p>\n\n<div class=\"wp-block-kadence-spacer aligncenter kt-block-spacer-_4d9d5a-3a\"><div class=\"kt-block-spacer kt-block-spacer-halign-center\"><hr class=\"kt-divider\"><\/div><\/div>\n\n<div style=\"height:20px\" aria-hidden=\"true\" class=\"wp-block-spacer\"><\/div>\n\n<p><strong>Comit\u00e9 Consultivo Profissional Conjunto dos Servi\u00e7os de Transfus\u00e3o de Sangue e de Transplanta\u00e7\u00e3o de Tecidos do Reino Unido (UK)<\/strong><\/p>\n\n<p><a href=\"http:\/\/www.transfusionguidelines.org.uk\/uk-transfusion-committees\/national-blood-transfusion-committee\/patient-blood-management\" target=\"_blank\" rel=\"noreferrer noopener\">http:\/\/www.transfusionguidelines.org.uk\/uk-transfusion-committees\/national-blood-transfusion-committee\/patient-blood-management<\/a><\/p>\n\n<div class=\"wp-block-kadence-spacer aligncenter kt-block-spacer-_fbd738-c7\"><div class=\"kt-block-spacer kt-block-spacer-halign-center\"><hr class=\"kt-divider\"><\/div><\/div>\n\n<div style=\"height:20px\" aria-hidden=\"true\" class=\"wp-block-spacer\"><\/div>\n\n<p><strong>Associa\u00e7\u00e3o Americana de Bancos de Sangue (AABB)<\/strong><\/p>\n\n<p><a href=\"http:\/\/www.aabb.org\/pbm\/Pages\/default.aspx\" target=\"_blank\" rel=\"noreferrer noopener\">http:\/\/www.aabb.org\/pbm\/Pages\/default.aspx<\/a><\/p>\n\n<div class=\"wp-block-kadence-spacer aligncenter kt-block-spacer-_fea29c-00\"><div class=\"kt-block-spacer kt-block-spacer-halign-center\"><hr class=\"kt-divider\"><\/div><\/div>\n\n<div style=\"height:20px\" aria-hidden=\"true\" class=\"wp-block-spacer\"><\/div>\n\n<p><strong>Cl\u00ednica M\u00e9dica de Eastern Maine (EMMC, Maine, EUA)<\/strong><\/p>\n\n<p><a href=\"http:\/\/www.emmc.org\/blood_management.aspx\" target=\"_blank\" rel=\"noreferrer noopener\">http:\/\/www.emmc.org\/blood_management.aspx<\/a><\/p>\n\n<div class=\"wp-block-kadence-spacer aligncenter kt-block-spacer-_92c4be-11\"><div class=\"kt-block-spacer kt-block-spacer-halign-center\"><hr class=\"kt-divider\"><\/div><\/div>\n\n<div style=\"height:20px\" aria-hidden=\"true\" class=\"wp-block-spacer\"><\/div>\n\n<p><strong>Englewood Hospital and Medical Center (Nova Jersey, EUA)<\/strong><\/p>\n\n<p><a href=\"http:\/\/www.englewoodhospital.com\/ms_bloodless_home.asp\" target=\"_blank\" rel=\"noreferrer noopener\">http:\/\/www.englewoodhospital.com\/ms_bloodless_home.asp<\/a><\/p>\n\n<div class=\"wp-block-kadence-spacer aligncenter kt-block-spacer-_6f026d-59\"><div class=\"kt-block-spacer kt-block-spacer-halign-center\"><hr class=\"kt-divider\"><\/div><\/div>\n\n<div style=\"height:20px\" aria-hidden=\"true\" class=\"wp-block-spacer\"><\/div>\n\n<p><strong>Guia Europeu de Boas Pr\u00e1ticas para a Gest\u00e3o do Sangue dos Doentes (PBM)<\/strong><\/p>\n\n<p><a href=\"http:\/\/www.europe-pbm.eu\" target=\"_blank\" rel=\"noreferrer noopener\">http:\/\/www.europe-pbm.eu<\/a><\/p>\n\n<div class=\"wp-block-kadence-spacer aligncenter kt-block-spacer-_2e8916-4d\"><div class=\"kt-block-spacer kt-block-spacer-halign-center\"><hr class=\"kt-divider\"><\/div><\/div>\n\n<div style=\"height:20px\" aria-hidden=\"true\" class=\"wp-block-spacer\"><\/div>\n\n<p><strong>Evangelisches Klinikum Niederrhein gGmbH<\/strong><\/p>\n\n<p><a href=\"https:\/\/www.evkln.de\" target=\"_blank\" rel=\"noreferrer noopener\">https:\/\/www.evkln.de<\/a><\/p>\n\n<div class=\"wp-block-kadence-spacer aligncenter kt-block-spacer-_d04c7e-64\"><div class=\"kt-block-spacer kt-block-spacer-halign-center\"><hr class=\"kt-divider\"><\/div><\/div>\n\n<div style=\"height:20px\" aria-hidden=\"true\" class=\"wp-block-spacer\"><\/div>\n\n<p><strong>Funda\u00e7\u00e3o Alem\u00e3 de Cirurgia<\/strong><\/p>\n\n<p><a href=\"http:\/\/www.chirurgiestiftung.de\" target=\"_blank\" rel=\"noreferrer noopener\">http:\/\/www.chirurgiestiftung.de<\/a><\/p>\n\n<div class=\"wp-block-kadence-spacer aligncenter kt-block-spacer-_f81c21-04\"><div class=\"kt-block-spacer kt-block-spacer-halign-center\"><hr class=\"kt-divider\"><\/div><\/div>\n\n<div style=\"height:20px\" aria-hidden=\"true\" class=\"wp-block-spacer\"><\/div>\n\n<p><strong>Grupo de Trabalho Anemia Portugal<\/strong><\/p>\n\n<p><a href=\"https:\/\/awgp.pt\" target=\"_blank\" rel=\"noreferrer noopener\">https:\/\/awgp.pt<\/a><\/p>\n\n<div class=\"wp-block-kadence-spacer aligncenter kt-block-spacer-_b057bb-6e\"><div class=\"kt-block-spacer kt-block-spacer-halign-center\"><hr class=\"kt-divider\"><\/div><\/div>\n\n<div style=\"height:20px\" aria-hidden=\"true\" class=\"wp-block-spacer\"><\/div>\n\n<p><strong>Trabalhos de sangue: Guia do Propriet\u00e1rio<\/strong><\/p>\n\n<p><a href=\"https:\/\/bloodworksbook.com\/\" target=\"_blank\" rel=\"noreferrer noopener\">https:\/\/bloodworksbook.com\/<\/a><\/p>\n\n<div class=\"wp-block-kadence-spacer aligncenter kt-block-spacer-_a3e1e9-28\"><div class=\"kt-block-spacer kt-block-spacer-halign-center\"><hr class=\"kt-divider\"><\/div><\/div>\n\n<p><strong>Sociedade Ibero-Americana de Gest\u00e3o do Sangue do Doente<\/strong><\/p>\n\n<p><blockquote class=\"wp-embedded-content\" data-secret=\"8K0fbTwgsg\"><a href=\"https:\/\/siapbm.com\/\">Inicio<\/a><\/blockquote><iframe loading=\"lazy\" class=\"wp-embedded-content\" sandbox=\"allow-scripts\" security=\"restricted\" style=\"position: absolute; visibility: hidden;\" title=\"\u00abInicio\u00bb \u2014 SIAPBM\" src=\"https:\/\/siapbm.com\/embed\/#?secret=VZtFalZstm#?secret=8K0fbTwgsg\" data-secret=\"8K0fbTwgsg\" width=\"500\" height=\"282\" frameborder=\"0\" marginwidth=\"0\" marginheight=\"0\" scrolling=\"no\"><\/iframe><\/p>\n\n<div class=\"wp-block-kadence-spacer aligncenter kt-block-spacer-_0121f9-36\"><div class=\"kt-block-spacer kt-block-spacer-halign-center\"><hr class=\"kt-divider\"><\/div><\/div>\n","protected":false},"excerpt":{"rendered":"<p>Resumo da pol\u00edtica de gest\u00e3o do sangue dos doentes da Organiza\u00e7\u00e3o Mundial de Sa\u00fade https:\/\/www.who.int\/publications\/i\/item\/9789240035744 Autoridade Nacional do Sangue da Austr\u00e1lia http:\/\/www.blood.gov.au\/patient-blood-management http:\/\/www.blood.gov.au\/pbm-guidelines Sociedade para o Avan\u00e7o da Gest\u00e3o do Sangue http:\/\/www.sabm.org Rede para o Avan\u00e7o da Gest\u00e3o do Sangue dos Doentes, Hemostase e Trombose http:\/\/www.nataonline.com Comiss\u00e3o Australiana para a Seguran\u00e7a e Qualidade nos Cuidados <a href=\"https:\/\/patientbloodmanagement.org\/pt-pt\/recursos-de-gestao-do-sangue-dos-doentes\/ligacoes-recomendadas-para-a-gestao-do-sangue-dos-doentes\/\">[&#8230;]<\/a><\/p>\n","protected":false},"author":1,"featured_media":0,"parent":21080,"menu_order":0,"comment_status":"closed","ping_status":"closed","template":"text","meta":{"footnotes":""},"class_list":["post-18992","page","type-page","status-publish","hentry"],"acf":[],"_links":{"self":[{"href":"https:\/\/patientbloodmanagement.org\/pt-pt\/wp-json\/wp\/v2\/pages\/18992","targetHints":{"allow":["GET"]}}],"collection":[{"href":"https:\/\/patientbloodmanagement.org\/pt-pt\/wp-json\/wp\/v2\/pages"}],"about":[{"href":"https:\/\/patientbloodmanagement.org\/pt-pt\/wp-json\/wp\/v2\/types\/page"}],"author":[{"embeddable":true,"href":"https:\/\/patientbloodmanagement.org\/pt-pt\/wp-json\/wp\/v2\/users\/1"}],"replies":[{"embeddable":true,"href":"https:\/\/patientbloodmanagement.org\/pt-pt\/wp-json\/wp\/v2\/comments?post=18992"}],"version-history":[{"count":1,"href":"https:\/\/patientbloodmanagement.org\/pt-pt\/wp-json\/wp\/v2\/pages\/18992\/revisions"}],"predecessor-version":[{"id":18997,"href":"https:\/\/patientbloodmanagement.org\/pt-pt\/wp-json\/wp\/v2\/pages\/18992\/revisions\/18997"}],"up":[{"embeddable":true,"href":"https:\/\/patientbloodmanagement.org\/pt-pt\/wp-json\/wp\/v2\/pages\/21080"}],"wp:attachment":[{"href":"https:\/\/patientbloodmanagement.org\/pt-pt\/wp-json\/wp\/v2\/media?parent=18992"}],"curies":[{"name":"wp","href":"https:\/\/api.w.org\/{rel}","templated":true}]}}