
{"id":24207,"date":"2011-04-01T02:56:18","date_gmt":"2011-04-01T02:56:18","guid":{"rendered":"https:\/\/patientbloodmanagement.org\/recursos-para-la-gestion-de-la-sangre-de-los-pacientes\/directrices-para-el-manejo-de-la-sangre-del-paciente\/"},"modified":"2024-06-06T13:36:53","modified_gmt":"2024-06-06T13:36:53","slug":"directrices-para-el-manejo-de-la-sangre-del-paciente","status":"publish","type":"page","link":"https:\/\/patientbloodmanagement.org\/es\/recursos-para-la-gestion-de-la-sangre-de-los-pacientes\/directrices-para-el-manejo-de-la-sangre-del-paciente\/","title":{"rendered":"Directrices para el manejo de la sangre del paciente"},"content":{"rendered":"\n<h1 class=\"wp-block-heading\">Directrices para el manejo de la sangre del paciente<\/h1>\n\n<h2 class=\"wp-block-heading\">La Autoridad Nacional de la Sangre de Australia ha elaborado un amplio conjunto de directrices basadas en pruebas para el manejo de la sangre de los pacientes.<\/h2>\n\n<p>Para verlas en l\u00ednea, haga clic en las im\u00e1genes siguientes.<\/p>\n\n<div class=\"wp-block-columns is-layout-flex wp-container-core-columns-is-layout-9d6595d7 wp-block-columns-is-layout-flex\">\n<div class=\"wp-block-column is-layout-flow wp-block-column-is-layout-flow\" style=\"flex-basis:100%\">\n<figure class=\"wp-block-table is-style-stripes has-small-font-size\"><table class=\"has-fixed-layout\"><tbody><tr><td class=\"has-text-align-center\" data-align=\"center\"> <a href=\"http:\/\/www.blood.gov.au\/pbm-module-1\" target=\"_blank\" rel=\"noopener noreferrer\"><img decoding=\"async\" src=\"https:\/\/patientbloodmanagement.org\/wp-content\/uploads\/2023\/05\/nba_mod1_125x179.jpg\" alt=\"M&#xF3;dulo 1 Directrices para la gesti&#xF3;n de la sangre del paciente\"\/><\/a><\/td><td class=\"has-text-align-left\" data-align=\"left\">\n<p>La primera de una serie de seis directrices basadas en la evidencia fue aprobada por el Consejo Nacional de Salud e Investigaci\u00f3n M\u00e9dica (NHMRC) el 12 de noviembre de 2010, y publicada el 1 de marzo de 2011.<\/p>\n<\/td><\/tr><tr><td class=\"has-text-align-center\" data-align=\"center\"> <a href=\"http:\/\/www.blood.gov.au\/pbm-module-2\" target=\"_blank\" rel=\"noopener noreferrer\"><img decoding=\"async\" style=\"text-align: center;line-height: 1.5\" src=\"https:\/\/patientbloodmanagement.org\/wp-content\/uploads\/2023\/05\/nba_mod2_125x178.jpg\" alt=\"M&#xF3;dulo 2 Pautas para la gesti&#xF3;n de la sangre del paciente\"\/><\/a><\/td><td class=\"has-text-align-left\" data-align=\"left\">\n<p>La segunda de una serie de seis directrices basadas en la evidencia fue aprobada por el Consejo Nacional de Salud e Investigaci\u00f3n M\u00e9dica (NHMRC) el 15 de noviembre de 2011, y publicada el 9 de marzo de 2012.  <\/p>\n<\/td><\/tr><tr><td class=\"has-text-align-center\" data-align=\"center\"> <a href=\"http:\/\/www.blood.gov.au\/pbm-module-3\" target=\"_blank\" rel=\"noopener noreferrer\"><img decoding=\"async\" style=\"text-align: center;line-height: 1.5\" src=\"https:\/\/patientbloodmanagement.org\/wp-content\/uploads\/2023\/05\/nba_mod3_125x178.jpg\" alt=\"M&#xF3;dulo 3\"\/><\/a><\/td><td class=\"has-text-align-left\" data-align=\"left\">\n<p>La tercera de una serie de seis directrices basadas en la evidencia fue aprobada por el Consejo Nacional de Salud e Investigaci\u00f3n M\u00e9dica (NHMRC) el 18 de julio de 2012 y publicada el 19 de septiembre de 2012.  <\/p>\n<\/td><\/tr><tr><td class=\"has-text-align-center\" data-align=\"center\"> <a href=\"http:\/\/www.blood.gov.au\/pbm-module-4\" target=\"_blank\" rel=\"noopener noreferrer\"><img decoding=\"async\" style=\"text-align: center;line-height: 1.5\" src=\"https:\/\/patientbloodmanagement.org\/wp-content\/uploads\/2023\/05\/nba_mod4_125x178.jpg\" alt=\"M&#xF3;dulo 4\"\/><\/a><\/td><td class=\"has-text-align-left\" data-align=\"left\">\n<p>La cuarta de una serie de seis directrices basadas en la evidencia fue aprobada por el Consejo Nacional de Salud e Investigaci\u00f3n M\u00e9dica (NHMRC) el 14 de diciembre de 2012, y publicada el 5 de abril de 2013. <\/p>\n<\/td><\/tr><tr><td class=\"has-text-align-center\" data-align=\"center\"><a href=\"http:\/\/www.blood.gov.au\/pbm-module-5\" target=\"_blank\" rel=\"noopener noreferrer\"><img decoding=\"async\" src=\"https:\/\/patientbloodmanagement.org\/wp-content\/uploads\/2023\/05\/nba_mod5_125x178.jpg\" alt=\"NBA M&#xF3;dulo 5\"\/><\/a><\/td><td class=\"has-text-align-left\" data-align=\"left\">\n<p>El m\u00f3dulo de obstetricia y maternidad, el quinto de una serie de seis directrices basadas en pruebas, fue aprobado por el Consejo Nacional de Salud e Investigaci\u00f3n M\u00e9dica (NHMRC) el 22 de diciembre de 2014 y publicado el 23 de marzo de 2015.<\/p>\n<\/td><\/tr><tr><td class=\"has-text-align-center\" data-align=\"center\"><a style=\"font-family: Verdana, Arial, Helvetica, sans-serif;font-size: 11px;line-height: normal;text-align: center\" href=\"https:\/\/www.blood.gov.au\/pbm-module-6\" target=\"_blank\" rel=\"noopener noreferrer\"><img decoding=\"async\" src=\"https:\/\/patientbloodmanagement.org\/wp-content\/uploads\/2023\/05\/nba_mod6_125x178.jpg\" alt=\"M&#xF3;dulo 6 - Neonatolog&#xED;a y pediatr&#xED;a\"\/><\/a><\/td><td class=\"has-text-align-left\" data-align=\"left\"><span style=\"font-family: Verdana, Arial, Helvetica, sans-serif;font-size: 11px;line-height: normal\">La \u00faltima de una serie de seis directrices basadas en la evidencia, la recomendaci\u00f3n del m\u00f3dulo de Neonatolog\u00eda y Pediatr\u00eda, fue aprobada por el Consejo Nacional de Salud e Investigaci\u00f3n M\u00e9dica (NHMRC) el 21 de marzo de 2016. El m\u00f3dulo se public\u00f3 el 29 de abril de 2016.<\/span><\/td><\/tr><\/tbody><\/table><\/figure>\n<\/div>\n<\/div>\n","protected":false},"excerpt":{"rendered":"<p>Directrices para el manejo de la sangre del paciente La Autoridad Nacional de la Sangre de Australia ha elaborado un amplio conjunto de directrices basadas en pruebas para el manejo de la sangre de los pacientes. Para verlas en l\u00ednea, haga clic en las im\u00e1genes siguientes. La primera de una serie de seis directrices basadas <a href=\"https:\/\/patientbloodmanagement.org\/es\/recursos-para-la-gestion-de-la-sangre-de-los-pacientes\/directrices-para-el-manejo-de-la-sangre-del-paciente\/\">[&#8230;]<\/a><\/p>\n","protected":false},"author":1,"featured_media":0,"parent":21089,"menu_order":0,"comment_status":"closed","ping_status":"closed","template":"","meta":{"footnotes":""},"class_list":["post-24207","page","type-page","status-publish","hentry"],"acf":[],"_links":{"self":[{"href":"https:\/\/patientbloodmanagement.org\/es\/wp-json\/wp\/v2\/pages\/24207","targetHints":{"allow":["GET"]}}],"collection":[{"href":"https:\/\/patientbloodmanagement.org\/es\/wp-json\/wp\/v2\/pages"}],"about":[{"href":"https:\/\/patientbloodmanagement.org\/es\/wp-json\/wp\/v2\/types\/page"}],"author":[{"embeddable":true,"href":"https:\/\/patientbloodmanagement.org\/es\/wp-json\/wp\/v2\/users\/1"}],"replies":[{"embeddable":true,"href":"https:\/\/patientbloodmanagement.org\/es\/wp-json\/wp\/v2\/comments?post=24207"}],"version-history":[{"count":1,"href":"https:\/\/patientbloodmanagement.org\/es\/wp-json\/wp\/v2\/pages\/24207\/revisions"}],"predecessor-version":[{"id":24211,"href":"https:\/\/patientbloodmanagement.org\/es\/wp-json\/wp\/v2\/pages\/24207\/revisions\/24211"}],"up":[{"embeddable":true,"href":"https:\/\/patientbloodmanagement.org\/es\/wp-json\/wp\/v2\/pages\/21089"}],"wp:attachment":[{"href":"https:\/\/patientbloodmanagement.org\/es\/wp-json\/wp\/v2\/media?parent=24207"}],"curies":[{"name":"wp","href":"https:\/\/api.w.org\/{rel}","templated":true}]}}