
{"id":21089,"date":"2013-06-12T03:31:56","date_gmt":"2013-06-12T03:31:56","guid":{"rendered":"https:\/\/patientbloodmanagement.org\/recursos-para-la-gestion-de-la-sangre-de-los-pacientes\/"},"modified":"2024-06-05T16:02:05","modified_gmt":"2024-06-05T16:02:05","slug":"recursos-para-la-gestion-de-la-sangre-de-los-pacientes","status":"publish","type":"page","link":"https:\/\/patientbloodmanagement.org\/es\/recursos-para-la-gestion-de-la-sangre-de-los-pacientes\/","title":{"rendered":"Recursos para la gesti\u00f3n de la sangre de los pacientes"},"content":{"rendered":"\n<h4 class=\"wp-block-heading\"><img decoding=\"async\" src=\"https:\/\/patientbloodmanagement.org\/wp-content\/uploads\/2023\/05\/resource_library_960x400.jpg\" alt=\"Recursos para la gesti&#xF3;n de la sangre de los pacientes\" style=\"color: #000000;font-size: 12px;line-height: 1.5\"\/><\/h4>\n\n<h2 class=\"wp-block-heading has-black-color has-text-color\"><span style=\"line-height: 1.3em\"><br\/>La Fundaci\u00f3n Internacional para la Gesti\u00f3n de la Sangre del Paciente est\u00e1 a la vanguardia del creciente acervo de conocimientos e investigaci\u00f3n sobre la gesti\u00f3n de la sangre del paciente.<\/span><\/h2>\n\n<p>Los <a href=\"\/images\/ifpbm_circle.jpg\" target=\"_blank\" rel=\"noopener noreferrer\" class=\"jcepopup noicon\" style=\"line-height: 1.5\" data-mediabox=\"width[500];height[500];title[The IFPBM Charter]\">estatutos<\/a> de la Fundaci\u00f3n consisten en generar, poner en com\u00fan, transferir y ayudar en la aplicaci\u00f3n de los recursos y conocimientos sobre la gesti\u00f3n de la sangre de los pacientes. Adem\u00e1s, la Fundaci\u00f3n gestiona el acceso a profesionales l\u00edderes mundiales de la gesti\u00f3n de la sangre de pacientes para conferencias, consultas y colaboraci\u00f3n. El IFPBM actualiza constantemente nuestros recursos para la gesti\u00f3n de la sangre de los pacientes.<\/p>\n\n<h2 class=\"wp-block-heading\">Para acceder a los recursos de contenido premium del IFPBM, suscr\u00edbase <a href=\"index.php?option=com_osmembership&amp;view=plan&amp;id=1&amp;Itemid=1684\">aqu\u00ed<\/a>.<\/h2>\n\n<h2 class=\"wp-block-heading has-teal-color has-text-color\">Nuestros recursos para la gesti\u00f3n de la sangre de los pacientes<\/h2>\n\n<h2 class=\"wp-block-heading\">Videoteca<\/h2>\n\n<p>La Fundaci\u00f3n ha elaborado una serie de <a href=\"\/knowledge\/videos\" target=\"_blank\" rel=\"noopener noreferrer\">v\u00eddeos<\/a> did\u00e1cticos, o \u00abm\u00f3dulos\u00bb, para ayudarle a comprender r\u00e1pidamente la gesti\u00f3n de la sangre del paciente.<\/p>\n\n<p><strong>\u00bfPor qu\u00e9 cambiar el paradigma de la transfusi\u00f3n a la gesti\u00f3n de la sangre del paciente?<\/strong>  Este m\u00f3dulo dentifica 5 impulsores clave del cambio, examina parte de la bibliograf\u00eda clave sobre el tema e introduce el concepto de los Tres Pilares de la Gesti\u00f3n de la Sangre del Paciente. Presentado por las autoridades m\u00e9dicas, cient\u00edficas y econ\u00f3micas m\u00e1s destacadas del mundo en la gesti\u00f3n de la sangre de los pacientes, es una visi\u00f3n convincente. La duraci\u00f3n total es de 33 minutos.<\/p>\n\n<p>Los <strong>tres pilares de<\/strong> la gesti\u00f3n de la sangre del paciente repasa los fundamentos de este concepto y muestra las pruebas de que la gesti\u00f3n de la sangre del paciente produce mejores resultados en los pacientes. Presentado en un formato de estilo documental de 30 minutos, entre los comentaristas se encuentran el renombrado pionero en trasplantes de coraz\u00f3n Dr. Denton Cooley, el profesor Aryeh Shander del Hospital Englewood de Nueva York y el aclamado cirujano card\u00edaco Dr. Manuel Estioko. El v\u00eddeo tambi\u00e9n examina el primer programa australiano de gesti\u00f3n de sangre de pacientes, creado en Perth (Australia Occidental).<\/p>\n\n<p>Otros m\u00f3dulos de ense\u00f1anza, como \u00abEl papel del perfusionista en la gesti\u00f3n de la sangre del paciente\u00bb, se centran en \u00e1reas espec\u00edficas dentro de la gesti\u00f3n de la sangre del paciente.<\/p>\n\n<h2 class=\"wp-block-heading\">Base de datos de art\u00edculos<\/h2>\n\n<p>Los recursos y conocimientos sobre la gesti\u00f3n de la sangre de los pacientes siguen creciendo. Por este motivo, la Fundaci\u00f3n Internacional para la Gesti\u00f3n de la Sangre del Paciente mantiene y actualiza constantemente una<a href=\"\/knowledge\/articles\" target=\"_blank\" rel=\"noopener noreferrer\"> base de datos de art\u00edculos<\/a> con funci\u00f3n de b\u00fasqueda para la formaci\u00f3n continua y la investigaci\u00f3n. Organizada en m\u00e1s de 60 categor\u00edas o subcategor\u00edas, la base de datos permite a los profesionales sanitarios leer en unos pocos clics art\u00edculos relevantes revisados por expertos sobre la gesti\u00f3n de la sangre de los pacientes.<\/p>\n\n<h2 class=\"wp-block-heading\">Otros recursos<\/h2>\n\n<p>Otros recursos para profesionales sanitarios sobre la gesti\u00f3n de la sangre de los pacientes son las directrices para la gesti\u00f3n de la sangre de los pacientes y otras herramientas, todas ellas revisadas por los asociados cient\u00edficos de la IFPBM para comprobar su precisi\u00f3n y relevancia.<\/p>\n\n<h2 class=\"wp-block-heading\">Oficina de conferenciantes<\/h2>\n\n<p>Lleve el aprendizaje de la gesti\u00f3n de la sangre del paciente a un nuevo nivel contratando a ponentes cualificados y experimentados para que presenten y realicen talleres sobre la gesti\u00f3n de la sangre del paciente en su instituci\u00f3n. P\u00f3ngase en contacto con el orador de su elecci\u00f3n directamente a trav\u00e9s de esta p\u00e1gina web en la <a href=\"\/network\/speakers-bureau\" target=\"_blank\" rel=\"noopener noreferrer\">Oficina de Oradores<\/a>.<\/p>\n","protected":false},"excerpt":{"rendered":"<p>La Fundaci\u00f3n Internacional para la Gesti\u00f3n de la Sangre del Paciente est\u00e1 a la vanguardia del creciente acervo de conocimientos e investigaci\u00f3n sobre la gesti\u00f3n de la sangre del paciente. Los estatutos de la Fundaci\u00f3n consisten en generar, poner en com\u00fan, transferir y ayudar en la aplicaci\u00f3n de los recursos y conocimientos sobre la gesti\u00f3n <a href=\"https:\/\/patientbloodmanagement.org\/es\/recursos-para-la-gestion-de-la-sangre-de-los-pacientes\/\">[&#8230;]<\/a><\/p>\n","protected":false},"author":1,"featured_media":0,"parent":0,"menu_order":0,"comment_status":"closed","ping_status":"closed","template":"","meta":{"footnotes":""},"class_list":["post-21089","page","type-page","status-publish","hentry"],"acf":[],"_links":{"self":[{"href":"https:\/\/patientbloodmanagement.org\/es\/wp-json\/wp\/v2\/pages\/21089","targetHints":{"allow":["GET"]}}],"collection":[{"href":"https:\/\/patientbloodmanagement.org\/es\/wp-json\/wp\/v2\/pages"}],"about":[{"href":"https:\/\/patientbloodmanagement.org\/es\/wp-json\/wp\/v2\/types\/page"}],"author":[{"embeddable":true,"href":"https:\/\/patientbloodmanagement.org\/es\/wp-json\/wp\/v2\/users\/1"}],"replies":[{"embeddable":true,"href":"https:\/\/patientbloodmanagement.org\/es\/wp-json\/wp\/v2\/comments?post=21089"}],"version-history":[{"count":1,"href":"https:\/\/patientbloodmanagement.org\/es\/wp-json\/wp\/v2\/pages\/21089\/revisions"}],"predecessor-version":[{"id":21092,"href":"https:\/\/patientbloodmanagement.org\/es\/wp-json\/wp\/v2\/pages\/21089\/revisions\/21092"}],"wp:attachment":[{"href":"https:\/\/patientbloodmanagement.org\/es\/wp-json\/wp\/v2\/media?parent=21089"}],"curies":[{"name":"wp","href":"https:\/\/api.w.org\/{rel}","templated":true}]}}