
{"id":19826,"date":"2014-06-29T09:16:39","date_gmt":"2014-06-29T09:16:39","guid":{"rendered":"https:\/\/patientbloodmanagement.org\/aprenda\/gestion-de-la-sangre-del-paciente-para-administradores\/"},"modified":"2024-03-28T07:03:59","modified_gmt":"2024-03-28T07:03:59","slug":"gestion-de-la-sangre-del-paciente-para-administradores","status":"publish","type":"page","link":"https:\/\/patientbloodmanagement.org\/es\/aprenda\/gestion-de-la-sangre-del-paciente-para-administradores\/","title":{"rendered":"Gesti\u00f3n de la sangre del paciente para administradores"},"content":{"rendered":"\n<h1 class=\"wp-block-heading\">El proceso de aplicaci\u00f3n de la gesti\u00f3n de la sangre del paciente<\/h1>\n\n<figure class=\"wp-block-image aligncenter\"><img decoding=\"async\" src=\"https:\/\/patientbloodmanagement.org\/wp-content\/uploads\/2023\/05\/administrators_960x400.jpg\" alt=\"Gesti&#xF3;n de la sangre del paciente para administradores\" title=\"Gesti&#xF3;n de la sangre del paciente para administradores\"\/><\/figure>\n\n<div style=\"height:40px\" aria-hidden=\"true\" class=\"wp-block-spacer\"><\/div>\n\n<h2 class=\"wp-block-heading\">La implantaci\u00f3n de un programa de gesti\u00f3n de la sangre de los pacientes en su sistema sanitario conlleva muchas ventajas.<\/h2>\n\n<p><span style=\"color: #000000;font-family: Arial, Helvetica, sans-serif;line-height: 18px\">Los <a class=\"jcepopup noicon\" style=\"color: #5691b6\" rel=\"noopener noreferrer\" data-mediabox=\"width[500];height[500];title[IFPBM Charter]\" href=\"\/images\/ifpbm_circle.jpg\" target=\"_blank\">estatutos<\/a> de la Fundaci\u00f3n Internacional para la Gesti\u00f3n de la Sangre de los Pacientes consisten en proporcionar conocimientos sobre la gesti\u00f3n de la sangre de los pacientes, asesoramiento y apoyo para ayudar a gobiernos, hospitales y otras instituciones a poner en marcha un programa de gesti\u00f3n de la sangre de los pacientes.<\/span> <\/p>\n\n<h2 class=\"wp-block-heading\"><span lang=\"EN-AU\">\u00bfPor qu\u00e9 los principales hospitales apuestan por la gesti\u00f3n de la sangre de los pacientes?<\/span><\/h2>\n\n<p><span lang=\"EN-AU\" style=\"color: black\">La gesti\u00f3n de la sangre de los pacientes supone una mejora de la calidad y la seguridad, al tiempo que ahorra millones de d\u00f3lares.  <\/span>La literatura cient\u00edfica* demuestra que las estrategias de gesti\u00f3n de la sangre de los pacientes repercuten en los principales resultados hospitalarios, entre ellos:<\/p>\n\n<ul class=\"wp-block-list\">\n<li><span lang=\"EN-AU\">Mortalidad<\/span><\/li>\n\n\n\n<li><span lang=\"EN-AU\">Complicaciones adquiridas en el hospital<\/span><\/li>\n\n\n\n<li><span lang=\"EN-AU\">Duraci\u00f3n media de la estancia<\/span><\/li>\n\n\n\n<li><span lang=\"EN-AU\">Readmisiones<\/span><\/li>\n\n\n\n<li><span lang=\"EN-AU\">Costes hospitalarios<\/span><\/li>\n<\/ul>\n\n<h2 class=\"wp-block-heading\"><span lang=\"EN-AU\">\u00bfPor d\u00f3nde empezar?<\/span> <span lang=\"EN-AU\">Establezca su l\u00ednea de base<\/span><\/h2>\n\n<ul class=\"wp-block-list\">\n<li><span lang=\"EN-AU\">\u00bfCu\u00e1ntas de las transfusiones del hospital no cumplen las directrices actuales?<\/span><\/li>\n\n\n\n<li><span lang=\"EN-AU\">\u00bfCu\u00e1l es el rango de variaci\u00f3n en la pr\u00e1ctica transfusional de los m\u00e9dicos?<\/span><\/li>\n\n\n\n<li><span lang=\"EN-AU\">\u00bfA cu\u00e1ntos pacientes no se les ha identificado y tratado la anemia para minimizar los riesgos y los costes asociados a la transfusi\u00f3n?<\/span><\/li>\n\n\n\n<li>Cu\u00e1ntos pacientes no tienen sus riesgos de hemorragia evaluados y gestionados antes de la intervenci\u00f3n (por ejemplo, terapia anticoagulante).<\/li>\n<\/ul>\n\n<h2 class=\"wp-block-heading\">El siguiente paso  <\/h2>\n\n<ul class=\"wp-block-list\">\n<li><a href=\"https:\/\/ifpbm.org\/about\/network-with-ifpbm\/\">Conecte su organizaci\u00f3n<\/a> con los profesionales de la gesti\u00f3n de la sangre de los pacientes y los profesionales sanitarios a trav\u00e9s de la IFPBM.<\/li>\n\n\n\n<li>Utilizar las herramientas de ense\u00f1anza, incluidos los <a href=\"https:\/\/patientbloodmanagement.org\/es\/r\/videos-es\/\">m\u00f3dulos de ense\u00f1anza en v\u00eddeo<\/a> del IFPBM.  <\/li>\n\n\n\n<li>Enlace a <a href=\"https:\/\/patientbloodmanagement.org\/resources\" data-type=\"URL\" data-id=\"https:\/\/patientbloodmanagement.org\/resources\">los recursos<\/a> de la IFPBM, incluida una <a href=\"\/?cat_ID=41\">base de datos de art\u00edculos<\/a> con funci\u00f3n de b\u00fasqueda, algoritmos de gesti\u00f3n de la sangre de los pacientes, directrices, procedimientos y protocolos.<\/li>\n\n\n\n<li>P\u00f3ngase en contacto con <a href=\"\/speakers\/\">ponentes<\/a> cualificados en gesti\u00f3n de sangre de pacientes para conferencias o talleres.<\/li>\n<\/ul>\n\n<p><em><span lang=\"EN-AU\" style=\"font-size: 10.0pt;line-height: 107%\">Referencias<br\/>* Goodnough. Las pr\u00e1cticas transfusionales restrictivas se asocian a una mejora de los resultados de los pacientes.<br\/>* Kotze. Efecto de un programa PBM<br\/>* LaPar. La conservaci\u00f3n de la sangre se asocia a mejores resultados.<\/span><\/em><\/p>\n","protected":false},"excerpt":{"rendered":"<p>El proceso de aplicaci\u00f3n de la gesti\u00f3n de la sangre del paciente La implantaci\u00f3n de un programa de gesti\u00f3n de la sangre de los pacientes en su sistema sanitario conlleva muchas ventajas. Los estatutos de la Fundaci\u00f3n Internacional para la Gesti\u00f3n de la Sangre de los Pacientes consisten en proporcionar conocimientos sobre la gesti\u00f3n de <a href=\"https:\/\/patientbloodmanagement.org\/es\/aprenda\/gestion-de-la-sangre-del-paciente-para-administradores\/\">[&#8230;]<\/a><\/p>\n","protected":false},"author":1,"featured_media":0,"parent":19074,"menu_order":0,"comment_status":"closed","ping_status":"closed","template":"","meta":{"footnotes":""},"class_list":["post-19826","page","type-page","status-publish","hentry"],"acf":[],"_links":{"self":[{"href":"https:\/\/patientbloodmanagement.org\/es\/wp-json\/wp\/v2\/pages\/19826","targetHints":{"allow":["GET"]}}],"collection":[{"href":"https:\/\/patientbloodmanagement.org\/es\/wp-json\/wp\/v2\/pages"}],"about":[{"href":"https:\/\/patientbloodmanagement.org\/es\/wp-json\/wp\/v2\/types\/page"}],"author":[{"embeddable":true,"href":"https:\/\/patientbloodmanagement.org\/es\/wp-json\/wp\/v2\/users\/1"}],"replies":[{"embeddable":true,"href":"https:\/\/patientbloodmanagement.org\/es\/wp-json\/wp\/v2\/comments?post=19826"}],"version-history":[{"count":1,"href":"https:\/\/patientbloodmanagement.org\/es\/wp-json\/wp\/v2\/pages\/19826\/revisions"}],"predecessor-version":[{"id":19832,"href":"https:\/\/patientbloodmanagement.org\/es\/wp-json\/wp\/v2\/pages\/19826\/revisions\/19832"}],"up":[{"embeddable":true,"href":"https:\/\/patientbloodmanagement.org\/es\/wp-json\/wp\/v2\/pages\/19074"}],"wp:attachment":[{"href":"https:\/\/patientbloodmanagement.org\/es\/wp-json\/wp\/v2\/media?parent=19826"}],"curies":[{"name":"wp","href":"https:\/\/api.w.org\/{rel}","templated":true}]}}