
{"id":19423,"date":"2015-02-06T03:11:51","date_gmt":"2015-02-06T03:11:51","guid":{"rendered":"https:\/\/patientbloodmanagement.org\/que-es-la-gestion-de-la-sangre-del-paciente-2\/"},"modified":"2024-03-28T06:37:25","modified_gmt":"2024-03-28T06:37:25","slug":"que-es-la-gestion-de-la-sangre-del-paciente-2","status":"publish","type":"page","link":"https:\/\/patientbloodmanagement.org\/es\/que-es-la-gestion-de-la-sangre-del-paciente-2\/","title":{"rendered":"\u00bfQu\u00e9 es la gesti\u00f3n de la sangre del paciente?"},"content":{"rendered":"\n<h3 class=\"wp-block-heading\"><span class=\"\">La gesti\u00f3n de la sangre del paciente es un enfoque centrado en el paciente, sistem\u00e1tico y basado en pruebas para <\/span><span style=\"text-decoration: underline\">\n  <span class=\"\">mejorar los resultados de los pacientes <\/span>\n<\/span><span class=\"\">mediante la gesti\u00f3n y conservaci\u00f3n de la propia sangre del paciente, a la vez que se promueve la seguridad y la capacitaci\u00f3n del paciente<\/span><\/h3>\n\n<p class=\"has-text-align-center\">\n<video src=\"https:\/\/ifpbm.org\/images\/videos\/what_is_pbm.mp4\" poster=\"images\/videos\/what_is_pbm_poster2.jpg\" controls=\"controls\" width=\"641\" height=\"360\" style=\"margin-left: auto;margin-right: auto\"><\/video>\n<\/p>\n\n<p class=\"has-text-align-center\">Duraci\u00f3n: 1:26 <a href=\"\/images\/videos\/what_is_pbm_chinese.mp4\" target=\"_blank\" rel=\"noopener\">\u70b9\u51fb\u64ad\u653e<\/a><\/p>\n\n<p>La bibliograf\u00eda identifica tres factores de riesgo independientes de resultados adversos para los pacientes: la anemia, la hemorragia y la transfusi\u00f3n de sangre.<\/p>\n\n<h2 class=\"wp-block-heading\"><strong>Estos factores de riesgo son modificables con la aplicaci\u00f3n de los \u00abtres pilares\u00bb de la gesti\u00f3n de la sangre del paciente:<\/strong><\/h2>\n\n<ol class=\"wp-block-list\" type=\"1\" start=\"1\">\n<li>Optimizar la eritropoyesis (incluida la masa de gl\u00f3bulos rojos y las reservas de hierro)<\/li>\n\n\n\n<li>Minimizar la p\u00e9rdida de sangre (quir\u00fargica) y la hemorragia (coagulop\u00e1tica)<\/li>\n\n\n\n<li>Aprovechar y optimizar la reserva fisiol\u00f3gica de la anemia espec\u00edfica del paciente mientras se inicia el tratamiento<\/li>\n<\/ol>\n\n<h2 class=\"wp-block-heading\"><strong>En los pacientes quir\u00fargicos y m\u00e9dicos los tres pilares se aplican en tres fases:<\/strong><\/h2>\n\n<ol class=\"wp-block-list\" type=\"1\" start=\"1\">\n<li>Antes del tratamiento espec\u00edfico (preoperatorio)<\/li>\n\n\n\n<li>Durante el tratamiento espec\u00edfico (intraoperatorio)<\/li>\n\n\n\n<li>Seguimiento tras un tratamiento espec\u00edfico (postoperatorio)<\/li>\n<\/ol>\n\n<p>Este enfoque puede representarse como una matriz de nueve campos.<\/p>\n\n<figure class=\"wp-block-image\"><a class=\"jcepopup noicon\" href=\"\/images\/3pillars_matrix_1000x562.jpg\" target=\"_blank\" rel=\"noopener\"><img decoding=\"async\" src=\"https:\/\/patientbloodmanagement.org\/wp-content\/uploads\/2023\/05\/3pillars_matrix_600x337.jpg\" alt=\"Los 3 pilares de la gesti&#xF3;n de la sangre del paciente\" title=\"Los 3 pilares de la PBM\"\/><\/a><\/figure>\n\n<h2 class=\"wp-block-heading\">Gestionar la sangre y el sistema hemopoy\u00e9tico del paciente es como gestionar cualquiera de los dem\u00e1s \u00f3rganos y sistemas org\u00e1nicos durante el cuidado del paciente.<\/h2>\n\n<p>Los especialistas manejan el coraz\u00f3n, los ri\u00f1ones, el sistema endocrino, etc. La sangre del paciente requiere una gesti\u00f3n cl\u00ednica similar.<\/p>\n\n<p>El sistema hemopoy\u00e9tico y sus productos circulatorios son fundamentales para el funcionamiento saludable del organismo humano.<\/p>\n\n<p>La Fundaci\u00f3n Internacional para la Gesti\u00f3n de la Sangre del Paciente se compromete a garantizar que este recurso humano \u00fanico y vital se gestione y mantenga adecuadamente en la salud y la enfermedad. Con este fin, la Fundaci\u00f3n promueve t\u00e9cnicas m\u00e9dicas y quir\u00fargicas de gesti\u00f3n de la sangre del paciente con base cient\u00edfica destinadas a conservar la propia sangre del paciente y minimizar o evitar la necesidad de transfusi\u00f3n de componentes sangu\u00edneos alog\u00e9nicos.<\/p>\n\n<p>La Fundaci\u00f3n reconoce que la sangre alog\u00e9nica donada de forma altruista y en fideicomiso es un valioso recurso comunitario. Sin embargo, es un recurso costoso con un potencial significativo de resultados cl\u00ednicos adversos. En consecuencia, s\u00f3lo debe utilizarse como terapia con el consentimiento del paciente cuando existan pruebas de un beneficio potencial, no existan alternativas y los riesgos se consideren y sopesen adecuadamente frente a los beneficios.<\/p>\n\n<h2 class=\"wp-block-heading\">En este contexto, la Fundaci\u00f3n, como organizaci\u00f3n multidisciplinar, se compromete a alinear las mejores pruebas m\u00e9dicas con consideraciones \u00e9ticas y econ\u00f3micas que garanticen que las terapias relacionadas con la gesti\u00f3n de la sangre de los pacientes se eval\u00faen adecuadamente en funci\u00f3n de su rentabilidad, respetando las decisiones de los pacientes y la confianza de los donantes de sangre.  <\/h2>\n\n<p>\n<video src=\"https:\/\/ifpbm.org\/images\/videos\/isbister_what_is_pbm.mp4\" poster=\"images\/videos\/isbister_whatispbm_poster.jpg\" controls=\"controls\" width=\"640\" height=\"360\" title=\"&#xBF;Qu&#xE9; es la gesti&#xF3;n de la sangre del paciente?\"><track kind=\"subtitles\" src=\"https:\/\/ifpbm.org\/images\/videos\/isbisterwhatispbm.en.vtt\" srclang=\"en\" label=\"Ingl&#xE9;s\"><track kind=\"subtitles\" src=\"https:\/\/ifpbm.org\/images\/videos\/isbisterwhatispbm.zh.vtt\" srclang=\"zh\" label=\"Chino (simplificado)\">,, ,, ,, ,,,,,,,Lo siento; su navegador no soporta video HTML5<\/track\/><\/video>\n<\/p>\n\n<p>El profesor James Isbister explica la gesti\u00f3n de la sangre de los pacientes (Ejecuta 1:12 subt\u00edtulos en chino)<br\/><em><\/em><\/p>\n","protected":false},"excerpt":{"rendered":"<p>La gesti\u00f3n de la sangre del paciente es un enfoque centrado en el paciente, sistem\u00e1tico y basado en pruebas para mejorar los resultados de los pacientes mediante la gesti\u00f3n y conservaci\u00f3n de la propia sangre del paciente, a la vez que se promueve la seguridad y la capacitaci\u00f3n del paciente Duraci\u00f3n: 1:26 \u70b9\u51fb\u64ad\u653e La bibliograf\u00eda <a href=\"https:\/\/patientbloodmanagement.org\/es\/que-es-la-gestion-de-la-sangre-del-paciente-2\/\">[&#8230;]<\/a><\/p>\n","protected":false},"author":1,"featured_media":0,"parent":0,"menu_order":0,"comment_status":"closed","ping_status":"closed","template":"","meta":{"footnotes":""},"class_list":["post-19423","page","type-page","status-publish","hentry"],"acf":[],"_links":{"self":[{"href":"https:\/\/patientbloodmanagement.org\/es\/wp-json\/wp\/v2\/pages\/19423","targetHints":{"allow":["GET"]}}],"collection":[{"href":"https:\/\/patientbloodmanagement.org\/es\/wp-json\/wp\/v2\/pages"}],"about":[{"href":"https:\/\/patientbloodmanagement.org\/es\/wp-json\/wp\/v2\/types\/page"}],"author":[{"embeddable":true,"href":"https:\/\/patientbloodmanagement.org\/es\/wp-json\/wp\/v2\/users\/1"}],"replies":[{"embeddable":true,"href":"https:\/\/patientbloodmanagement.org\/es\/wp-json\/wp\/v2\/comments?post=19423"}],"version-history":[{"count":1,"href":"https:\/\/patientbloodmanagement.org\/es\/wp-json\/wp\/v2\/pages\/19423\/revisions"}],"predecessor-version":[{"id":19428,"href":"https:\/\/patientbloodmanagement.org\/es\/wp-json\/wp\/v2\/pages\/19423\/revisions\/19428"}],"wp:attachment":[{"href":"https:\/\/patientbloodmanagement.org\/es\/wp-json\/wp\/v2\/media?parent=19423"}],"curies":[{"name":"wp","href":"https:\/\/api.w.org\/{rel}","templated":true}]}}