
{"id":19384,"date":"2015-02-15T23:50:25","date_gmt":"2015-02-15T23:50:25","guid":{"rendered":"https:\/\/patientbloodmanagement.org\/consejos-a-los-pacientes\/lo-que-su-medico-debe-decirle\/"},"modified":"2024-03-28T06:34:53","modified_gmt":"2024-03-28T06:34:53","slug":"lo-que-su-medico-debe-decirle","status":"publish","type":"page","link":"https:\/\/patientbloodmanagement.org\/es\/aprenda\/consejos-a-los-pacientes\/lo-que-su-medico-debe-decirle\/","title":{"rendered":"Lo que su m\u00e9dico debe decirle"},"content":{"rendered":"\n<div class=\"wp-block-group sidebar-navigation-layout is-layout-constrained wp-block-group-is-layout-constrained\">\n<div class=\"wp-block-columns are-vertically-aligned-top about is-layout-flex wp-container-core-columns-is-layout-9d6595d7 wp-block-columns-is-layout-flex\">\n<div class=\"wp-block-column is-vertically-aligned-top about-navigation is-content-justification-left is-layout-constrained wp-container-core-column-is-layout-8c890d92 wp-block-column-is-layout-constrained\" style=\"flex-basis:20%\"><nav class=\"is-vertical sidebar-navigation wp-block-navigation is-layout-flex wp-container-core-navigation-is-layout-8cf370e7 wp-block-navigation-is-layout-flex\" aria-label=\"Navegaci\u00f3n por la barra lateral\"><ul class=\"wp-block-navigation__container  is-vertical sidebar-navigation wp-block-navigation\"><li data-wp-context=\"{ &quot;submenuOpenedBy&quot;: { &quot;click&quot;: false, &quot;hover&quot;: false, &quot;focus&quot;: false }, &quot;type&quot;: &quot;submenu&quot;, &quot;modal&quot;: null }\" data-wp-interactive=\"core\/navigation\" data-wp-on--focusout=\"actions.handleMenuFocusout\" data-wp-on--keydown=\"actions.handleMenuKeydown\" data-wp-on-async--mouseenter=\"actions.openMenuOnHover\" data-wp-on-async--mouseleave=\"actions.closeMenuOnHover\" data-wp-watch=\"callbacks.initMenu\" tabindex=\"-1\" class=\"wp-block-navigation-item has-child open-on-hover-click sidebar-navigation__learn wp-block-navigation-submenu\"><a class=\"wp-block-navigation-item__content\" href=\"https:\/\/patientbloodmanagement.org\/learn\/\" title=\"Learn about IFPBM\"><span class=\"wp-block-navigation-item__label\">Aprenda<\/span><\/a><button data-wp-bind--aria-expanded=\"state.isMenuOpen\" data-wp-on-async--click=\"actions.toggleMenuOnClick\" aria-label=\"Submen\u00fa de Aprenda\" class=\"wp-block-navigation__submenu-icon wp-block-navigation-submenu__toggle\" ><svg xmlns=\"http:\/\/www.w3.org\/2000\/svg\" width=\"12\" height=\"12\" viewBox=\"0 0 12 12\" fill=\"none\" aria-hidden=\"true\" focusable=\"false\"><path d=\"M1.50002 4L6.00002 8L10.5 4\" stroke-width=\"1.5\"><\/path><\/svg><\/button><ul data-wp-on-async--focus=\"actions.openMenuOnFocus\" class=\"wp-block-navigation__submenu-container sidebar-navigation__learn wp-block-navigation-submenu\"><li data-wp-context=\"{ &quot;submenuOpenedBy&quot;: { &quot;click&quot;: false, &quot;hover&quot;: false, &quot;focus&quot;: false }, &quot;type&quot;: &quot;submenu&quot;, &quot;modal&quot;: null }\" data-wp-interactive=\"core\/navigation\" data-wp-on--focusout=\"actions.handleMenuFocusout\" data-wp-on--keydown=\"actions.handleMenuKeydown\" data-wp-on-async--mouseenter=\"actions.openMenuOnHover\" data-wp-on-async--mouseleave=\"actions.closeMenuOnHover\" data-wp-watch=\"callbacks.initMenu\" tabindex=\"-1\" class=\"wp-block-navigation-item has-child open-on-hover-click wp-block-navigation-submenu\"><a class=\"wp-block-navigation-item__content\" href=\"https:\/\/patientbloodmanagement.org\/learn\/what-is-patient-blood-management\/\"><span class=\"wp-block-navigation-item__label\">\u00bfQu\u00e9 es PBM?<\/span><\/a><button data-wp-bind--aria-expanded=\"state.isMenuOpen\" data-wp-on-async--click=\"actions.toggleMenuOnClick\" aria-label=\"Submen\u00fa de \u00bfQu\u00e9 es PBM?\" class=\"wp-block-navigation__submenu-icon wp-block-navigation-submenu__toggle\" ><svg xmlns=\"http:\/\/www.w3.org\/2000\/svg\" width=\"12\" height=\"12\" viewBox=\"0 0 12 12\" fill=\"none\" aria-hidden=\"true\" focusable=\"false\"><path d=\"M1.50002 4L6.00002 8L10.5 4\" stroke-width=\"1.5\"><\/path><\/svg><\/button><ul data-wp-on-async--focus=\"actions.openMenuOnFocus\" class=\"wp-block-navigation__submenu-container wp-block-navigation-submenu\"><li class=\" wp-block-navigation-item wp-block-navigation-link\"><a class=\"wp-block-navigation-item__content\"  href=\"https:\/\/patientbloodmanagement.org\/learn\/the-history-of-patient-blood-management\/\"><span class=\"wp-block-navigation-item__label\">Historia de PBM<\/span><\/a><\/li><\/ul><\/li><li data-wp-context=\"{ &quot;submenuOpenedBy&quot;: { &quot;click&quot;: false, &quot;hover&quot;: false, &quot;focus&quot;: false }, &quot;type&quot;: &quot;submenu&quot;, &quot;modal&quot;: null }\" data-wp-interactive=\"core\/navigation\" data-wp-on--focusout=\"actions.handleMenuFocusout\" data-wp-on--keydown=\"actions.handleMenuKeydown\" data-wp-on-async--mouseenter=\"actions.openMenuOnHover\" data-wp-on-async--mouseleave=\"actions.closeMenuOnHover\" data-wp-watch=\"callbacks.initMenu\" tabindex=\"-1\" class=\"wp-block-navigation-item has-child open-on-hover-click wp-block-navigation-submenu\"><a class=\"wp-block-navigation-item__content\" href=\"https:\/\/patientbloodmanagement.org\/learn\/patient-advice\/\"><span class=\"wp-block-navigation-item__label\">Consejos a los pacientes<\/span><\/a><button data-wp-bind--aria-expanded=\"state.isMenuOpen\" data-wp-on-async--click=\"actions.toggleMenuOnClick\" aria-label=\"Submen\u00fa de Consejos a los pacientes\" class=\"wp-block-navigation__submenu-icon wp-block-navigation-submenu__toggle\" ><svg xmlns=\"http:\/\/www.w3.org\/2000\/svg\" width=\"12\" height=\"12\" viewBox=\"0 0 12 12\" fill=\"none\" aria-hidden=\"true\" focusable=\"false\"><path d=\"M1.50002 4L6.00002 8L10.5 4\" stroke-width=\"1.5\"><\/path><\/svg><\/button><ul data-wp-on-async--focus=\"actions.openMenuOnFocus\" class=\"wp-block-navigation__submenu-container wp-block-navigation-submenu\"><li class=\" wp-block-navigation-item wp-block-navigation-link\"><a class=\"wp-block-navigation-item__content\"  href=\"https:\/\/patientbloodmanagement.org\/learn\/patient-advice\/why-your-blood-is-important\/\"><span class=\"wp-block-navigation-item__label\">Importancia de la sangre<\/span><\/a><\/li><li class=\" wp-block-navigation-item wp-block-navigation-link\"><a class=\"wp-block-navigation-item__content\"  href=\"https:\/\/patientbloodmanagement.org\/learn\/patient-advice\/what-your-doctor-should-tell-you\/\"><span class=\"wp-block-navigation-item__label\">Lo que su m\u00e9dico debe decirle<\/span><\/a><\/li><li class=\" wp-block-navigation-item wp-block-navigation-link\"><a class=\"wp-block-navigation-item__content\"  href=\"https:\/\/patientbloodmanagement.org\/learn\/patient-advice\/how-to-manage-the-doctor-patient-relationship\/\"><span class=\"wp-block-navigation-item__label\">Relaci\u00f3n m\u00e9dico\/paciente<\/span><\/a><\/li><li class=\" wp-block-navigation-item wp-block-navigation-link\"><a class=\"wp-block-navigation-item__content\"  href=\"https:\/\/patientbloodmanagement.org\/learn\/patient-advice\/two-simple-questions-to-ask-your-doctor\/\"><span class=\"wp-block-navigation-item__label\">3 sencillas preguntas que debe hacer a su m\u00e9dico<\/span><\/a><\/li><\/ul><\/li><li data-wp-context=\"{ &quot;submenuOpenedBy&quot;: { &quot;click&quot;: false, &quot;hover&quot;: false, &quot;focus&quot;: false }, &quot;type&quot;: &quot;submenu&quot;, &quot;modal&quot;: null }\" data-wp-interactive=\"core\/navigation\" data-wp-on--focusout=\"actions.handleMenuFocusout\" data-wp-on--keydown=\"actions.handleMenuKeydown\" data-wp-on-async--mouseenter=\"actions.openMenuOnHover\" data-wp-on-async--mouseleave=\"actions.closeMenuOnHover\" data-wp-watch=\"callbacks.initMenu\" tabindex=\"-1\" class=\"wp-block-navigation-item has-child open-on-hover-click wp-block-navigation-submenu\"><a class=\"wp-block-navigation-item__content\" href=\"https:\/\/patientbloodmanagement.org\/learn\/patient-blood-management-for-clinicians\/\"><span class=\"wp-block-navigation-item__label\">PBM &#8211; Profesionales de la salud<\/span><\/a><button data-wp-bind--aria-expanded=\"state.isMenuOpen\" data-wp-on-async--click=\"actions.toggleMenuOnClick\" aria-label=\"Submen\u00fa de PBM - Profesionales de la salud\" class=\"wp-block-navigation__submenu-icon wp-block-navigation-submenu__toggle\" ><svg xmlns=\"http:\/\/www.w3.org\/2000\/svg\" width=\"12\" height=\"12\" viewBox=\"0 0 12 12\" fill=\"none\" aria-hidden=\"true\" focusable=\"false\"><path d=\"M1.50002 4L6.00002 8L10.5 4\" stroke-width=\"1.5\"><\/path><\/svg><\/button><ul data-wp-on-async--focus=\"actions.openMenuOnFocus\" class=\"wp-block-navigation__submenu-container wp-block-navigation-submenu\"><li class=\" wp-block-navigation-item wp-block-navigation-link\"><a class=\"wp-block-navigation-item__content\"  href=\"https:\/\/patientbloodmanagement.org\/learn\/patient-blood-management-for-clinicians\/patient-blood-management-how-ifpbm-can-support-you\/\"><span class=\"wp-block-navigation-item__label\">C\u00f3mo puede ayudarle el IFPBM<\/span><\/a><\/li><li class=\" wp-block-navigation-item wp-block-navigation-link\"><a class=\"wp-block-navigation-item__content\"  href=\"https:\/\/patientbloodmanagement.org\/learn\/patient-blood-management-for-clinicians\/what-you-should-know-about-pbm\/\"><span class=\"wp-block-navigation-item__label\">M\u00e1s informaci\u00f3n sobre PBM<\/span><\/a><\/li><li class=\" wp-block-navigation-item wp-block-navigation-link\"><a class=\"wp-block-navigation-item__content\"  href=\"https:\/\/ifpbm.org\/about\/contribute-to-ifpbm-research\/\"><span class=\"wp-block-navigation-item__label\">Investigaci\u00f3n<\/span><\/a><\/li><\/ul><\/li><\/ul><\/li><li data-wp-context=\"{ &quot;submenuOpenedBy&quot;: { &quot;click&quot;: false, &quot;hover&quot;: false, &quot;focus&quot;: false }, &quot;type&quot;: &quot;submenu&quot;, &quot;modal&quot;: null }\" data-wp-interactive=\"core\/navigation\" data-wp-on--focusout=\"actions.handleMenuFocusout\" data-wp-on--keydown=\"actions.handleMenuKeydown\" data-wp-on-async--mouseenter=\"actions.openMenuOnHover\" data-wp-on-async--mouseleave=\"actions.closeMenuOnHover\" data-wp-watch=\"callbacks.initMenu\" tabindex=\"-1\" class=\"wp-block-navigation-item has-child open-on-hover-click sidebar-navigation__resources wp-block-navigation-submenu\"><a class=\"wp-block-navigation-item__content\" href=\"https:\/\/patientbloodmanagement.org\/ifpbm-professional-resources\/\"><span class=\"wp-block-navigation-item__label\">Recursos profesionales de la IFPBM<\/span><\/a><button data-wp-bind--aria-expanded=\"state.isMenuOpen\" data-wp-on-async--click=\"actions.toggleMenuOnClick\" aria-label=\"Submen\u00fa de Recursos profesionales de la IFPBM\" class=\"wp-block-navigation__submenu-icon wp-block-navigation-submenu__toggle\" ><svg xmlns=\"http:\/\/www.w3.org\/2000\/svg\" width=\"12\" height=\"12\" viewBox=\"0 0 12 12\" fill=\"none\" aria-hidden=\"true\" focusable=\"false\"><path d=\"M1.50002 4L6.00002 8L10.5 4\" stroke-width=\"1.5\"><\/path><\/svg><\/button><ul data-wp-on-async--focus=\"actions.openMenuOnFocus\" class=\"wp-block-navigation__submenu-container sidebar-navigation__resources wp-block-navigation-submenu\"><li class=\" wp-block-navigation-item wp-block-navigation-link\"><a class=\"wp-block-navigation-item__content\"  href=\"https:\/\/patientbloodmanagement.org\/r\/articles\"><span class=\"wp-block-navigation-item__label\">Art\u00edculos<\/span><\/a><\/li><li class=\" wp-block-navigation-item wp-block-navigation-link\"><a class=\"wp-block-navigation-item__content\"  href=\"https:\/\/patientbloodmanagement.org\/r\/videos\"><span class=\"wp-block-navigation-item__label\">V\u00eddeos<\/span><\/a><\/li><li class=\" wp-block-navigation-item wp-block-navigation-link\"><a class=\"wp-block-navigation-item__content\"  href=\"https:\/\/patientbloodmanagement.org\/r\/textbooks\"><span class=\"wp-block-navigation-item__label\">Libros de texto<\/span><\/a><\/li><li class=\" wp-block-navigation-item wp-block-navigation-link\"><a class=\"wp-block-navigation-item__content\"  href=\"https:\/\/patientbloodmanagement.org\/r\/guidelines\"><span class=\"wp-block-navigation-item__label\">Directrices<\/span><\/a><\/li><li class=\" wp-block-navigation-item wp-block-navigation-link\"><a class=\"wp-block-navigation-item__content\"  href=\"https:\/\/patientbloodmanagement.org\/r\/conferences\/\"><span class=\"wp-block-navigation-item__label\">Conferencias<\/span><\/a><\/li><li class=\" wp-block-navigation-item wp-block-navigation-link\"><a class=\"wp-block-navigation-item__content\"  href=\"https:\/\/patientbloodmanagement.org\/speakers\/\"><span class=\"wp-block-navigation-item__label\">Altavoces<\/span><\/a><\/li><li class=\" wp-block-navigation-item wp-block-navigation-link\"><a class=\"wp-block-navigation-item__content\"  href=\"https:\/\/patientbloodmanagement.org\/r\/links\/\"><span class=\"wp-block-navigation-item__label\">Enlaces<\/span><\/a><\/li><\/ul><\/li><li data-wp-context=\"{ &quot;submenuOpenedBy&quot;: { &quot;click&quot;: false, &quot;hover&quot;: false, &quot;focus&quot;: false }, &quot;type&quot;: &quot;submenu&quot;, &quot;modal&quot;: null }\" data-wp-interactive=\"core\/navigation\" data-wp-on--focusout=\"actions.handleMenuFocusout\" data-wp-on--keydown=\"actions.handleMenuKeydown\" data-wp-on-async--mouseenter=\"actions.openMenuOnHover\" data-wp-on-async--mouseleave=\"actions.closeMenuOnHover\" data-wp-watch=\"callbacks.initMenu\" tabindex=\"-1\" class=\"wp-block-navigation-item has-child open-on-hover-click sidebar-navigation__about wp-block-navigation-submenu\"><a class=\"wp-block-navigation-item__content\" href=\"https:\/\/ifpbm.org\/about\/\"><span class=\"wp-block-navigation-item__label\">Acerca de<\/span><\/a><button data-wp-bind--aria-expanded=\"state.isMenuOpen\" data-wp-on-async--click=\"actions.toggleMenuOnClick\" aria-label=\"Submen\u00fa de Acerca de\" class=\"wp-block-navigation__submenu-icon wp-block-navigation-submenu__toggle\" ><svg xmlns=\"http:\/\/www.w3.org\/2000\/svg\" width=\"12\" height=\"12\" viewBox=\"0 0 12 12\" fill=\"none\" aria-hidden=\"true\" focusable=\"false\"><path d=\"M1.50002 4L6.00002 8L10.5 4\" stroke-width=\"1.5\"><\/path><\/svg><\/button><ul data-wp-on-async--focus=\"actions.openMenuOnFocus\" class=\"wp-block-navigation__submenu-container sidebar-navigation__about wp-block-navigation-submenu\"><li data-wp-context=\"{ &quot;submenuOpenedBy&quot;: { &quot;click&quot;: false, &quot;hover&quot;: false, &quot;focus&quot;: false }, &quot;type&quot;: &quot;submenu&quot;, &quot;modal&quot;: null }\" data-wp-interactive=\"core\/navigation\" data-wp-on--focusout=\"actions.handleMenuFocusout\" data-wp-on--keydown=\"actions.handleMenuKeydown\" data-wp-on-async--mouseenter=\"actions.openMenuOnHover\" data-wp-on-async--mouseleave=\"actions.closeMenuOnHover\" data-wp-watch=\"callbacks.initMenu\" tabindex=\"-1\" class=\"wp-block-navigation-item has-child open-on-hover-click wp-block-navigation-submenu\"><a class=\"wp-block-navigation-item__content\" href=\"https:\/\/ifpbm.org\/board-trustees\/\"><span class=\"wp-block-navigation-item__label\">Junta de S\u00edndicos<\/span><\/a><button data-wp-bind--aria-expanded=\"state.isMenuOpen\" data-wp-on-async--click=\"actions.toggleMenuOnClick\" aria-label=\"Submen\u00fa de Junta de S\u00edndicos\" class=\"wp-block-navigation__submenu-icon wp-block-navigation-submenu__toggle\" ><svg xmlns=\"http:\/\/www.w3.org\/2000\/svg\" width=\"12\" height=\"12\" viewBox=\"0 0 12 12\" fill=\"none\" aria-hidden=\"true\" focusable=\"false\"><path d=\"M1.50002 4L6.00002 8L10.5 4\" stroke-width=\"1.5\"><\/path><\/svg><\/button><ul data-wp-on-async--focus=\"actions.openMenuOnFocus\" class=\"wp-block-navigation__submenu-container wp-block-navigation-submenu\"><li class=\" wp-block-navigation-item wp-block-navigation-link\"><a class=\"wp-block-navigation-item__content\"  href=\"https:\/\/ifpbm.org\/hans-gombotz\/\"><span class=\"wp-block-navigation-item__label\">Prof. Dr. Hans Gombotz<\/span><\/a><\/li><\/ul><\/li><li class=\" wp-block-navigation-item wp-block-navigation-link\"><a class=\"wp-block-navigation-item__content\"  href=\"https:\/\/ifpbm.org\/scientific-associates\/\"><span class=\"wp-block-navigation-item__label\">Asociados cient\u00edficos<\/span><\/a><\/li><li class=\" wp-block-navigation-item wp-block-navigation-link\"><a class=\"wp-block-navigation-item__content\"  href=\"https:\/\/ifpbm.org\/about\/contact-us\/\"><span class=\"wp-block-navigation-item__label\">Contacte con nosotros<\/span><\/a><\/li><li class=\" wp-block-navigation-item wp-block-navigation-link\"><a class=\"wp-block-navigation-item__content\"  href=\"https:\/\/ifpbm.org\/about\/network-with-ifpbm\/\"><span class=\"wp-block-navigation-item__label\">Red<\/span><\/a><\/li><li class=\" wp-block-navigation-item wp-block-navigation-link\"><a class=\"wp-block-navigation-item__content\"  href=\"https:\/\/patientbloodmanagement.org\/ifpbm-professional-resources\/\"><span class=\"wp-block-navigation-item__label\">Apoyar \/ Colaborar<\/span><\/a><\/li><li class=\" wp-block-navigation-item wp-block-navigation-link\"><a class=\"wp-block-navigation-item__content\"  href=\"https:\/\/ifpbm.org\/donate\/\"><span class=\"wp-block-navigation-item__label\">Donar<\/span><\/a><\/li><\/ul><\/li><\/ul><\/nav><\/div>\n\n\n\n<div class=\"wp-block-column is-vertically-aligned-top is-layout-flow wp-block-column-is-layout-flow\" style=\"flex-basis:80%\">\n<figure class=\"wp-block-image aligncenter\"><img decoding=\"async\" src=\"https:\/\/patientbloodmanagement.org\/wp-content\/uploads\/2023\/05\/doctor_ipad_960x400.jpg\" alt=\"\"\/><\/figure>\n\n\n\n<p><\/p>\n\n\n\n<p>Su m\u00e9dico le explicar\u00e1 la naturaleza de su problema y los beneficios y riesgos del tratamiento que se le recomienda.<\/p>\n\n\n\n<p><strong>Adem\u00e1s, el funcionamiento normal de su sangre puede ser un factor importante para el \u00e9xito de su tratamiento.<\/strong>  Su m\u00e9dico tambi\u00e9n deber\u00eda comentarlo con usted. \u00bfPor qu\u00e9? Porque si se detecta con antelaci\u00f3n cualquier anomal\u00eda, pueden tomarse las medidas adecuadas para corregirla de antemano o minimizar su impacto en el \u00e9xito del tratamiento.<\/p>\n\n\n\n<p>Por ejemplo, identificar y tratar la anemia, o la probabilidad de hemorragia, minimizar\u00eda o eliminar\u00eda la necesidad de una transfusi\u00f3n de sangre.<\/p>\n\n\n\n<p>V\u00e9ase tambi\u00e9n <a href=\"https:\/\/patientbloodmanagement.org\/learn\/patient-advice\/two-simple-questions-to-ask-your-doctor\/\">Tres preguntas sencillas para su m\u00e9dico<\/a><\/p>\n<\/div>\n<\/div>\n<\/div>\n\n<div style=\"height:51px\" aria-hidden=\"true\" class=\"wp-block-spacer\"><\/div>\n\n<p><\/p>\n","protected":false},"excerpt":{"rendered":"<p>Su m\u00e9dico le explicar\u00e1 la naturaleza de su problema y los beneficios y riesgos del tratamiento que se le recomienda. Adem\u00e1s, el funcionamiento normal de su sangre puede ser un factor importante para el \u00e9xito de su tratamiento. Su m\u00e9dico tambi\u00e9n deber\u00eda comentarlo con usted. \u00bfPor qu\u00e9? Porque si se detecta con antelaci\u00f3n cualquier anomal\u00eda, <a href=\"https:\/\/patientbloodmanagement.org\/es\/aprenda\/consejos-a-los-pacientes\/lo-que-su-medico-debe-decirle\/\">[&#8230;]<\/a><\/p>\n","protected":false},"author":1,"featured_media":0,"parent":18953,"menu_order":0,"comment_status":"closed","ping_status":"closed","template":"text","meta":{"footnotes":""},"class_list":["post-19384","page","type-page","status-publish","hentry"],"acf":[],"_links":{"self":[{"href":"https:\/\/patientbloodmanagement.org\/es\/wp-json\/wp\/v2\/pages\/19384","targetHints":{"allow":["GET"]}}],"collection":[{"href":"https:\/\/patientbloodmanagement.org\/es\/wp-json\/wp\/v2\/pages"}],"about":[{"href":"https:\/\/patientbloodmanagement.org\/es\/wp-json\/wp\/v2\/types\/page"}],"author":[{"embeddable":true,"href":"https:\/\/patientbloodmanagement.org\/es\/wp-json\/wp\/v2\/users\/1"}],"replies":[{"embeddable":true,"href":"https:\/\/patientbloodmanagement.org\/es\/wp-json\/wp\/v2\/comments?post=19384"}],"version-history":[{"count":1,"href":"https:\/\/patientbloodmanagement.org\/es\/wp-json\/wp\/v2\/pages\/19384\/revisions"}],"predecessor-version":[{"id":19388,"href":"https:\/\/patientbloodmanagement.org\/es\/wp-json\/wp\/v2\/pages\/19384\/revisions\/19388"}],"up":[{"embeddable":true,"href":"https:\/\/patientbloodmanagement.org\/es\/wp-json\/wp\/v2\/pages\/18953"}],"wp:attachment":[{"href":"https:\/\/patientbloodmanagement.org\/es\/wp-json\/wp\/v2\/media?parent=19384"}],"curies":[{"name":"wp","href":"https:\/\/api.w.org\/{rel}","templated":true}]}}