
{"id":19320,"date":"2015-03-03T02:47:49","date_gmt":"2015-03-03T02:47:49","guid":{"rendered":"https:\/\/patientbloodmanagement.org\/politica-de-cookies-del-ifpbm\/"},"modified":"2024-03-28T06:30:54","modified_gmt":"2024-03-28T06:30:54","slug":"politica-de-cookies-del-ifpbm","status":"publish","type":"page","link":"https:\/\/patientbloodmanagement.org\/es\/politica-de-cookies-del-ifpbm\/","title":{"rendered":"Pol\u00edtica de cookies del IFPBM"},"content":{"rendered":"\n<p><strong style=\"line-height: 1.5\">Su privacidad &#8211; c\u00f3mo utiliza las cookies el IFPBM<\/strong><\/p>\n\n<p>El IFPBM utiliza peque\u00f1as cantidades de datos almacenados en su ordenador denominadas \u00abcookies\u00bb para recopilar informaci\u00f3n sobre c\u00f3mo los visitantes (usuarios) utilizan el sitio web (v\u00e9anse m\u00e1s explicaciones en el apartado \u00abCookies de Google Analytics\u00bb m\u00e1s adelante). Usted puede controlar qu\u00e9 cookies, en su caso, se almacenan en su ordenador. A continuaci\u00f3n encontrar\u00e1 m\u00e1s informaci\u00f3n sobre las cookies.<\/p>\n\n<p>\u00bfQu\u00e9 es una galleta?<\/p>\n\n<p>Una cookie es una peque\u00f1a cantidad de datos que un sitio web env\u00eda a su ordenador o tel\u00e9fono m\u00f3vil. Suele incluir un identificador \u00fanico y se almacena en el disco duro de su dispositivo. El IFPBM no utiliza cookies para recopilar informaci\u00f3n que pueda utilizarse para identificarle.<\/p>\n\n<p>Cada sitio web puede enviar su propia cookie a su navegador si las preferencias de \u00e9ste lo permiten. Su navegador es el programa inform\u00e1tico que utiliza para acceder a Internet. Por defecto, su navegador s\u00f3lo permitir\u00e1 que un sitio web acceda a las cookies que ya le ha enviado, y no a las cookies que le env\u00ede cualquier otro sitio web. Esto es para proteger su privacidad.<\/p>\n\n<p>Para m\u00e1s informaci\u00f3n, visite: <a href=\"http:\/\/en.wikipedia.org\/wiki\/HTTP_cookie\">http:\/\/en.wikipedia.org\/wiki\/HTTP_cookie<\/a><a href=\"http:\/\/www.bbc.co.uk\/webwise\/guides\/about-cookies\" target=\"_blank\" rel=\"noopener\"><br\/><\/a><\/p>\n\n<p><strong>Servicios que necesitan cookies para funcionar<\/strong><\/p>\n\n<p>Algunos servicios necesitan almacenar una cookie en su ordenador para funcionar. Estas cookies se eliminan cuando termina de utilizar el servicio. Si se bloquean las cookies, estos servicios espec\u00edficos no funcionar\u00e1n.<\/p>\n\n<p>Controlar qu\u00e9 cookies se almacenan en su ordenador:<\/p>\n\n<p>Puede configurar su(s) dispositivo(s) para:<\/p>\n\n<ul class=\"wp-block-list\">\n<li>Aceptar todas las cookies<\/li>\n\n\n\n<li>Indicarle cu\u00e1ndo se recibe una cookie<\/li>\n\n\n\n<li>No recibir cookies<\/li>\n<\/ul>\n\n<p>Cada navegador es diferente, as\u00ed que consulte el men\u00fa \u00abAyuda\u00bb de su navegador para saber c\u00f3mo cambiar sus preferencias de cookies.<\/p>\n\n<p><\/p>\n\n<p><strong>Cookies de Google Analytics<\/strong><\/p>\n\n<p>El IFPBM utiliza Google Analytics, un servicio anal\u00edtico de web prestado por Google, Inc. Google Analytics instala una cookie para evaluar su uso del sitio.<\/p>\n\n<p>Google almacena la informaci\u00f3n recogida por la cookie en servidores de Estados Unidos. Google podr\u00e1 transmitir dicha informaci\u00f3n a terceros cuando as\u00ed se lo requiera la legislaci\u00f3n, o cuando dichos terceros procesen la informaci\u00f3n por cuenta de Google. Google no asociar\u00e1 su direcci\u00f3n IP con ning\u00fan otro dato del que disponga Google. Al utilizar el sitio, usted consiente el tratamiento de informaci\u00f3n acerca de usted por Google en la forma y para los fines arriba indicados.<\/p>\n\n<p><\/p>\n\n<p><strong>Rechazar o eliminar las cookies<\/strong><\/p>\n\n<p>Si desea restringir o bloquear las cookies establecidas por el IFPBM, puede hacerlo a trav\u00e9s de la configuraci\u00f3n de su navegador. El men\u00fa \u00abAyuda\u00bb de su navegador deber\u00eda explicarle c\u00f3mo hacerlo. Tambi\u00e9n deber\u00eda explicarle c\u00f3mo eliminar las cookies de su ordenador.<\/p>\n\n<p>Para obtener informaci\u00f3n m\u00e1s espec\u00edfica sobre c\u00f3mo rechazar o eliminar las cookies de Google Analytics en un dispositivo m\u00f3vil, visite: <a href=\"http:\/\/www.google.com\/intl\/en\/privacypolicy.html\" target=\"_blank\" rel=\"noopener\">http:\/\/www.google.com\/intl\/en\/privacypolicy.html<\/a> (Tel\u00e9fonos m\u00f3viles &#8211; rechazo de cookies). Para obtener informaci\u00f3n espec\u00edfica sobre c\u00f3mo rechazar las cookies de Google Analytics en el navegador de su tel\u00e9fono m\u00f3vil, consulte el manual de su terminal.<\/p>\n","protected":false},"excerpt":{"rendered":"<p>Su privacidad &#8211; c\u00f3mo utiliza las cookies el IFPBM El IFPBM utiliza peque\u00f1as cantidades de datos almacenados en su ordenador denominadas \u00abcookies\u00bb para recopilar informaci\u00f3n sobre c\u00f3mo los visitantes (usuarios) utilizan el sitio web (v\u00e9anse m\u00e1s explicaciones en el apartado \u00abCookies de Google Analytics\u00bb m\u00e1s adelante). Usted puede controlar qu\u00e9 cookies, en su caso, se <a href=\"https:\/\/patientbloodmanagement.org\/es\/politica-de-cookies-del-ifpbm\/\">[&#8230;]<\/a><\/p>\n","protected":false},"author":1,"featured_media":0,"parent":0,"menu_order":0,"comment_status":"closed","ping_status":"closed","template":"","meta":{"footnotes":""},"class_list":["post-19320","page","type-page","status-publish","hentry"],"acf":[],"_links":{"self":[{"href":"https:\/\/patientbloodmanagement.org\/es\/wp-json\/wp\/v2\/pages\/19320","targetHints":{"allow":["GET"]}}],"collection":[{"href":"https:\/\/patientbloodmanagement.org\/es\/wp-json\/wp\/v2\/pages"}],"about":[{"href":"https:\/\/patientbloodmanagement.org\/es\/wp-json\/wp\/v2\/types\/page"}],"author":[{"embeddable":true,"href":"https:\/\/patientbloodmanagement.org\/es\/wp-json\/wp\/v2\/users\/1"}],"replies":[{"embeddable":true,"href":"https:\/\/patientbloodmanagement.org\/es\/wp-json\/wp\/v2\/comments?post=19320"}],"version-history":[{"count":1,"href":"https:\/\/patientbloodmanagement.org\/es\/wp-json\/wp\/v2\/pages\/19320\/revisions"}],"predecessor-version":[{"id":19324,"href":"https:\/\/patientbloodmanagement.org\/es\/wp-json\/wp\/v2\/pages\/19320\/revisions\/19324"}],"wp:attachment":[{"href":"https:\/\/patientbloodmanagement.org\/es\/wp-json\/wp\/v2\/media?parent=19320"}],"curies":[{"name":"wp","href":"https:\/\/api.w.org\/{rel}","templated":true}]}}