
{"id":19015,"date":"2023-04-25T10:59:22","date_gmt":"2023-04-25T10:59:22","guid":{"rendered":"https:\/\/patientbloodmanagement.org\/gracias-por-suscribirse-a-ifpbm-professional-resources\/"},"modified":"2024-03-28T06:19:29","modified_gmt":"2024-03-28T06:19:29","slug":"gracias-por-suscribirse-a-ifpbm-professional-resources","status":"publish","type":"page","link":"https:\/\/patientbloodmanagement.org\/es\/gracias-por-suscribirse-a-ifpbm-professional-resources\/","title":{"rendered":"\u00a1Gracias por suscribirse a IFPBM Professional Resources!"},"content":{"rendered":"\n<p><\/p>\n\n<h2 class=\"wp-block-heading\">Base de datos de art\u00edculos<\/h2>\n\n<p>Busque en una base de datos cada vez mayor de referencias de art\u00edculos por tema, nombre, fecha o especialidad. Con m\u00e1s de 5.000 referencias de art\u00edculos convenientemente organizadas para facilitar el acceso, se trata de un recurso \u00fanico para la gesti\u00f3n de la sangre de los pacientes.<\/p>\n\n<h2 class=\"wp-block-heading\">Videoteca<\/h2>\n\n<p>La videoteca del IFPBM es una biblioteca creciente de documentales did\u00e1cticos de f\u00e1cil comprensi\u00f3n. Transmitidos en l\u00ednea directamente a su navegador en alta definici\u00f3n, los v\u00eddeos presentan los conceptos de la gesti\u00f3n de la sangre del paciente, as\u00ed como m\u00e9todos espec\u00edficos utilizados en la gesti\u00f3n de la sangre del paciente. Sin duda, uno de los mejores recursos visuales a disposici\u00f3n de particulares e instituciones de todo el mundo.<\/p>\n\n<h2 class=\"wp-block-heading\">PBM Speakers Bureau<\/h2>\n\n<p>La Fundaci\u00f3n Internacional para la Gesti\u00f3n de la Sangre del Paciente gestiona una creciente red de ponentes l\u00edderes mundiales en el tema de la Gesti\u00f3n de la Sangre del Paciente. Los suscriptores pueden acceder a esta red y solicitar ponentes para conferencias, talleres o tutor\u00edas.<\/p>\n\n<h2 class=\"wp-block-heading\">Otros recursos<\/h2>\n\n<p>La IFPBM a\u00f1adir\u00e1 otros recursos para la gesti\u00f3n de la sangre de los pacientes en los pr\u00f3ximos meses, por lo que le rogamos que los consulte con regularidad.<\/p>\n","protected":false},"excerpt":{"rendered":"<p>Base de datos de art\u00edculos Busque en una base de datos cada vez mayor de referencias de art\u00edculos por tema, nombre, fecha o especialidad. Con m\u00e1s de 5.000 referencias de art\u00edculos convenientemente organizadas para facilitar el acceso, se trata de un recurso \u00fanico para la gesti\u00f3n de la sangre de los pacientes. Videoteca La videoteca <a href=\"https:\/\/patientbloodmanagement.org\/es\/gracias-por-suscribirse-a-ifpbm-professional-resources\/\">[&#8230;]<\/a><\/p>\n","protected":false},"author":1,"featured_media":0,"parent":0,"menu_order":0,"comment_status":"closed","ping_status":"closed","template":"","meta":{"footnotes":""},"class_list":["post-19015","page","type-page","status-publish","hentry"],"acf":[],"_links":{"self":[{"href":"https:\/\/patientbloodmanagement.org\/es\/wp-json\/wp\/v2\/pages\/19015","targetHints":{"allow":["GET"]}}],"collection":[{"href":"https:\/\/patientbloodmanagement.org\/es\/wp-json\/wp\/v2\/pages"}],"about":[{"href":"https:\/\/patientbloodmanagement.org\/es\/wp-json\/wp\/v2\/types\/page"}],"author":[{"embeddable":true,"href":"https:\/\/patientbloodmanagement.org\/es\/wp-json\/wp\/v2\/users\/1"}],"replies":[{"embeddable":true,"href":"https:\/\/patientbloodmanagement.org\/es\/wp-json\/wp\/v2\/comments?post=19015"}],"version-history":[{"count":1,"href":"https:\/\/patientbloodmanagement.org\/es\/wp-json\/wp\/v2\/pages\/19015\/revisions"}],"predecessor-version":[{"id":19022,"href":"https:\/\/patientbloodmanagement.org\/es\/wp-json\/wp\/v2\/pages\/19015\/revisions\/19022"}],"wp:attachment":[{"href":"https:\/\/patientbloodmanagement.org\/es\/wp-json\/wp\/v2\/media?parent=19015"}],"curies":[{"name":"wp","href":"https:\/\/api.w.org\/{rel}","templated":true}]}}