
{"id":18930,"date":"2023-05-18T08:18:16","date_gmt":"2023-05-18T08:18:16","guid":{"rendered":"https:\/\/patientbloodmanagement.org\/gestion-de-la-sangre-del-paciente-enlaces-recomendados\/"},"modified":"2024-03-28T06:17:20","modified_gmt":"2024-03-28T06:17:20","slug":"gestion-de-la-sangre-del-paciente-enlaces-recomendados","status":"publish","type":"page","link":"https:\/\/patientbloodmanagement.org\/es\/recursos-para-la-gestion-de-la-sangre-de-los-pacientes\/gestion-de-la-sangre-del-paciente-enlaces-recomendados\/","title":{"rendered":"Gesti\u00f3n de la sangre del paciente Enlaces recomendados"},"content":{"rendered":"\n<div style=\"height:71px\" aria-hidden=\"true\" class=\"wp-block-spacer\"><\/div>\n\n<p><strong>Organizaci\u00f3n Mundial de la Salud Gesti\u00f3n de la sangre del paciente Informe de pol\u00edtica<\/strong><\/p>\n\n<p><a href=\"https:\/\/www.who.int\/publications\/i\/item\/9789240035744\" target=\"_blank\" rel=\"noreferrer noopener\">https:\/\/www.who.int\/publications\/i\/item\/9789240035744<\/a><\/p>\n\n<div class=\"wp-block-kadence-spacer aligncenter kt-block-spacer-_8455c0-7e\"><div class=\"kt-block-spacer kt-block-spacer-halign-center\"><hr class=\"kt-divider\"><\/div><\/div>\n\n<div style=\"height:20px\" aria-hidden=\"true\" class=\"wp-block-spacer\"><\/div>\n\n<p><strong>Autoridad Nacional de la Sangre Australia<\/strong><\/p>\n\n<p><a href=\"http:\/\/www.blood.gov.au\/patient-blood-management\" target=\"_blank\" rel=\"noreferrer noopener\">http:\/\/www.blood.gov.au\/patient-blood-management<\/a><\/p>\n\n<p><a href=\"http:\/\/www.blood.gov.au\/pbm-guidelines\" target=\"_blank\" rel=\"noreferrer noopener\">http:\/\/www.blood.gov.au\/pbm-guidelines<\/a><\/p>\n\n<div class=\"wp-block-kadence-spacer aligncenter kt-block-spacer-_fb08e6-94\"><div class=\"kt-block-spacer kt-block-spacer-halign-center\"><hr class=\"kt-divider\"><\/div><\/div>\n\n<div style=\"height:20px\" aria-hidden=\"true\" class=\"wp-block-spacer\"><\/div>\n\n<p><strong>Sociedad para el Avance de la Gesti\u00f3n de la Sangre<\/strong><\/p>\n\n<p><a href=\"http:\/\/www.sabm.org\" target=\"_blank\" rel=\"noreferrer noopener\">http:\/\/www.sabm.org<\/a><\/p>\n\n<div class=\"wp-block-kadence-spacer aligncenter kt-block-spacer-_d8374e-2a\"><div class=\"kt-block-spacer kt-block-spacer-halign-center\"><hr class=\"kt-divider\"><\/div><\/div>\n\n<div style=\"height:20px\" aria-hidden=\"true\" class=\"wp-block-spacer\"><\/div>\n\n<p><strong>Red para el Avance de la Gesti\u00f3n Sangu\u00ednea del Paciente, Hemostasia y Trombosis<\/strong><\/p>\n\n<p><a href=\"http:\/\/www.nataonline.com\" target=\"_blank\" rel=\"noreferrer noopener\">http:\/\/www.nataonline.com<\/a><\/p>\n\n<div class=\"wp-block-kadence-spacer aligncenter kt-block-spacer-_f1fc7b-03\"><div class=\"kt-block-spacer kt-block-spacer-halign-center\"><hr class=\"kt-divider\"><\/div><\/div>\n\n<div style=\"height:20px\" aria-hidden=\"true\" class=\"wp-block-spacer\"><\/div>\n\n<p><strong>Comisi\u00f3n Australiana de Seguridad y Calidad en la Asistencia Sanitaria<\/strong><\/p>\n\n<p><a href=\"http:\/\/www.safetyandquality.gov.au\/national-priorities\/pbm-collaborative\/\" target=\"_blank\" rel=\"noreferrer noopener\">http:\/\/www.safetyandquality.gov.au\/national-priorities\/pbm-collaborative\/<\/a><\/p>\n\n<div class=\"wp-block-kadence-spacer aligncenter kt-block-spacer-_4d9d5a-3a\"><div class=\"kt-block-spacer kt-block-spacer-halign-center\"><hr class=\"kt-divider\"><\/div><\/div>\n\n<div style=\"height:20px\" aria-hidden=\"true\" class=\"wp-block-spacer\"><\/div>\n\n<p><strong>Comit\u00e9 Consultivo Profesional Conjunto de los Servicios de Transfusi\u00f3n de Sangre y Trasplante de Tejidos del Reino Unido (RU)<\/strong><\/p>\n\n<p><a href=\"http:\/\/www.transfusionguidelines.org.uk\/uk-transfusion-committees\/national-blood-transfusion-committee\/patient-blood-management\" target=\"_blank\" rel=\"noreferrer noopener\">http:\/\/www.transfusionguidelines.org.uk\/uk-transfusion-committees\/national-blood-transfusion-committee\/patient-blood-management<\/a><\/p>\n\n<div class=\"wp-block-kadence-spacer aligncenter kt-block-spacer-_fbd738-c7\"><div class=\"kt-block-spacer kt-block-spacer-halign-center\"><hr class=\"kt-divider\"><\/div><\/div>\n\n<div style=\"height:20px\" aria-hidden=\"true\" class=\"wp-block-spacer\"><\/div>\n\n<p><strong>Asociaci\u00f3n Americana de Bancos de Sangre (AABB)<\/strong><\/p>\n\n<p><a href=\"http:\/\/www.aabb.org\/pbm\/Pages\/default.aspx\" target=\"_blank\" rel=\"noreferrer noopener\">http:\/\/www.aabb.org\/pbm\/Pages\/default.aspx<\/a><\/p>\n\n<div class=\"wp-block-kadence-spacer aligncenter kt-block-spacer-_fea29c-00\"><div class=\"kt-block-spacer kt-block-spacer-halign-center\"><hr class=\"kt-divider\"><\/div><\/div>\n\n<div style=\"height:20px\" aria-hidden=\"true\" class=\"wp-block-spacer\"><\/div>\n\n<p><strong>Cl\u00ednica M\u00e9dica del Este de Maine (EMMC, Maine EE.UU.)<\/strong><\/p>\n\n<p><a href=\"http:\/\/www.emmc.org\/blood_management.aspx\" target=\"_blank\" rel=\"noreferrer noopener\">http:\/\/www.emmc.org\/blood_management.aspx<\/a><\/p>\n\n<div class=\"wp-block-kadence-spacer aligncenter kt-block-spacer-_92c4be-11\"><div class=\"kt-block-spacer kt-block-spacer-halign-center\"><hr class=\"kt-divider\"><\/div><\/div>\n\n<div style=\"height:20px\" aria-hidden=\"true\" class=\"wp-block-spacer\"><\/div>\n\n<p><strong>Hospital y Centro M\u00e9dico de Englewood (Nueva Jersey, EE.UU.)<\/strong><\/p>\n\n<p><a href=\"http:\/\/www.englewoodhospital.com\/ms_bloodless_home.asp\" target=\"_blank\" rel=\"noreferrer noopener\">http:\/\/www.englewoodhospital.com\/ms_bloodless_home.asp<\/a><\/p>\n\n<div class=\"wp-block-kadence-spacer aligncenter kt-block-spacer-_6f026d-59\"><div class=\"kt-block-spacer kt-block-spacer-halign-center\"><hr class=\"kt-divider\"><\/div><\/div>\n\n<div style=\"height:20px\" aria-hidden=\"true\" class=\"wp-block-spacer\"><\/div>\n\n<p><strong>Gu\u00eda europea de buenas pr\u00e1cticas para la gesti\u00f3n de la sangre de los pacientes (PBM)<\/strong><\/p>\n\n<p><a href=\"http:\/\/www.europe-pbm.eu\" target=\"_blank\" rel=\"noreferrer noopener\">http:\/\/www.europe-pbm.eu<\/a><\/p>\n\n<div class=\"wp-block-kadence-spacer aligncenter kt-block-spacer-_2e8916-4d\"><div class=\"kt-block-spacer kt-block-spacer-halign-center\"><hr class=\"kt-divider\"><\/div><\/div>\n\n<div style=\"height:20px\" aria-hidden=\"true\" class=\"wp-block-spacer\"><\/div>\n\n<p><strong>Evangelisches Klinikum Niederrhein gGmbH<\/strong><\/p>\n\n<p><a href=\"https:\/\/www.evkln.de\" target=\"_blank\" rel=\"noreferrer noopener\">https:\/\/www.evkln.de<\/a><\/p>\n\n<div class=\"wp-block-kadence-spacer aligncenter kt-block-spacer-_d04c7e-64\"><div class=\"kt-block-spacer kt-block-spacer-halign-center\"><hr class=\"kt-divider\"><\/div><\/div>\n\n<div style=\"height:20px\" aria-hidden=\"true\" class=\"wp-block-spacer\"><\/div>\n\n<p><strong>Deutsche Chirurgie-Stiftung<\/strong><\/p>\n\n<p><a href=\"http:\/\/www.chirurgiestiftung.de\" target=\"_blank\" rel=\"noreferrer noopener\">http:\/\/www.chirurgiestiftung.de<\/a><\/p>\n\n<div class=\"wp-block-kadence-spacer aligncenter kt-block-spacer-_f81c21-04\"><div class=\"kt-block-spacer kt-block-spacer-halign-center\"><hr class=\"kt-divider\"><\/div><\/div>\n\n<div style=\"height:20px\" aria-hidden=\"true\" class=\"wp-block-spacer\"><\/div>\n\n<p><strong>Grupo de trabajo sobre la anemia Portugal<\/strong><\/p>\n\n<p><a href=\"https:\/\/awgp.pt\" target=\"_blank\" rel=\"noreferrer noopener\">https:\/\/awgp.pt<\/a><\/p>\n\n<div class=\"wp-block-kadence-spacer aligncenter kt-block-spacer-_b057bb-6e\"><div class=\"kt-block-spacer kt-block-spacer-halign-center\"><hr class=\"kt-divider\"><\/div><\/div>\n\n<div style=\"height:20px\" aria-hidden=\"true\" class=\"wp-block-spacer\"><\/div>\n\n<p><strong>La sangre funciona: Gu\u00eda del propietario<\/strong><\/p>\n\n<p><a href=\"https:\/\/bloodworksbook.com\/\" target=\"_blank\" rel=\"noreferrer noopener\">https:\/\/bloodworksbook.com\/<\/a><\/p>\n\n<div class=\"wp-block-kadence-spacer aligncenter kt-block-spacer-_a3e1e9-28\"><div class=\"kt-block-spacer kt-block-spacer-halign-center\"><hr class=\"kt-divider\"><\/div><\/div>\n\n<p><strong>Sociedad Iberoamericana de Gesti\u00f3n Sangu\u00ednea de Pacientes<\/strong><\/p>\n\n<p><blockquote class=\"wp-embedded-content\" data-secret=\"PylJit1A9P\"><a href=\"https:\/\/siapbm.com\/\">Inicio<\/a><\/blockquote><iframe loading=\"lazy\" class=\"wp-embedded-content\" sandbox=\"allow-scripts\" security=\"restricted\" style=\"position: absolute; visibility: hidden;\" title=\"\u00abInicio\u00bb \u2014 SIAPBM\" src=\"https:\/\/siapbm.com\/embed\/#?secret=97wwlc1Jqw#?secret=PylJit1A9P\" data-secret=\"PylJit1A9P\" width=\"500\" height=\"282\" frameborder=\"0\" marginwidth=\"0\" marginheight=\"0\" scrolling=\"no\"><\/iframe><\/p>\n\n<div class=\"wp-block-kadence-spacer aligncenter kt-block-spacer-_0121f9-36\"><div class=\"kt-block-spacer kt-block-spacer-halign-center\"><hr class=\"kt-divider\"><\/div><\/div>\n","protected":false},"excerpt":{"rendered":"<p>Organizaci\u00f3n Mundial de la Salud Gesti\u00f3n de la sangre del paciente Informe de pol\u00edtica https:\/\/www.who.int\/publications\/i\/item\/9789240035744 Autoridad Nacional de la Sangre Australia http:\/\/www.blood.gov.au\/patient-blood-management http:\/\/www.blood.gov.au\/pbm-guidelines Sociedad para el Avance de la Gesti\u00f3n de la Sangre http:\/\/www.sabm.org Red para el Avance de la Gesti\u00f3n Sangu\u00ednea del Paciente, Hemostasia y Trombosis http:\/\/www.nataonline.com Comisi\u00f3n Australiana de Seguridad y Calidad en <a href=\"https:\/\/patientbloodmanagement.org\/es\/recursos-para-la-gestion-de-la-sangre-de-los-pacientes\/gestion-de-la-sangre-del-paciente-enlaces-recomendados\/\">[&#8230;]<\/a><\/p>\n","protected":false},"author":1,"featured_media":0,"parent":21089,"menu_order":0,"comment_status":"closed","ping_status":"closed","template":"text","meta":{"footnotes":""},"class_list":["post-18930","page","type-page","status-publish","hentry"],"acf":[],"_links":{"self":[{"href":"https:\/\/patientbloodmanagement.org\/es\/wp-json\/wp\/v2\/pages\/18930","targetHints":{"allow":["GET"]}}],"collection":[{"href":"https:\/\/patientbloodmanagement.org\/es\/wp-json\/wp\/v2\/pages"}],"about":[{"href":"https:\/\/patientbloodmanagement.org\/es\/wp-json\/wp\/v2\/types\/page"}],"author":[{"embeddable":true,"href":"https:\/\/patientbloodmanagement.org\/es\/wp-json\/wp\/v2\/users\/1"}],"replies":[{"embeddable":true,"href":"https:\/\/patientbloodmanagement.org\/es\/wp-json\/wp\/v2\/comments?post=18930"}],"version-history":[{"count":1,"href":"https:\/\/patientbloodmanagement.org\/es\/wp-json\/wp\/v2\/pages\/18930\/revisions"}],"predecessor-version":[{"id":18936,"href":"https:\/\/patientbloodmanagement.org\/es\/wp-json\/wp\/v2\/pages\/18930\/revisions\/18936"}],"up":[{"embeddable":true,"href":"https:\/\/patientbloodmanagement.org\/es\/wp-json\/wp\/v2\/pages\/21089"}],"wp:attachment":[{"href":"https:\/\/patientbloodmanagement.org\/es\/wp-json\/wp\/v2\/media?parent=18930"}],"curies":[{"name":"wp","href":"https:\/\/api.w.org\/{rel}","templated":true}]}}